{"id":6941,"date":"2026-01-18T18:09:39","date_gmt":"2026-01-18T17:09:39","guid":{"rendered":"https:\/\/www.marisavida.com\/?post_type=product&#038;p=6941"},"modified":"2026-01-18T18:09:39","modified_gmt":"2026-01-18T17:09:39","slug":"serum-regenerar-dmae-vitaminas-b3b5-15ml","status":"publish","type":"product","link":"https:\/\/www.marisavida.com\/?product=serum-regenerar-dmae-vitaminas-b3b5-15ml","title":{"rendered":"S\u00c9RUM REGENERAR \u2013 DMAE + Vitaminas B3+B5 (15ml)"},"content":{"rendered":"<p>S\u00c9RUM REGENERAR est\u00e1 formulado con DMAE y Vitaminas B3 y B5 para ayudar a revitalizar, regenerar y mejorar la apariencia general de la piel. Su combinaci\u00f3n de activos favorece una piel m\u00e1s firme, uniforme y con un aspecto renovado, ayudando a combatir los signos de cansancio y envejecimiento.<\/p>\n<p data-start=\"297\" data-end=\"665\" data-is-last-node=\"\" data-is-only-node=\"\">El DMAE contribuye a mejorar la tonicidad y elasticidad de la piel, mientras que la Vitamina B3 ayuda a unificar el tono y fortalecer la barrera cut\u00e1nea. La Vitamina B5 aporta hidrataci\u00f3n, suavidad y confort, dejando la piel m\u00e1s flexible y saludable. Su textura ligera y de r\u00e1pida absorci\u00f3n lo convierte en un s\u00e9rum ideal para el uso diario y para todo tipo de piel<\/p>\n<p>&nbsp;<\/p>\n","protected":false},"excerpt":{"rendered":"<p>S\u00c9RUM REGENERAR est\u00e1 formulado con DMAE y Vitaminas B3 y B5 para ayudar a revitalizar, regenerar y mejorar la apariencia general de la piel<\/p>\n","protected":false},"featured_media":6942,"comment_status":"open","ping_status":"closed","template":"","meta":[],"product_brand":[],"product_cat":[80],"product_tag":[],"class_list":{"0":"post-6941","1":"product","2":"type-product","3":"status-publish","4":"has-post-thumbnail","6":"product_cat-cosmetica-organica","7":"nt-post-class","8":"","17":"first","18":"instock","19":"shipping-taxable","20":"purchasable","21":"product-type-simple"},"_links":{"self":[{"href":"https:\/\/www.marisavida.com\/index.php?rest_route=\/wp\/v2\/product\/6941","targetHints":{"allow":["GET"]}}],"collection":[{"href":"https:\/\/www.marisavida.com\/index.php?rest_route=\/wp\/v2\/product"}],"about":[{"href":"https:\/\/www.marisavida.com\/index.php?rest_route=\/wp\/v2\/types\/product"}],"replies":[{"embeddable":true,"href":"https:\/\/www.marisavida.com\/index.php?rest_route=%2Fwp%2Fv2%2Fcomments&post=6941"}],"wp:featuredmedia":[{"embeddable":true,"href":"https:\/\/www.marisavida.com\/index.php?rest_route=\/wp\/v2\/media\/6942"}],"wp:attachment":[{"href":"https:\/\/www.marisavida.com\/index.php?rest_route=%2Fwp%2Fv2%2Fmedia&parent=6941"}],"wp:term":[{"taxonomy":"product_brand","embeddable":true,"href":"https:\/\/www.marisavida.com\/index.php?rest_route=%2Fwp%2Fv2%2Fproduct_brand&post=6941"},{"taxonomy":"product_cat","embeddable":true,"href":"https:\/\/www.marisavida.com\/index.php?rest_route=%2Fwp%2Fv2%2Fproduct_cat&post=6941"},{"taxonomy":"product_tag","embeddable":true,"href":"https:\/\/www.marisavida.com\/index.php?rest_route=%2Fwp%2Fv2%2Fproduct_tag&post=6941"}],"curies":[{"name":"wp","href":"https:\/\/api.w.org\/{rel}","templated":true}]}}