{"id":6938,"date":"2026-01-18T18:06:22","date_gmt":"2026-01-18T17:06:22","guid":{"rendered":"https:\/\/www.marisavida.com\/?post_type=product&#038;p=6938"},"modified":"2026-01-18T18:06:22","modified_gmt":"2026-01-18T17:06:22","slug":"serum-reafirmar-polipeptidos-centella-asiatica-cafeina-15ml","status":"publish","type":"product","link":"https:\/\/www.marisavida.com\/?product=serum-reafirmar-polipeptidos-centella-asiatica-cafeina-15ml","title":{"rendered":"S\u00c9RUM REAFIRMAR \u2013 Polip\u00e9ptidos + Centella Asi\u00e1tica + Cafe\u00edna (15ml)"},"content":{"rendered":"<p>S\u00c9RUM REAFIRMAR combina Polip\u00e9ptidos, Centella Asi\u00e1tica y Cafe\u00edna para ayudar a mejorar la firmeza y elasticidad de la piel, aportando un aspecto m\u00e1s tonificado y revitalizado. Su f\u00f3rmula avanzada estimula la apariencia de una piel m\u00e1s tersa y resistente, ayudando a suavizar los signos de flacidez.<\/p>\n<p data-start=\"303\" data-end=\"682\" data-is-last-node=\"\" data-is-only-node=\"\">Los Polip\u00e9ptidos contribuyen a reforzar la estructura de la piel, mientras que la Centella Asi\u00e1tica favorece la regeneraci\u00f3n y aporta sensaci\u00f3n de calma. La Cafe\u00edna ayuda a revitalizar y descongestionar el rostro, dejando la piel m\u00e1s firme, fresca y con una apariencia uniforme. Su textura ligera y de r\u00e1pida absorci\u00f3n lo hace ideal para el uso diario y para todo tipo de piel.<\/p>\n<p>&nbsp;<\/p>\n","protected":false},"excerpt":{"rendered":"<p>S\u00c9RUM REAFIRMAR combina Polip\u00e9ptidos, Centella Asi\u00e1tica y Cafe\u00edna para ayudar a mejorar la firmeza y elasticidad de la piel, aportando un aspecto m\u00e1s tonificado y revitalizado.<\/p>\n","protected":false},"featured_media":6939,"comment_status":"open","ping_status":"closed","template":"","meta":[],"product_brand":[],"product_cat":[80],"product_tag":[],"class_list":{"0":"post-6938","1":"product","2":"type-product","3":"status-publish","4":"has-post-thumbnail","6":"product_cat-cosmetica-organica","7":"nt-post-class","8":"","17":"first","18":"instock","19":"shipping-taxable","20":"purchasable","21":"product-type-simple"},"_links":{"self":[{"href":"https:\/\/www.marisavida.com\/index.php?rest_route=\/wp\/v2\/product\/6938","targetHints":{"allow":["GET"]}}],"collection":[{"href":"https:\/\/www.marisavida.com\/index.php?rest_route=\/wp\/v2\/product"}],"about":[{"href":"https:\/\/www.marisavida.com\/index.php?rest_route=\/wp\/v2\/types\/product"}],"replies":[{"embeddable":true,"href":"https:\/\/www.marisavida.com\/index.php?rest_route=%2Fwp%2Fv2%2Fcomments&post=6938"}],"wp:featuredmedia":[{"embeddable":true,"href":"https:\/\/www.marisavida.com\/index.php?rest_route=\/wp\/v2\/media\/6939"}],"wp:attachment":[{"href":"https:\/\/www.marisavida.com\/index.php?rest_route=%2Fwp%2Fv2%2Fmedia&parent=6938"}],"wp:term":[{"taxonomy":"product_brand","embeddable":true,"href":"https:\/\/www.marisavida.com\/index.php?rest_route=%2Fwp%2Fv2%2Fproduct_brand&post=6938"},{"taxonomy":"product_cat","embeddable":true,"href":"https:\/\/www.marisavida.com\/index.php?rest_route=%2Fwp%2Fv2%2Fproduct_cat&post=6938"},{"taxonomy":"product_tag","embeddable":true,"href":"https:\/\/www.marisavida.com\/index.php?rest_route=%2Fwp%2Fv2%2Fproduct_tag&post=6938"}],"curies":[{"name":"wp","href":"https:\/\/api.w.org\/{rel}","templated":true}]}}