{"id":6935,"date":"2026-01-18T18:02:50","date_gmt":"2026-01-18T17:02:50","guid":{"rendered":"https:\/\/www.marisavida.com\/?post_type=product&#038;p=6935"},"modified":"2026-01-18T18:02:50","modified_gmt":"2026-01-18T17:02:50","slug":"serum-proteger-vitamina-ce-acido-ferulico-extracto-de-granada-15ml","status":"publish","type":"product","link":"https:\/\/www.marisavida.com\/?product=serum-proteger-vitamina-ce-acido-ferulico-extracto-de-granada-15ml","title":{"rendered":"S\u00c9RUM PROTEGER \u2013 Vitamina C+E + \u00c1cido Fer\u00falico + Extracto de Granada (15ml)"},"content":{"rendered":"<p>S\u00c9RUM PROTEGER est\u00e1 formulado con Vitamina C y E, \u00c1cido Fer\u00falico y Extracto de Granada para ayudar a proteger la piel de los da\u00f1os causados por los radicales libres y las agresiones externas. Su potente acci\u00f3n antioxidante contribuye a mantener la piel m\u00e1s luminosa, uniforme y con un aspecto saludable.<\/p>\n<p data-start=\"307\" data-end=\"697\" data-is-last-node=\"\" data-is-only-node=\"\">La Vitamina C ayuda a iluminar y mejorar el tono de la piel, mientras que la Vitamina E y el \u00c1cido Fer\u00falico potencian la protecci\u00f3n antioxidante y ayudan a prevenir el envejecimiento prematuro. El Extracto de Granada aporta frescura y vitalidad, dejando la piel revitalizada y fortalecida. Su textura ligera y de r\u00e1pida absorci\u00f3n lo hace ideal para el uso diario y para todo tipo de piel.<\/p>\n<p>&nbsp;<\/p>\n<p>&nbsp;<\/p>\n","protected":false},"excerpt":{"rendered":"<p>S\u00c9RUM PROTEGER est\u00e1 formulado con Vitamina C y E, \u00c1cido Fer\u00falico y Extracto de Granada para ayudar a proteger la piel de los da\u00f1os causados por los radicales libres y las agresiones externas.<\/p>\n","protected":false},"featured_media":6936,"comment_status":"open","ping_status":"closed","template":"","meta":[],"product_brand":[],"product_cat":[80],"product_tag":[],"class_list":{"0":"post-6935","1":"product","2":"type-product","3":"status-publish","4":"has-post-thumbnail","6":"product_cat-cosmetica-organica","7":"nt-post-class","8":"","17":"first","18":"instock","19":"shipping-taxable","20":"purchasable","21":"product-type-simple"},"_links":{"self":[{"href":"https:\/\/www.marisavida.com\/index.php?rest_route=\/wp\/v2\/product\/6935","targetHints":{"allow":["GET"]}}],"collection":[{"href":"https:\/\/www.marisavida.com\/index.php?rest_route=\/wp\/v2\/product"}],"about":[{"href":"https:\/\/www.marisavida.com\/index.php?rest_route=\/wp\/v2\/types\/product"}],"replies":[{"embeddable":true,"href":"https:\/\/www.marisavida.com\/index.php?rest_route=%2Fwp%2Fv2%2Fcomments&post=6935"}],"wp:featuredmedia":[{"embeddable":true,"href":"https:\/\/www.marisavida.com\/index.php?rest_route=\/wp\/v2\/media\/6936"}],"wp:attachment":[{"href":"https:\/\/www.marisavida.com\/index.php?rest_route=%2Fwp%2Fv2%2Fmedia&parent=6935"}],"wp:term":[{"taxonomy":"product_brand","embeddable":true,"href":"https:\/\/www.marisavida.com\/index.php?rest_route=%2Fwp%2Fv2%2Fproduct_brand&post=6935"},{"taxonomy":"product_cat","embeddable":true,"href":"https:\/\/www.marisavida.com\/index.php?rest_route=%2Fwp%2Fv2%2Fproduct_cat&post=6935"},{"taxonomy":"product_tag","embeddable":true,"href":"https:\/\/www.marisavida.com\/index.php?rest_route=%2Fwp%2Fv2%2Fproduct_tag&post=6935"}],"curies":[{"name":"wp","href":"https:\/\/api.w.org\/{rel}","templated":true}]}}