{"id":6926,"date":"2026-01-18T17:45:33","date_gmt":"2026-01-18T16:45:33","guid":{"rendered":"https:\/\/www.marisavida.com\/?post_type=product&#038;p=6926"},"modified":"2026-01-18T17:45:34","modified_gmt":"2026-01-18T16:45:34","slug":"champu-anticaida-y-fortalecedor","status":"publish","type":"product","link":"https:\/\/www.marisavida.com\/?product=champu-anticaida-y-fortalecedor","title":{"rendered":"Champ\u00fa antica\u00edda y fortalecedor"},"content":{"rendered":"<div class=\"text-base my-auto mx-auto pb-10 [--thread-content-margin:--spacing(4)] @w-sm\/main:[--thread-content-margin:--spacing(6)] @w-lg\/main:[--thread-content-margin:--spacing(16)] px-(--thread-content-margin)\">\n<div class=\"[--thread-content-max-width:40rem] @w-lg\/main:[--thread-content-max-width:48rem] mx-auto max-w-(--thread-content-max-width) flex-1 group\/turn-messages focus-visible:outline-hidden relative flex w-full min-w-0 flex-col agent-turn\" tabindex=\"-1\">\n<div class=\"flex max-w-full flex-col grow\">\n<div class=\"min-h-8 text-message relative flex w-full flex-col items-end gap-2 text-start break-words whitespace-normal [.text-message+&amp;]:mt-1\" dir=\"auto\" data-message-author-role=\"assistant\" data-message-id=\"adf7645f-a78c-43cf-986a-749852be8b81\" data-message-model-slug=\"gpt-5-2\">\n<div class=\"flex w-full flex-col gap-1 empty:hidden first:pt-[1px]\">\n<div class=\"markdown prose dark:prose-invert w-full break-words light markdown-new-styling\">\n<p data-start=\"0\" data-end=\"313\">Champ\u00fa de cafe\u00edna y pi\u00f1a pensado para quienes buscan fortalecer su cabello desde la ra\u00edz de manera natural y efectiva. Gracias a la combinaci\u00f3n de ingredientes activos cuidadosamente seleccionados, este champ\u00fa ayuda a estimular el crecimiento capilar, reducir la ca\u00edda y mejorar visiblemente la salud del cabello.<\/p>\n<p data-start=\"315\" data-end=\"708\">La cafe\u00edna es conocida por su capacidad para activar la circulaci\u00f3n en el cuero cabelludo, lo que favorece la llegada de nutrientes esenciales a los fol\u00edculos pilosos. Este est\u00edmulo contribuye a prolongar la fase de crecimiento del cabello, ayudando a que crezca m\u00e1s fuerte y resistente. Adem\u00e1s, la cafe\u00edna ayuda a revitalizar el cuero cabelludo, aportando energ\u00eda a los fol\u00edculos debilitados.<\/p>\n<p data-start=\"710\" data-end=\"1078\">Por su parte, la pi\u00f1a es rica en vitaminas, antioxidantes y enzimas naturales que fortalecen la fibra capilar y mejoran su elasticidad. Sus propiedades ayudan a limpiar suavemente el cuero cabelludo, eliminando impurezas que pueden obstruir los poros y debilitar el crecimiento del cabello. Al mismo tiempo, aporta brillo, suavidad y una sensaci\u00f3n de frescura natural.<\/p>\n<p data-start=\"1080\" data-end=\"1416\">El uso constante del champ\u00fa de cafe\u00edna y pi\u00f1a ayuda a reducir la ca\u00edda del cabello asociada al quiebre y al debilitamiento, fortaleciendo cada hebra desde la ra\u00edz hasta las puntas. Su textura ligera es ideal para el uso diario y se adapta a todo tipo de cabello, especialmente aquellos que presentan ca\u00edda, falta de volumen o debilidad.<\/p>\n<p data-start=\"1418\" data-end=\"1759\" data-is-last-node=\"\" data-is-only-node=\"\">Incorporar este champ\u00fa en la rutina de cuidado capilar es una excelente opci\u00f3n para quienes desean un cabello m\u00e1s fuerte, con mayor densidad y un aspecto saludable. Con cada lavado, el cabello se siente m\u00e1s resistente, revitalizado y lleno de vida, reflejando los beneficios de una combinaci\u00f3n equilibrada entre naturaleza y cuidado capilar.<\/p>\n<\/div>\n<\/div>\n<\/div>\n<\/div>\n<\/div>\n<\/div>\n","protected":false},"excerpt":{"rendered":"<p>Champ\u00fa de cafe\u00edna y pi\u00f1a pensado para quienes buscan fortalecer su cabello desde la ra\u00edz de manera natural y efectiva.<\/p>\n","protected":false},"featured_media":6927,"comment_status":"open","ping_status":"closed","template":"","meta":[],"product_brand":[],"product_cat":[80],"product_tag":[],"class_list":{"0":"post-6926","1":"product","2":"type-product","3":"status-publish","4":"has-post-thumbnail","6":"product_cat-cosmetica-organica","7":"nt-post-class","8":"","17":"first","18":"instock","19":"shipping-taxable","20":"purchasable","21":"product-type-simple"},"_links":{"self":[{"href":"https:\/\/www.marisavida.com\/index.php?rest_route=\/wp\/v2\/product\/6926","targetHints":{"allow":["GET"]}}],"collection":[{"href":"https:\/\/www.marisavida.com\/index.php?rest_route=\/wp\/v2\/product"}],"about":[{"href":"https:\/\/www.marisavida.com\/index.php?rest_route=\/wp\/v2\/types\/product"}],"replies":[{"embeddable":true,"href":"https:\/\/www.marisavida.com\/index.php?rest_route=%2Fwp%2Fv2%2Fcomments&post=6926"}],"wp:featuredmedia":[{"embeddable":true,"href":"https:\/\/www.marisavida.com\/index.php?rest_route=\/wp\/v2\/media\/6927"}],"wp:attachment":[{"href":"https:\/\/www.marisavida.com\/index.php?rest_route=%2Fwp%2Fv2%2Fmedia&parent=6926"}],"wp:term":[{"taxonomy":"product_brand","embeddable":true,"href":"https:\/\/www.marisavida.com\/index.php?rest_route=%2Fwp%2Fv2%2Fproduct_brand&post=6926"},{"taxonomy":"product_cat","embeddable":true,"href":"https:\/\/www.marisavida.com\/index.php?rest_route=%2Fwp%2Fv2%2Fproduct_cat&post=6926"},{"taxonomy":"product_tag","embeddable":true,"href":"https:\/\/www.marisavida.com\/index.php?rest_route=%2Fwp%2Fv2%2Fproduct_tag&post=6926"}],"curies":[{"name":"wp","href":"https:\/\/api.w.org\/{rel}","templated":true}]}}