{"id":6922,"date":"2026-01-17T17:42:08","date_gmt":"2026-01-17T16:42:08","guid":{"rendered":"https:\/\/www.marisavida.com\/?post_type=product&#038;p=6922"},"modified":"2026-01-17T17:42:08","modified_gmt":"2026-01-17T16:42:08","slug":"serum-facial-coreano-con-te-verde","status":"publish","type":"product","link":"https:\/\/www.marisavida.com\/?product=serum-facial-coreano-con-te-verde","title":{"rendered":"Serum facial coreano con t\u00e9 verde"},"content":{"rendered":"<p>Serum facial coreano con t\u00e9 verde formulado para cuidar la piel en profundidad, aportando hidrataci\u00f3n, frescura y vitalidad. Gracias a las propiedades antioxidantes del t\u00e9 verde, ayuda a combatir los signos del envejecimiento, como las arrugas y la p\u00e9rdida de firmeza, mientras protege la piel del estr\u00e9s diario. Su textura ligera y de r\u00e1pida absorci\u00f3n deja el rostro m\u00e1s suave, terso y luminoso, mejorando visiblemente la elasticidad y la apariencia juvenil con el uso continuo. Puede usarse en la rutina facial diurna y nocturna y es apto para todo tipo de pieles.<\/p>\n","protected":false},"excerpt":{"rendered":"<p>Serum facial coreano con t\u00e9 verde formulado para cuidar la piel en profundidad, aportando hidrataci\u00f3n, frescura y vitalidad.<\/p>\n","protected":false},"featured_media":6923,"comment_status":"open","ping_status":"closed","template":"","meta":[],"product_brand":[],"product_cat":[80],"product_tag":[],"class_list":{"0":"post-6922","1":"product","2":"type-product","3":"status-publish","4":"has-post-thumbnail","6":"product_cat-cosmetica-organica","7":"nt-post-class","8":"","17":"first","18":"instock","19":"shipping-taxable","20":"purchasable","21":"product-type-simple"},"_links":{"self":[{"href":"https:\/\/www.marisavida.com\/index.php?rest_route=\/wp\/v2\/product\/6922","targetHints":{"allow":["GET"]}}],"collection":[{"href":"https:\/\/www.marisavida.com\/index.php?rest_route=\/wp\/v2\/product"}],"about":[{"href":"https:\/\/www.marisavida.com\/index.php?rest_route=\/wp\/v2\/types\/product"}],"replies":[{"embeddable":true,"href":"https:\/\/www.marisavida.com\/index.php?rest_route=%2Fwp%2Fv2%2Fcomments&post=6922"}],"wp:featuredmedia":[{"embeddable":true,"href":"https:\/\/www.marisavida.com\/index.php?rest_route=\/wp\/v2\/media\/6923"}],"wp:attachment":[{"href":"https:\/\/www.marisavida.com\/index.php?rest_route=%2Fwp%2Fv2%2Fmedia&parent=6922"}],"wp:term":[{"taxonomy":"product_brand","embeddable":true,"href":"https:\/\/www.marisavida.com\/index.php?rest_route=%2Fwp%2Fv2%2Fproduct_brand&post=6922"},{"taxonomy":"product_cat","embeddable":true,"href":"https:\/\/www.marisavida.com\/index.php?rest_route=%2Fwp%2Fv2%2Fproduct_cat&post=6922"},{"taxonomy":"product_tag","embeddable":true,"href":"https:\/\/www.marisavida.com\/index.php?rest_route=%2Fwp%2Fv2%2Fproduct_tag&post=6922"}],"curies":[{"name":"wp","href":"https:\/\/api.w.org\/{rel}","templated":true}]}}