{"id":6913,"date":"2026-01-17T17:26:37","date_gmt":"2026-01-17T16:26:37","guid":{"rendered":"https:\/\/www.marisavida.com\/?post_type=product&#038;p=6913"},"modified":"2026-01-17T17:26:37","modified_gmt":"2026-01-17T16:26:37","slug":"crema-facial-coreana-de-noche","status":"publish","type":"product","link":"https:\/\/www.marisavida.com\/?product=crema-facial-coreana-de-noche","title":{"rendered":"Crema facial coreana de noche"},"content":{"rendered":"<p>Crema facial coreana de noche con ceramidas y extracto de orqu\u00eddea<strong>,<\/strong> un tratamiento intensivo y casi milagroso que act\u00faa mientras duermes. Su f\u00f3rmula avanzada hidrata en profundidad, restaura la barrera de la piel y combate eficazmente los signos del envejecimiento, como arrugas, manchas y l\u00edneas de expresi\u00f3n. Al despertar, la piel luce m\u00e1s firme, luminosa y visiblemente rejuvenecida, con una sensaci\u00f3n suave y saludable.<\/p>\n","protected":false},"excerpt":{"rendered":"<p>Crema facial coreana de noche con ceramidas y extracto de orqu\u00eddea<strong>,<\/strong> un tratamiento intensivo y casi milagroso que act\u00faa mientras duermes.<\/p>\n","protected":false},"featured_media":6914,"comment_status":"open","ping_status":"closed","template":"","meta":[],"product_brand":[],"product_cat":[80],"product_tag":[],"class_list":{"0":"post-6913","1":"product","2":"type-product","3":"status-publish","4":"has-post-thumbnail","6":"product_cat-cosmetica-organica","7":"nt-post-class","8":"","17":"first","18":"instock","19":"shipping-taxable","20":"purchasable","21":"product-type-simple"},"_links":{"self":[{"href":"https:\/\/www.marisavida.com\/index.php?rest_route=\/wp\/v2\/product\/6913","targetHints":{"allow":["GET"]}}],"collection":[{"href":"https:\/\/www.marisavida.com\/index.php?rest_route=\/wp\/v2\/product"}],"about":[{"href":"https:\/\/www.marisavida.com\/index.php?rest_route=\/wp\/v2\/types\/product"}],"replies":[{"embeddable":true,"href":"https:\/\/www.marisavida.com\/index.php?rest_route=%2Fwp%2Fv2%2Fcomments&post=6913"}],"wp:featuredmedia":[{"embeddable":true,"href":"https:\/\/www.marisavida.com\/index.php?rest_route=\/wp\/v2\/media\/6914"}],"wp:attachment":[{"href":"https:\/\/www.marisavida.com\/index.php?rest_route=%2Fwp%2Fv2%2Fmedia&parent=6913"}],"wp:term":[{"taxonomy":"product_brand","embeddable":true,"href":"https:\/\/www.marisavida.com\/index.php?rest_route=%2Fwp%2Fv2%2Fproduct_brand&post=6913"},{"taxonomy":"product_cat","embeddable":true,"href":"https:\/\/www.marisavida.com\/index.php?rest_route=%2Fwp%2Fv2%2Fproduct_cat&post=6913"},{"taxonomy":"product_tag","embeddable":true,"href":"https:\/\/www.marisavida.com\/index.php?rest_route=%2Fwp%2Fv2%2Fproduct_tag&post=6913"}],"curies":[{"name":"wp","href":"https:\/\/api.w.org\/{rel}","templated":true}]}}