{"id":6909,"date":"2026-01-17T14:35:28","date_gmt":"2026-01-17T13:35:28","guid":{"rendered":"https:\/\/www.marisavida.com\/?post_type=product&#038;p=6909"},"modified":"2026-01-17T14:35:28","modified_gmt":"2026-01-17T13:35:28","slug":"crema-facial-coreana-de-dia","status":"publish","type":"product","link":"https:\/\/www.marisavida.com\/?product=crema-facial-coreana-de-dia","title":{"rendered":"Crema facial coreana de d\u00eda"},"content":{"rendered":"<p>Crema facial coreana de d\u00eda con protecci\u00f3n solar SPF 20 y vitamina C, ideal para el cuidado diario de la piel. Su f\u00f3rmula ayuda a prevenir y tratar los signos del envejecimiento, aportando luminosidad y firmeza. Act\u00faa suavizando la textura de la piel y difuminando l\u00edneas de expresi\u00f3n y arrugas, mientras protege frente a los da\u00f1os del sol. Deja el rostro hidratado, radiante y con un aspecto m\u00e1s joven.<\/p>\n<p>&nbsp;<\/p>\n<p>&nbsp;<\/p>\n","protected":false},"excerpt":{"rendered":"<p>Crema facial coreana de d\u00eda con protecci\u00f3n solar SPF 20 y vitamina C.<\/p>\n","protected":false},"featured_media":6910,"comment_status":"open","ping_status":"closed","template":"","meta":[],"product_brand":[],"product_cat":[80],"product_tag":[],"class_list":{"0":"post-6909","1":"product","2":"type-product","3":"status-publish","4":"has-post-thumbnail","6":"product_cat-cosmetica-organica","7":"nt-post-class","8":"","17":"first","18":"instock","19":"shipping-taxable","20":"purchasable","21":"product-type-simple"},"_links":{"self":[{"href":"https:\/\/www.marisavida.com\/index.php?rest_route=\/wp\/v2\/product\/6909","targetHints":{"allow":["GET"]}}],"collection":[{"href":"https:\/\/www.marisavida.com\/index.php?rest_route=\/wp\/v2\/product"}],"about":[{"href":"https:\/\/www.marisavida.com\/index.php?rest_route=\/wp\/v2\/types\/product"}],"replies":[{"embeddable":true,"href":"https:\/\/www.marisavida.com\/index.php?rest_route=%2Fwp%2Fv2%2Fcomments&post=6909"}],"wp:featuredmedia":[{"embeddable":true,"href":"https:\/\/www.marisavida.com\/index.php?rest_route=\/wp\/v2\/media\/6910"}],"wp:attachment":[{"href":"https:\/\/www.marisavida.com\/index.php?rest_route=%2Fwp%2Fv2%2Fmedia&parent=6909"}],"wp:term":[{"taxonomy":"product_brand","embeddable":true,"href":"https:\/\/www.marisavida.com\/index.php?rest_route=%2Fwp%2Fv2%2Fproduct_brand&post=6909"},{"taxonomy":"product_cat","embeddable":true,"href":"https:\/\/www.marisavida.com\/index.php?rest_route=%2Fwp%2Fv2%2Fproduct_cat&post=6909"},{"taxonomy":"product_tag","embeddable":true,"href":"https:\/\/www.marisavida.com\/index.php?rest_route=%2Fwp%2Fv2%2Fproduct_tag&post=6909"}],"curies":[{"name":"wp","href":"https:\/\/api.w.org\/{rel}","templated":true}]}}