{"id":6756,"date":"2025-08-22T15:06:29","date_gmt":"2025-08-22T13:06:29","guid":{"rendered":"https:\/\/www.marisavida.com\/?post_type=product&#038;p=6756"},"modified":"2025-08-24T00:09:49","modified_gmt":"2025-08-23T22:09:49","slug":"serum-rosa-mosqueta","status":"publish","type":"product","link":"https:\/\/www.marisavida.com\/?product=serum-rosa-mosqueta","title":{"rendered":"SERUM ROSA MOSQUETA"},"content":{"rendered":"<p data-start=\"0\" data-end=\"345\">El s\u00e9rum de aceite de rosa mosqueta es un verdadero aliado para el cuidado diario de la piel del rostro gracias a su alta concentraci\u00f3n de \u00e1cidos grasos esenciales, antioxidantes y vitaminas como la A, C y E. Usarlo todos los d\u00edas ayuda a nutrir profundamente la piel, favoreciendo su regeneraci\u00f3n natural y manteni\u00e9ndola saludable y luminosa.<\/p>\n<p data-start=\"347\" data-end=\"725\">Una de sus principales virtudes es su poder regenerador: estimula la producci\u00f3n de col\u00e1geno y elastina, lo que contribuye a mejorar la firmeza y elasticidad de la piel. Por eso, es ideal para prevenir y atenuar arrugas finas, marcas de acn\u00e9 y peque\u00f1as cicatrices. Adem\u00e1s, su acci\u00f3n antioxidante protege frente a los radicales libres, responsables del envejecimiento prematuro.<\/p>\n<p data-start=\"727\" data-end=\"1051\">El uso diario del s\u00e9rum de rosa mosqueta tambi\u00e9n ayuda a unificar el tono de la piel, reduciendo manchas y mejorando la textura, a la vez que proporciona una hidrataci\u00f3n profunda sin dejar sensaci\u00f3n grasa. Su f\u00f3rmula natural lo convierte en un producto apto para la mayor\u00eda de los tipos de piel, incluso las m\u00e1s sensibles.<\/p>\n<p data-start=\"1053\" data-end=\"1301\">Incorporarlo en la rutina facial, aplic\u00e1ndolo despu\u00e9s de la limpieza y antes de la crema hidratante, potencia los resultados y asegura que la piel reciba todos sus beneficios. Con la constancia, el rostro se ve m\u00e1s radiante, suave y rejuvenecido.<\/p>\n<p>Modo de empleo: Una vez que hayas lavado y secado tu cara apl\u00edcalo suavemente masajeando en direcci\u00f3n ascendente, despu\u00e9s aplica tu crema hidratante. Aunque este serum se puede utilizar en tu rutina facial diurna y nocturna hay que puntualizar que en la diurna\u00a0 es muy importante el uso de protecci\u00f3n solar.<\/p>\n","protected":false},"excerpt":{"rendered":"<p>Usar cada d\u00eda un s\u00e9rum de aceite de rosa mosqueta no solo embellece la piel en el presente, sino que tambi\u00e9n la protege y fortalece para el futuro.<\/p>\n","protected":false},"featured_media":6764,"comment_status":"open","ping_status":"closed","template":"","meta":[],"product_brand":[],"product_cat":[80],"product_tag":[],"class_list":{"0":"post-6756","1":"product","2":"type-product","3":"status-publish","4":"has-post-thumbnail","6":"product_cat-cosmetica-organica","7":"nt-post-class","8":"","17":"first","18":"instock","19":"shipping-taxable","20":"purchasable","21":"product-type-simple"},"_links":{"self":[{"href":"https:\/\/www.marisavida.com\/index.php?rest_route=\/wp\/v2\/product\/6756","targetHints":{"allow":["GET"]}}],"collection":[{"href":"https:\/\/www.marisavida.com\/index.php?rest_route=\/wp\/v2\/product"}],"about":[{"href":"https:\/\/www.marisavida.com\/index.php?rest_route=\/wp\/v2\/types\/product"}],"replies":[{"embeddable":true,"href":"https:\/\/www.marisavida.com\/index.php?rest_route=%2Fwp%2Fv2%2Fcomments&post=6756"}],"wp:featuredmedia":[{"embeddable":true,"href":"https:\/\/www.marisavida.com\/index.php?rest_route=\/wp\/v2\/media\/6764"}],"wp:attachment":[{"href":"https:\/\/www.marisavida.com\/index.php?rest_route=%2Fwp%2Fv2%2Fmedia&parent=6756"}],"wp:term":[{"taxonomy":"product_brand","embeddable":true,"href":"https:\/\/www.marisavida.com\/index.php?rest_route=%2Fwp%2Fv2%2Fproduct_brand&post=6756"},{"taxonomy":"product_cat","embeddable":true,"href":"https:\/\/www.marisavida.com\/index.php?rest_route=%2Fwp%2Fv2%2Fproduct_cat&post=6756"},{"taxonomy":"product_tag","embeddable":true,"href":"https:\/\/www.marisavida.com\/index.php?rest_route=%2Fwp%2Fv2%2Fproduct_tag&post=6756"}],"curies":[{"name":"wp","href":"https:\/\/api.w.org\/{rel}","templated":true}]}}