{"id":6753,"date":"2025-08-22T15:00:18","date_gmt":"2025-08-22T13:00:18","guid":{"rendered":"https:\/\/www.marisavida.com\/?post_type=product&#038;p=6753"},"modified":"2025-08-30T07:08:31","modified_gmt":"2025-08-30T05:08:31","slug":"serum-de-acido-hialuronico","status":"publish","type":"product","link":"https:\/\/www.marisavida.com\/?product=serum-de-acido-hialuronico","title":{"rendered":"SERUM DE ACIDO"},"content":{"rendered":"<p data-start=\"0\" data-end=\"335\">El s\u00e9rum de \u00e1cido hialur\u00f3nico se ha convertido en uno de los productos m\u00e1s recomendados dentro de las rutinas de cuidado facial, y no es casualidad. Usarlo a diario aporta m\u00faltiples beneficios a la piel del rostro, ya que este ingrediente tiene la capacidad de retener grandes cantidades de agua, manteni\u00e9ndola hidratada y saludable.<\/p>\n<p data-start=\"337\" data-end=\"708\">La hidrataci\u00f3n es clave para prevenir la sequedad, la descamaci\u00f3n y la sensaci\u00f3n de tirantez. Una piel bien hidratada luce m\u00e1s luminosa, suave y flexible. Adem\u00e1s, el uso constante del s\u00e9rum de \u00e1cido hialur\u00f3nico ayuda a disminuir la apariencia de l\u00edneas de expresi\u00f3n y arrugas finas, ya que favorece el relleno natural de la piel, d\u00e1ndole un aspecto m\u00e1s terso y juvenil.<\/p>\n<p data-start=\"710\" data-end=\"1077\">Otro punto importante es que este activo es apto para todo tipo de pieles, incluso las grasas o sensibles, ya que no obstruye los poros y es de textura ligera. Al aplicarlo diariamente, preferiblemente despu\u00e9s de la limpieza facial y antes de la crema hidratante, se optimiza la absorci\u00f3n de la humedad y se potencia la eficacia del resto de productos de la rutina.<\/p>\n<p>Modo de empleo: Una vez que hayas lavado y secado tu cara apl\u00edcalo suavemente masajeando en direcci\u00f3n ascendente, despu\u00e9s aplica tu crema hidratante. Aunque este serum se puede utilizar en tu rutina facial diurna y nocturna hay que puntualizar que en la diurna\u00a0 es muy importante el uso de protecci\u00f3n solar.<\/p>\n<p data-start=\"1079\" data-end=\"1359\">\n","protected":false},"excerpt":{"rendered":"<p>Incorporar un s\u00e9rum de \u00e1cido hialur\u00f3nico a la rutina diaria no solo mejora la hidrataci\u00f3n inmediata de la piel, sino que tambi\u00e9n contribuye a mantener su elasticidad, frescura y salud a largo plazo, convirti\u00e9ndose en un aliado fundamental para el cuidado del rostro.<\/p>\n","protected":false},"featured_media":6754,"comment_status":"open","ping_status":"closed","template":"","meta":[],"product_brand":[],"product_cat":[80],"product_tag":[],"class_list":{"0":"post-6753","1":"product","2":"type-product","3":"status-publish","4":"has-post-thumbnail","6":"product_cat-cosmetica-organica","7":"nt-post-class","8":"","17":"first","18":"instock","19":"shipping-taxable","20":"purchasable","21":"product-type-simple"},"_links":{"self":[{"href":"https:\/\/www.marisavida.com\/index.php?rest_route=\/wp\/v2\/product\/6753","targetHints":{"allow":["GET"]}}],"collection":[{"href":"https:\/\/www.marisavida.com\/index.php?rest_route=\/wp\/v2\/product"}],"about":[{"href":"https:\/\/www.marisavida.com\/index.php?rest_route=\/wp\/v2\/types\/product"}],"replies":[{"embeddable":true,"href":"https:\/\/www.marisavida.com\/index.php?rest_route=%2Fwp%2Fv2%2Fcomments&post=6753"}],"wp:featuredmedia":[{"embeddable":true,"href":"https:\/\/www.marisavida.com\/index.php?rest_route=\/wp\/v2\/media\/6754"}],"wp:attachment":[{"href":"https:\/\/www.marisavida.com\/index.php?rest_route=%2Fwp%2Fv2%2Fmedia&parent=6753"}],"wp:term":[{"taxonomy":"product_brand","embeddable":true,"href":"https:\/\/www.marisavida.com\/index.php?rest_route=%2Fwp%2Fv2%2Fproduct_brand&post=6753"},{"taxonomy":"product_cat","embeddable":true,"href":"https:\/\/www.marisavida.com\/index.php?rest_route=%2Fwp%2Fv2%2Fproduct_cat&post=6753"},{"taxonomy":"product_tag","embeddable":true,"href":"https:\/\/www.marisavida.com\/index.php?rest_route=%2Fwp%2Fv2%2Fproduct_tag&post=6753"}],"curies":[{"name":"wp","href":"https:\/\/api.w.org\/{rel}","templated":true}]}}