{"id":6747,"date":"2025-08-22T14:52:18","date_gmt":"2025-08-22T12:52:18","guid":{"rendered":"https:\/\/www.marisavida.com\/?post_type=product&#038;p=6747"},"modified":"2025-08-22T14:52:18","modified_gmt":"2025-08-22T12:52:18","slug":"serum-vitamina-c","status":"publish","type":"product","link":"https:\/\/www.marisavida.com\/?product=serum-vitamina-c","title":{"rendered":"SERUM VITAMINA C"},"content":{"rendered":"<article class=\"text-token-text-primary w-full focus:outline-none scroll-mt-[calc(var(--header-height)+min(200px,max(70px,20svh)))]\" dir=\"auto\" tabindex=\"-1\" data-turn-id=\"request-WEB:96cc7a90-fe35-4d4b-9d49-4cffc6edc6bc-0\" data-testid=\"conversation-turn-2\" data-scroll-anchor=\"false\" data-turn=\"assistant\">\n<div class=\"text-base my-auto mx-auto [--thread-content-margin:--spacing(4)] @[37rem]:[--thread-content-margin:--spacing(6)] @[72rem]:[--thread-content-margin:--spacing(16)] px-(--thread-content-margin)\">\n<div class=\"[--thread-content-max-width:32rem] @[34rem]:[--thread-content-max-width:40rem] @[64rem]:[--thread-content-max-width:48rem] mx-auto max-w-(--thread-content-max-width) flex-1 group\/turn-messages focus-visible:outline-hidden relative flex w-full min-w-0 flex-col agent-turn\" tabindex=\"-1\">\n<div class=\"flex max-w-full flex-col grow\">\n<div class=\"min-h-8 text-message relative flex w-full flex-col items-end gap-2 text-start break-words whitespace-normal [.text-message+&amp;]:mt-5\" dir=\"auto\" data-message-author-role=\"assistant\" data-message-id=\"8d488251-de16-443f-ac4d-7c1820877b17\" data-message-model-slug=\"gpt-5\">\n<div class=\"flex w-full flex-col gap-1 empty:hidden first:pt-[3px]\">\n<div class=\"markdown prose dark:prose-invert w-full break-words light markdown-new-styling\">\n<p data-start=\"37\" data-end=\"356\">El uso diario de un s\u00e9rum de vitamina C en el rostro ofrece m\u00faltiples beneficios para la salud y apariencia de la piel. Este potente antioxidante ayuda a neutralizar los radicales libres, responsables del envejecimiento prematuro, protegiendo as\u00ed frente a los da\u00f1os causados por la contaminaci\u00f3n y la radiaci\u00f3n solar.<\/p>\n<p data-start=\"358\" data-end=\"632\">Adem\u00e1s, la vitamina C estimula la producci\u00f3n natural de col\u00e1geno, lo que contribuye a mantener la piel m\u00e1s firme, el\u00e1stica y con menos arrugas finas. Su acci\u00f3n iluminadora tambi\u00e9n unifica el tono, reduciendo manchas oscuras y aportando un aspecto m\u00e1s radiante y saludable.<\/p>\n<p data-start=\"634\" data-end=\"868\">Otro beneficio es su capacidad para mejorar la textura de la piel, haci\u00e9ndola m\u00e1s suave y tersa con el uso constante. Al combinarlo con protector solar durante el d\u00eda, se potencia su eficacia preventiva contra el fotoenvejecimiento.<\/p>\n<p data-start=\"870\" data-end=\"1079\">En resumen, incorporar un s\u00e9rum de vitamina C en la rutina diaria de cuidado facial es una inversi\u00f3n en luminosidad, firmeza y protecci\u00f3n, favoreciendo una piel m\u00e1s joven, uniforme y saludable a largo plazo.<\/p>\n<p data-start=\"1086\" data-end=\"1231\" data-is-last-node=\"\" data-is-only-node=\"\">Modo de empleo: Una vez que hayas lavado y secado tu cara apl\u00edcalo suavemente masajeando en direcci\u00f3n ascendente, despu\u00e9s aplica tu crema hidratante. Aunque este serum se puede utilizar en tu rutina facial diurna y nocturna hay que puntualizar que en la diurna\u00a0 es muy importante el uso de protecci\u00f3n solar.<\/p>\n<\/div>\n<\/div>\n<\/div>\n<\/div>\n<\/div>\n<\/div>\n<\/article>\n","protected":false},"excerpt":{"rendered":"<article class=\"text-token-text-primary w-full focus:outline-none scroll-mt-[calc(var(--header-height)+min(200px,max(70px,20svh)))]\" dir=\"auto\" tabindex=\"-1\" data-turn-id=\"request-WEB:96cc7a90-fe35-4d4b-9d49-4cffc6edc6bc-0\" data-testid=\"conversation-turn-2\" data-scroll-anchor=\"false\" data-turn=\"assistant\">\n<div class=\"text-base my-auto mx-auto [--thread-content-margin:--spacing(4)] @[37rem]:[--thread-content-margin:--spacing(6)] @[72rem]:[--thread-content-margin:--spacing(16)] px-(--thread-content-margin)\">\n<div class=\"[--thread-content-max-width:32rem] @[34rem]:[--thread-content-max-width:40rem] @[64rem]:[--thread-content-max-width:48rem] mx-auto max-w-(--thread-content-max-width) flex-1 group\/turn-messages focus-visible:outline-hidden relative flex w-full min-w-0 flex-col agent-turn\" tabindex=\"-1\">\n<div class=\"flex min-h-[46px] justify-start\">El s\u00e9rum de vitamina C protege la piel del da\u00f1o ambiental, ilumina el rostro y unifica el tono al reducir manchas y dar m\u00e1s vitalidad. Adem\u00e1s, estimula la producci\u00f3n de col\u00e1geno, lo que ayuda a mantener la piel firme, suave y con un aspecto m\u00e1s joven.<\/div>\n<\/div>\n<\/div>\n<\/article>\n","protected":false},"featured_media":6748,"comment_status":"open","ping_status":"closed","template":"","meta":[],"product_brand":[],"product_cat":[80],"product_tag":[],"class_list":{"0":"post-6747","1":"product","2":"type-product","3":"status-publish","4":"has-post-thumbnail","6":"product_cat-cosmetica-organica","7":"nt-post-class","8":"","17":"first","18":"instock","19":"shipping-taxable","20":"purchasable","21":"product-type-simple"},"_links":{"self":[{"href":"https:\/\/www.marisavida.com\/index.php?rest_route=\/wp\/v2\/product\/6747","targetHints":{"allow":["GET"]}}],"collection":[{"href":"https:\/\/www.marisavida.com\/index.php?rest_route=\/wp\/v2\/product"}],"about":[{"href":"https:\/\/www.marisavida.com\/index.php?rest_route=\/wp\/v2\/types\/product"}],"replies":[{"embeddable":true,"href":"https:\/\/www.marisavida.com\/index.php?rest_route=%2Fwp%2Fv2%2Fcomments&post=6747"}],"wp:featuredmedia":[{"embeddable":true,"href":"https:\/\/www.marisavida.com\/index.php?rest_route=\/wp\/v2\/media\/6748"}],"wp:attachment":[{"href":"https:\/\/www.marisavida.com\/index.php?rest_route=%2Fwp%2Fv2%2Fmedia&parent=6747"}],"wp:term":[{"taxonomy":"product_brand","embeddable":true,"href":"https:\/\/www.marisavida.com\/index.php?rest_route=%2Fwp%2Fv2%2Fproduct_brand&post=6747"},{"taxonomy":"product_cat","embeddable":true,"href":"https:\/\/www.marisavida.com\/index.php?rest_route=%2Fwp%2Fv2%2Fproduct_cat&post=6747"},{"taxonomy":"product_tag","embeddable":true,"href":"https:\/\/www.marisavida.com\/index.php?rest_route=%2Fwp%2Fv2%2Fproduct_tag&post=6747"}],"curies":[{"name":"wp","href":"https:\/\/api.w.org\/{rel}","templated":true}]}}