{"id":6736,"date":"2025-08-22T13:36:33","date_gmt":"2025-08-22T11:36:33","guid":{"rendered":"https:\/\/www.marisavida.com\/?post_type=product&#038;p=6736"},"modified":"2025-08-22T13:37:52","modified_gmt":"2025-08-22T11:37:52","slug":"nueces-peladas","status":"publish","type":"product","link":"https:\/\/www.marisavida.com\/?product=nueces-peladas","title":{"rendered":"NUECES PELADAS"},"content":{"rendered":"<article class=\"text-token-text-primary w-full focus:outline-none scroll-mt-[calc(var(--header-height)+min(200px,max(70px,20svh)))]\" dir=\"auto\" tabindex=\"-1\" data-turn-id=\"request-WEB:caac3dd2-19ac-46b8-a8a0-acf0c455939d-1\" data-testid=\"conversation-turn-4\" data-scroll-anchor=\"false\" data-turn=\"assistant\">\n<div class=\"text-base my-auto mx-auto [--thread-content-margin:--spacing(4)] @[37rem]:[--thread-content-margin:--spacing(6)] @[72rem]:[--thread-content-margin:--spacing(16)] px-(--thread-content-margin)\">\n<div class=\"[--thread-content-max-width:32rem] @[34rem]:[--thread-content-max-width:40rem] @[64rem]:[--thread-content-max-width:48rem] mx-auto max-w-(--thread-content-max-width) flex-1 group\/turn-messages focus-visible:outline-hidden relative flex w-full min-w-0 flex-col agent-turn\" tabindex=\"-1\">\n<div class=\"flex max-w-full flex-col grow\">\n<div class=\"min-h-8 text-message relative flex w-full flex-col items-end gap-2 text-start break-words whitespace-normal [.text-message+&amp;]:mt-5\" dir=\"auto\" data-message-author-role=\"assistant\" data-message-id=\"c1cb40d9-c66e-4510-beb2-256cbb39b25d\" data-message-model-slug=\"gpt-5\">\n<div class=\"flex w-full flex-col gap-1 empty:hidden first:pt-[3px]\">\n<div class=\"markdown prose dark:prose-invert w-full break-words light markdown-new-styling\">\n<h2 data-start=\"64\" data-end=\"126\">La importancia de consumir nueces del altiplano granadino<\/h2>\n<p data-start=\"128\" data-end=\"430\">Las nueces son uno de los frutos secos m\u00e1s completos y beneficiosos para la salud, y cuando provienen del altiplano granadino, su calidad se potencia gracias a las condiciones \u00fanicas de este territorio: clima seco, gran altitud y suelos ricos que favorecen un cultivo sostenible y de excelente sabor.<\/p>\n<h3 data-start=\"432\" data-end=\"462\">Beneficios de las nueces<\/h3>\n<ul data-start=\"463\" data-end=\"899\">\n<li data-start=\"463\" data-end=\"574\">\n<p data-start=\"465\" data-end=\"574\">Ricas en \u00e1cidos grasos omega-3: ayudan a cuidar el coraz\u00f3n, regulan el colesterol y mejoran la circulaci\u00f3n.<\/p>\n<\/li>\n<li data-start=\"575\" data-end=\"687\">\n<p data-start=\"577\" data-end=\"687\">Fuente de prote\u00ednas y minerales: aportan energ\u00eda de manera saludable, adem\u00e1s de magnesio, f\u00f3sforo y potasio.<\/p>\n<\/li>\n<li data-start=\"688\" data-end=\"796\">\n<p data-start=\"690\" data-end=\"796\">Poder antioxidante: sus vitaminas, especialmente la vitamina E, protegen las c\u00e9lulas del envejecimiento.<\/p>\n<\/li>\n<li data-start=\"797\" data-end=\"899\">\n<p data-start=\"799\" data-end=\"899\">Mejora cognitiva: consumir nueces con regularidad se asocia con una mejor memoria y concentraci\u00f3n.<\/p>\n<\/li>\n<\/ul>\n<h3 data-start=\"901\" data-end=\"931\">Un superalimento cercano<\/h3>\n<p data-start=\"932\" data-end=\"1242\">Incorporar un pu\u00f1ado de nueces al d\u00eda es una forma sencilla de mejorar la dieta. Adem\u00e1s, al elegir las cultivadas en el altiplano granadino, no solo se apuesta por la salud personal, sino tambi\u00e9n por la sostenibilidad y el apoyo a agricultores locales que mantienen viva una tradici\u00f3n agr\u00edcola de gran valor.<\/p>\n<p data-start=\"1244\" data-end=\"1352\">En definitiva, las nueces son un superalimento natural que combina nutrici\u00f3n, sabor y arraigo territorial.<\/p>\n<\/div>\n<\/div>\n<\/div>\n<\/div>\n<\/div>\n<\/div>\n<\/article>\n","protected":false},"excerpt":{"rendered":"<p>Las nueces del altiplano granadino son un alimento de gran calidad, rico en omega-3, prote\u00ednas, minerales y antioxidantes que favorecen la salud del coraz\u00f3n, la memoria y la energ\u00eda diaria. Consumirlas significa cuidar el bienestar personal mientras se apoya a la agricultura local y sostenible de la regi\u00f3n.<\/p>\n<p>Tarrina 200gr<\/p>\n","protected":false},"featured_media":6737,"comment_status":"open","ping_status":"closed","template":"","meta":[],"product_brand":[],"product_cat":[79],"product_tag":[],"class_list":{"0":"post-6736","1":"product","2":"type-product","3":"status-publish","4":"has-post-thumbnail","6":"product_cat-alimentacion","7":"nt-post-class","8":"","17":"first","18":"instock","19":"shipping-taxable","20":"purchasable","21":"product-type-simple"},"_links":{"self":[{"href":"https:\/\/www.marisavida.com\/index.php?rest_route=\/wp\/v2\/product\/6736","targetHints":{"allow":["GET"]}}],"collection":[{"href":"https:\/\/www.marisavida.com\/index.php?rest_route=\/wp\/v2\/product"}],"about":[{"href":"https:\/\/www.marisavida.com\/index.php?rest_route=\/wp\/v2\/types\/product"}],"replies":[{"embeddable":true,"href":"https:\/\/www.marisavida.com\/index.php?rest_route=%2Fwp%2Fv2%2Fcomments&post=6736"}],"wp:featuredmedia":[{"embeddable":true,"href":"https:\/\/www.marisavida.com\/index.php?rest_route=\/wp\/v2\/media\/6737"}],"wp:attachment":[{"href":"https:\/\/www.marisavida.com\/index.php?rest_route=%2Fwp%2Fv2%2Fmedia&parent=6736"}],"wp:term":[{"taxonomy":"product_brand","embeddable":true,"href":"https:\/\/www.marisavida.com\/index.php?rest_route=%2Fwp%2Fv2%2Fproduct_brand&post=6736"},{"taxonomy":"product_cat","embeddable":true,"href":"https:\/\/www.marisavida.com\/index.php?rest_route=%2Fwp%2Fv2%2Fproduct_cat&post=6736"},{"taxonomy":"product_tag","embeddable":true,"href":"https:\/\/www.marisavida.com\/index.php?rest_route=%2Fwp%2Fv2%2Fproduct_tag&post=6736"}],"curies":[{"name":"wp","href":"https:\/\/api.w.org\/{rel}","templated":true}]}}