{"id":6723,"date":"2025-08-21T15:46:24","date_gmt":"2025-08-21T13:46:24","guid":{"rendered":"https:\/\/www.marisavida.com\/?post_type=product&#038;p=6723"},"modified":"2025-08-21T16:23:08","modified_gmt":"2025-08-21T14:23:08","slug":"almendras-ecologicas-tostadas-con-sal-200-gr","status":"publish","type":"product","link":"https:\/\/www.marisavida.com\/?product=almendras-ecologicas-tostadas-con-sal-200-gr","title":{"rendered":"ALMENDRAS  ECOL\u00d3GICAS"},"content":{"rendered":"<article class=\"text-token-text-primary w-full focus:outline-none scroll-mt-[calc(var(--header-height)+min(200px,max(70px,20svh)))]\" dir=\"auto\" tabindex=\"-1\" data-turn-id=\"request-WEB:2fd566f3-c986-46cb-ad9a-f5ec2ce2b02b-2\" data-testid=\"conversation-turn-6\" data-scroll-anchor=\"false\" data-turn=\"assistant\">\n<div class=\"text-base my-auto mx-auto [--thread-content-margin:--spacing(4)] @[37rem]:[--thread-content-margin:--spacing(6)] @[72rem]:[--thread-content-margin:--spacing(16)] px-(--thread-content-margin)\">\n<div class=\"[--thread-content-max-width:32rem] @[34rem]:[--thread-content-max-width:40rem] @[64rem]:[--thread-content-max-width:48rem] mx-auto max-w-(--thread-content-max-width) flex-1 group\/turn-messages focus-visible:outline-hidden relative flex w-full min-w-0 flex-col agent-turn\" tabindex=\"-1\">\n<div class=\"flex max-w-full flex-col grow\">\n<div class=\"min-h-8 text-message relative flex w-full flex-col items-end gap-2 text-start break-words whitespace-normal [.text-message+&amp;]:mt-5\" dir=\"auto\" data-message-author-role=\"assistant\" data-message-id=\"b2957e0a-faf5-4508-8e5e-fb08b5e4fc48\" data-message-model-slug=\"gpt-5\">\n<div class=\"flex w-full flex-col gap-1 empty:hidden first:pt-[3px]\">\n<div class=\"markdown prose dark:prose-invert w-full break-words light markdown-new-styling\">\n<p data-start=\"0\" data-end=\"524\">Las almendras tostadas son un alimento con un gran valor nutricional y cada vez m\u00e1s personas las incluyen en su dieta diaria por sus m\u00faltiples beneficios. Aportan prote\u00ednas vegetales, grasas saludables, fibra, vitaminas del grupo B y minerales como calcio, magnesio y hierro, esenciales para mantener la energ\u00eda y cuidar la salud del coraz\u00f3n, los huesos y el sistema nervioso. Adem\u00e1s, su contenido en antioxidantes ayuda a proteger las c\u00e9lulas del envejecimiento prematuro y fortalece las defensas naturales del organismo.<\/p>\n<p data-start=\"526\" data-end=\"977\">M\u00e1s all\u00e1 de sus cualidades nutritivas, es importante destacar el origen de las almendras. Las que provienen del Altiplano Granadino cuentan con un valor a\u00f1adido, ya que son cultivadas en una zona \u00fanica, de suelos f\u00e9rtiles y clima especial, lo que potencia su sabor y calidad. Su producci\u00f3n ecol\u00f3gica garantiza que no se utilicen pesticidas ni qu\u00edmicos da\u00f1inos, respetando tanto la salud de quienes las consumen como el equilibrio del medio ambiente.<\/p>\n<p data-start=\"979\" data-end=\"1291\" data-is-last-node=\"\" data-is-only-node=\"\">Consumir almendras tostadas ecol\u00f3gicas del Altiplano Granadino significa disfrutar de un alimento sano, sabroso y sostenible, que apoya la agricultura local y cuida el planeta al mismo tiempo. Incorporarlas como snack o en diferentes recetas es una manera natural y deliciosa de mejorar la alimentaci\u00f3n diaria.<\/p>\n<\/div>\n<\/div>\n<\/div>\n<\/div>\n<\/div>\n<\/div>\n<\/article>\n<article class=\"text-token-text-primary w-full focus:outline-none scroll-mt-[calc(var(--header-height)+min(200px,max(70px,20svh)))]\" dir=\"auto\" tabindex=\"-1\" data-turn-id=\"request-WEB:2fd566f3-c986-46cb-ad9a-f5ec2ce2b02b-3\" data-testid=\"conversation-turn-8\" data-scroll-anchor=\"true\" data-turn=\"assistant\">\n<div class=\"text-base my-auto mx-auto pb-10 [--thread-content-margin:--spacing(4)] @[37rem]:[--thread-content-margin:--spacing(6)] @[72rem]:[--thread-content-margin:--spacing(16)] px-(--thread-content-margin)\">\n<div class=\"[--thread-content-max-width:32rem] @[34rem]:[--thread-content-max-width:40rem] @[64rem]:[--thread-content-max-width:48rem] mx-auto max-w-(--thread-content-max-width) flex-1 group\/turn-messages focus-visible:outline-hidden relative flex w-full min-w-0 flex-col agent-turn\" tabindex=\"-1\">\n<div class=\"flex max-w-full flex-col grow\">\n<div class=\"min-h-8 text-message relative flex w-full flex-col items-end gap-2 text-start break-words whitespace-normal [.text-message+&amp;]:mt-5\" dir=\"auto\" data-message-author-role=\"assistant\" data-message-id=\"ad92e19d-a6c1-46d4-8f40-44cb596ac738\" data-message-model-slug=\"gpt-5\">\n<div class=\"flex w-full flex-col gap-1 empty:hidden first:pt-[3px]\">\n<div class=\"markdown prose dark:prose-invert w-full break-words light markdown-new-styling\">\n<p data-start=\"0\" data-end=\"292\" data-is-last-node=\"\" data-is-only-node=\"\">\n<\/div>\n<\/div>\n<\/div>\n<\/div>\n<\/div>\n<\/div>\n<\/article>\n","protected":false},"excerpt":{"rendered":"<p>Almendras ecol\u00f3gicas tostadas con sal.<\/p>\n<p>200 gr.<\/p>\n<p>Las almendras tostadas ecol\u00f3gicas del Altiplano Granadino son una fuente natural de prote\u00ednas, grasas saludables, minerales y antioxidantes que favorecen la salud y la energ\u00eda. Su cultivo sostenible garantiza un producto de gran calidad, respetuoso con el medio ambiente y con un sabor \u00fanico.<\/p>\n","protected":false},"featured_media":6725,"comment_status":"open","ping_status":"closed","template":"","meta":[],"product_brand":[],"product_cat":[79],"product_tag":[],"class_list":{"0":"post-6723","1":"product","2":"type-product","3":"status-publish","4":"has-post-thumbnail","6":"product_cat-alimentacion","7":"nt-post-class","8":"","17":"first","18":"instock","19":"shipping-taxable","20":"purchasable","21":"product-type-simple"},"_links":{"self":[{"href":"https:\/\/www.marisavida.com\/index.php?rest_route=\/wp\/v2\/product\/6723","targetHints":{"allow":["GET"]}}],"collection":[{"href":"https:\/\/www.marisavida.com\/index.php?rest_route=\/wp\/v2\/product"}],"about":[{"href":"https:\/\/www.marisavida.com\/index.php?rest_route=\/wp\/v2\/types\/product"}],"replies":[{"embeddable":true,"href":"https:\/\/www.marisavida.com\/index.php?rest_route=%2Fwp%2Fv2%2Fcomments&post=6723"}],"wp:featuredmedia":[{"embeddable":true,"href":"https:\/\/www.marisavida.com\/index.php?rest_route=\/wp\/v2\/media\/6725"}],"wp:attachment":[{"href":"https:\/\/www.marisavida.com\/index.php?rest_route=%2Fwp%2Fv2%2Fmedia&parent=6723"}],"wp:term":[{"taxonomy":"product_brand","embeddable":true,"href":"https:\/\/www.marisavida.com\/index.php?rest_route=%2Fwp%2Fv2%2Fproduct_brand&post=6723"},{"taxonomy":"product_cat","embeddable":true,"href":"https:\/\/www.marisavida.com\/index.php?rest_route=%2Fwp%2Fv2%2Fproduct_cat&post=6723"},{"taxonomy":"product_tag","embeddable":true,"href":"https:\/\/www.marisavida.com\/index.php?rest_route=%2Fwp%2Fv2%2Fproduct_tag&post=6723"}],"curies":[{"name":"wp","href":"https:\/\/api.w.org\/{rel}","templated":true}]}}