{"id":6720,"date":"2025-08-21T15:39:56","date_gmt":"2025-08-21T13:39:56","guid":{"rendered":"https:\/\/www.marisavida.com\/?post_type=product&#038;p=6720"},"modified":"2025-09-13T19:21:36","modified_gmt":"2025-09-13T17:21:36","slug":"isofos-menopausia","status":"publish","type":"product","link":"https:\/\/www.marisavida.com\/?product=isofos-menopausia","title":{"rendered":"ISOFOS (Menopausia)"},"content":{"rendered":"<div class=\"flex max-w-full flex-col grow\">\n<div class=\"min-h-8 text-message relative flex w-full flex-col items-end gap-2 text-start break-words whitespace-normal [.text-message+&amp;]:mt-5\" dir=\"auto\" data-message-author-role=\"assistant\" data-message-id=\"4744d23b-db75-41bb-b887-f02c6ea00f74\" data-message-model-slug=\"gpt-5\">\n<div class=\"flex w-full flex-col gap-1 empty:hidden first:pt-[3px]\">\n<div class=\"markdown prose dark:prose-invert w-full break-words light markdown-new-styling\">\n<p data-start=\"0\" data-end=\"451\">La etapa de la menopausia suele venir acompa\u00f1ada de cambios f\u00edsicos y emocionales que pueden afectar la calidad de vida, como los sofocos, la irritabilidad, los cambios en el sue\u00f1o o la disminuci\u00f3n de la energ\u00eda. Una alternativa natural para sobrellevar estos s\u00edntomas es la mezcla de ra\u00edz de cimic\u00edfuga, ang\u00e9lica, borraja, maca y tr\u00e9bol rojo, plantas tradicionalmente utilizadas por sus beneficios en el equilibrio hormonal y el bienestar femenino.<\/p>\n<p data-start=\"0\" data-end=\"451\"><strong>Ingredientes (por dos c\u00e1psulas)<\/strong>:<\/p>\n<ul>\n<li data-start=\"0\" data-end=\"451\">Vitamina E acetato 16 mg\n<ul>\n<li data-start=\"0\" data-end=\"451\">Vitamina E 8 mg<\/li>\n<\/ul>\n<\/li>\n<li>Vitamina B6 2,8 mg<\/li>\n<li>Extracto seco de ang\u00e9lica 240 mg\n<ul>\n<li>1%ligust\u00edlidos 2,4 mg<\/li>\n<\/ul>\n<\/li>\n<li>Extracto seco de borraja 160 mg<\/li>\n<li>Extracto seco de cimic\u00edfuga 160 mg\n<ul>\n<li>2,5% gluc\u00f3sidos triterp\u00e9nicos 4 mg<\/li>\n<\/ul>\n<\/li>\n<li>Extracto seco de tr\u00e9bol rojo 160 mg\n<ul>\n<li>8%isoflavonas 12,8 mg<\/li>\n<\/ul>\n<\/li>\n<li>Extracto seco de maca 140 mg<\/li>\n<\/ul>\n<p><strong>Beneficios:<\/strong><\/p>\n<p data-start=\"453\" data-end=\"881\">La ra\u00edz de cimic\u00edfuga se ha usado para disminuir los sofocos y la sudoraci\u00f3n nocturna. La ang\u00e9lica apoya la circulaci\u00f3n y aporta sensaci\u00f3n de calma. La borraja contribuye con \u00e1cidos grasos esenciales que favorecen la salud de la piel y el equilibrio hormonal. La maca es reconocida por mejorar la vitalidad, la energ\u00eda y el estado de \u00e1nimo. El tr\u00e9bol rojo, rico en isoflavonas, act\u00faa como un regulador natural de las hormonas.<\/p>\n<p data-start=\"883\" data-end=\"1091\" data-is-last-node=\"\" data-is-only-node=\"\">Cuando se combinan, estos ingredientes forman un apoyo integral que ayuda a transitar la menopausia de manera m\u00e1s llevadera, ofreciendo alivio a los s\u00edntomas y favoreciendo una sensaci\u00f3n de bienestar general.<\/p>\n<\/div>\n<\/div>\n<\/div>\n<\/div>\n<div class=\"flex min-h-[46px] justify-start\"><strong>Modo de empleo:<\/strong><\/div>\n<div>Tomar dos c\u00e1psulas despu\u00e9s de una comida.<\/div>\n<div class=\"mt-3 w-full empty:hidden\">\n<div class=\"text-center\">\n<div>\n<div class=\"inline-flex border border-gray-100 dark:border-gray-700 rounded-xl\">\n<div class=\"text-token-text-secondary flex items-center justify-center gap-4 px-4 py-2.5 text-sm whitespace-nowrap\"><\/div>\n<\/div>\n<\/div>\n<\/div>\n<\/div>\n","protected":false},"excerpt":{"rendered":"<div class=\"flex max-w-full flex-col grow\">\n<div class=\"min-h-8 text-message relative flex w-full flex-col items-end gap-2 text-start break-words whitespace-normal [.text-message+&amp;]:mt-5\" dir=\"auto\" data-message-author-role=\"assistant\" data-message-id=\"90e24b91-a0b8-463e-868a-ce05e47d4269\" data-message-model-slug=\"gpt-5\">\n<div class=\"flex w-full flex-col gap-1 empty:hidden first:pt-[3px]\">\n<div class=\"markdown prose dark:prose-invert w-full break-words light markdown-new-styling\">\n<p data-start=\"0\" data-end=\"443\" data-is-last-node=\"\" data-is-only-node=\"\">La combinaci\u00f3n de ra\u00edz de cimic\u00edfuga, ang\u00e9lica, borraja, maca y tr\u00e9bol rojo puede ser una ayuda natural para aliviar los s\u00edntomas de la menopausia. Estos ingredientes aportan compuestos que apoyan el equilibrio hormonal, ayudan a reducir los sofocos, mejoran el estado de \u00e1nimo y favorecen el bienestar general. Al trabajar en conjunto, contribuyen a que esta etapa de la vida se viva con m\u00e1s comodidad y energ\u00eda, de manera natural y segura.<\/p>\n<\/div>\n<\/div>\n<\/div>\n<\/div>\n<div class=\"flex min-h-[46px] justify-start\"><\/div>\n","protected":false},"featured_media":6721,"comment_status":"open","ping_status":"closed","template":"","meta":[],"product_brand":[],"product_cat":[77],"product_tag":[],"class_list":{"0":"post-6720","1":"product","2":"type-product","3":"status-publish","4":"has-post-thumbnail","6":"product_cat-nutricion-celular","7":"nt-post-class","8":"","17":"first","18":"instock","19":"shipping-taxable","20":"purchasable","21":"product-type-simple"},"_links":{"self":[{"href":"https:\/\/www.marisavida.com\/index.php?rest_route=\/wp\/v2\/product\/6720","targetHints":{"allow":["GET"]}}],"collection":[{"href":"https:\/\/www.marisavida.com\/index.php?rest_route=\/wp\/v2\/product"}],"about":[{"href":"https:\/\/www.marisavida.com\/index.php?rest_route=\/wp\/v2\/types\/product"}],"replies":[{"embeddable":true,"href":"https:\/\/www.marisavida.com\/index.php?rest_route=%2Fwp%2Fv2%2Fcomments&post=6720"}],"wp:featuredmedia":[{"embeddable":true,"href":"https:\/\/www.marisavida.com\/index.php?rest_route=\/wp\/v2\/media\/6721"}],"wp:attachment":[{"href":"https:\/\/www.marisavida.com\/index.php?rest_route=%2Fwp%2Fv2%2Fmedia&parent=6720"}],"wp:term":[{"taxonomy":"product_brand","embeddable":true,"href":"https:\/\/www.marisavida.com\/index.php?rest_route=%2Fwp%2Fv2%2Fproduct_brand&post=6720"},{"taxonomy":"product_cat","embeddable":true,"href":"https:\/\/www.marisavida.com\/index.php?rest_route=%2Fwp%2Fv2%2Fproduct_cat&post=6720"},{"taxonomy":"product_tag","embeddable":true,"href":"https:\/\/www.marisavida.com\/index.php?rest_route=%2Fwp%2Fv2%2Fproduct_tag&post=6720"}],"curies":[{"name":"wp","href":"https:\/\/api.w.org\/{rel}","templated":true}]}}