{"id":6717,"date":"2025-08-20T13:27:59","date_gmt":"2025-08-20T11:27:59","guid":{"rendered":"https:\/\/www.marisavida.com\/?post_type=product&#038;p=6717"},"modified":"2025-08-20T13:27:59","modified_gmt":"2025-08-20T11:27:59","slug":"ginkgo-biloba","status":"publish","type":"product","link":"https:\/\/www.marisavida.com\/?product=ginkgo-biloba","title":{"rendered":"GINKGO BILOBA"},"content":{"rendered":"<article class=\"text-token-text-primary w-full focus:outline-none scroll-mt-[calc(var(--header-height)+min(200px,max(70px,20svh)))]\" dir=\"auto\" tabindex=\"-1\" data-turn-id=\"request-WEB:a27d95a7-1dd2-43eb-8911-baa2c88f1c7b-1\" data-testid=\"conversation-turn-4\" data-scroll-anchor=\"false\" data-turn=\"assistant\">\n<div class=\"text-base my-auto mx-auto [--thread-content-margin:--spacing(4)] @[37rem]:[--thread-content-margin:--spacing(6)] @[72rem]:[--thread-content-margin:--spacing(16)] px-(--thread-content-margin)\">\n<div class=\"[--thread-content-max-width:32rem] @[34rem]:[--thread-content-max-width:40rem] @[64rem]:[--thread-content-max-width:48rem] mx-auto max-w-(--thread-content-max-width) flex-1 group\/turn-messages focus-visible:outline-hidden relative flex w-full min-w-0 flex-col agent-turn\" tabindex=\"-1\">\n<div class=\"flex max-w-full flex-col grow\">\n<div class=\"min-h-8 text-message relative flex w-full flex-col items-end gap-2 text-start break-words whitespace-normal [.text-message+&amp;]:mt-5\" dir=\"auto\" data-message-author-role=\"assistant\" data-message-id=\"634adb56-e296-44c6-a3bb-cd4252cd5b7e\" data-message-model-slug=\"gpt-5\">\n<div class=\"flex w-full flex-col gap-1 empty:hidden first:pt-[3px]\">\n<div class=\"markdown prose dark:prose-invert w-full break-words light markdown-new-styling\">\n<p>El ginkgo biloba en c\u00e1psulas mejora la memoria, la concentraci\u00f3n y la circulaci\u00f3n gracias a sus potentes antioxidantes y principios activos estandarizados. Su formato pr\u00e1ctico asegura una dosis constante y eficaz, convirti\u00e9ndolo en una forma segura y c\u00f3moda de aprovechar sus beneficios.<\/p>\n<p><strong>Ingredientes (por c\u00e1psula):<\/strong><\/p>\n<ul>\n<li data-start=\"103\" data-end=\"152\">\u00a0Ginkgo biloba en polvo 400 mg\n<ul>\n<li data-start=\"103\" data-end=\"152\">0,9% flavonoides 3,6 mg<\/li>\n<\/ul>\n<\/li>\n<li>Extracto seco de ginkgo biloba: 200 mg\n<ul>\n<li>24% gluc\u00f3sidos de flavona 48 mg<\/li>\n<li>6% ginkg\u00f3lidos (lactonas terp\u00e9nicas) 12mg<\/li>\n<\/ul>\n<\/li>\n<\/ul>\n<p><strong>Beneficios:<\/strong><\/p>\n<p data-start=\"154\" data-end=\"468\">El <strong data-start=\"157\" data-end=\"174\">ginkgo biloba<\/strong> es una de las plantas medicinales m\u00e1s reconocidas por sus efectos positivos en la memoria, la concentraci\u00f3n y la circulaci\u00f3n sangu\u00ednea. Sus hojas contienen potentes antioxidantes que ayudan a proteger las c\u00e9lulas del envejecimiento prematuro y a mejorar el flujo de ox\u00edgeno hacia el cerebro.<\/p>\n<p data-start=\"470\" data-end=\"850\">Si bien existen diferentes formas de consumirlo, las <strong data-start=\"523\" data-end=\"552\">c\u00e1psulas de ginkgo biloba<\/strong> se han convertido en la opci\u00f3n m\u00e1s pr\u00e1ctica y segura. Al estar estandarizadas, garantizan una dosis constante de sus principios activos, algo dif\u00edcil de lograr con infusiones o extractos caseros. Esto asegura que el organismo reciba la cantidad adecuada para aprovechar realmente sus beneficios.<\/p>\n<p data-start=\"852\" data-end=\"893\">Entre sus principales aportes destacan:<\/p>\n<ul data-start=\"894\" data-end=\"1240\">\n<li data-start=\"894\" data-end=\"977\">\n<p data-start=\"896\" data-end=\"977\"><strong data-start=\"896\" data-end=\"934\">Apoyo a la memoria y concentraci\u00f3n<\/strong>, \u00fatil en estudiantes y personas mayores.<\/p>\n<\/li>\n<li data-start=\"978\" data-end=\"1078\">\n<p data-start=\"980\" data-end=\"1078\"><strong data-start=\"980\" data-end=\"1018\">Mejora de la circulaci\u00f3n sangu\u00ednea<\/strong>, que puede ayudar en casos de piernas cansadas o varices.<\/p>\n<\/li>\n<li data-start=\"1079\" data-end=\"1165\">\n<p data-start=\"1081\" data-end=\"1165\"><strong data-start=\"1081\" data-end=\"1104\">Efecto antioxidante<\/strong>, protegiendo las c\u00e9lulas del da\u00f1o de los radicales libres.<\/p>\n<\/li>\n<li data-start=\"1166\" data-end=\"1240\">\n<p data-start=\"1168\" data-end=\"1240\"><strong data-start=\"1168\" data-end=\"1199\">Alivio de mareos y tinnitus<\/strong> asociados con problemas circulatorios.<\/p>\n<\/li>\n<\/ul>\n<p data-start=\"1242\" data-end=\"1427\">Tomar ginkgo biloba en c\u00e1psulas tambi\u00e9n ofrece mayor comodidad: se transportan f\u00e1cilmente, no requieren preparaci\u00f3n y su absorci\u00f3n suele ser m\u00e1s eficiente que en otras presentaciones.<\/p>\n<p data-start=\"1429\" data-end=\"1698\"><strong>Modo de empleo:<\/strong><\/p>\n<p data-start=\"1429\" data-end=\"1698\">Tomar 1 c\u00e1psula despu\u00e9s de una comida.<\/p>\n<\/div>\n<\/div>\n<\/div>\n<\/div>\n<\/div>\n<\/div>\n<\/article>\n<article class=\"text-token-text-primary w-full focus:outline-none scroll-mt-[calc(var(--header-height)+min(200px,max(70px,20svh)))]\" dir=\"auto\" tabindex=\"-1\" data-turn-id=\"request-WEB:a27d95a7-1dd2-43eb-8911-baa2c88f1c7b-2\" data-testid=\"conversation-turn-6\" data-scroll-anchor=\"true\" data-turn=\"assistant\">\n<div class=\"text-base my-auto mx-auto pb-10 [--thread-content-margin:--spacing(4)] @[37rem]:[--thread-content-margin:--spacing(6)] @[72rem]:[--thread-content-margin:--spacing(16)] px-(--thread-content-margin)\">\n<div class=\"[--thread-content-max-width:32rem] @[34rem]:[--thread-content-max-width:40rem] @[64rem]:[--thread-content-max-width:48rem] mx-auto max-w-(--thread-content-max-width) flex-1 group\/turn-messages focus-visible:outline-hidden relative flex w-full min-w-0 flex-col agent-turn\" tabindex=\"-1\">\n<div class=\"flex max-w-full flex-col grow\">\n<div class=\"min-h-8 text-message relative flex w-full flex-col items-end gap-2 text-start break-words whitespace-normal [.text-message+&amp;]:mt-5\" dir=\"auto\" data-message-author-role=\"assistant\" data-message-id=\"c32ea45d-c186-47bc-9e7e-0950b56cc969\" data-message-model-slug=\"gpt-5\">\n<div class=\"flex w-full flex-col gap-1 empty:hidden first:pt-[3px]\">\n<div class=\"markdown prose dark:prose-invert w-full break-words light markdown-new-styling\">\n<p data-start=\"0\" data-end=\"291\" data-is-last-node=\"\" data-is-only-node=\"\">\n<\/div>\n<\/div>\n<\/div>\n<\/div>\n<\/div>\n<\/div>\n<\/article>\n","protected":false},"excerpt":{"rendered":"<p>El ginkgo biloba en c\u00e1psulas mejora la memoria, la concentraci\u00f3n y la circulaci\u00f3n gracias a sus potentes antioxidantes y principios activos estandarizados. Su formato pr\u00e1ctico asegura una dosis constante y eficaz, convirti\u00e9ndolo en una forma segura y c\u00f3moda de aprovechar sus beneficios.<\/p>\n","protected":false},"featured_media":6718,"comment_status":"open","ping_status":"closed","template":"","meta":[],"product_brand":[],"product_cat":[77],"product_tag":[],"class_list":{"0":"post-6717","1":"product","2":"type-product","3":"status-publish","4":"has-post-thumbnail","6":"product_cat-nutricion-celular","7":"nt-post-class","8":"","17":"first","18":"instock","19":"shipping-taxable","20":"purchasable","21":"product-type-simple"},"_links":{"self":[{"href":"https:\/\/www.marisavida.com\/index.php?rest_route=\/wp\/v2\/product\/6717","targetHints":{"allow":["GET"]}}],"collection":[{"href":"https:\/\/www.marisavida.com\/index.php?rest_route=\/wp\/v2\/product"}],"about":[{"href":"https:\/\/www.marisavida.com\/index.php?rest_route=\/wp\/v2\/types\/product"}],"replies":[{"embeddable":true,"href":"https:\/\/www.marisavida.com\/index.php?rest_route=%2Fwp%2Fv2%2Fcomments&post=6717"}],"wp:featuredmedia":[{"embeddable":true,"href":"https:\/\/www.marisavida.com\/index.php?rest_route=\/wp\/v2\/media\/6718"}],"wp:attachment":[{"href":"https:\/\/www.marisavida.com\/index.php?rest_route=%2Fwp%2Fv2%2Fmedia&parent=6717"}],"wp:term":[{"taxonomy":"product_brand","embeddable":true,"href":"https:\/\/www.marisavida.com\/index.php?rest_route=%2Fwp%2Fv2%2Fproduct_brand&post=6717"},{"taxonomy":"product_cat","embeddable":true,"href":"https:\/\/www.marisavida.com\/index.php?rest_route=%2Fwp%2Fv2%2Fproduct_cat&post=6717"},{"taxonomy":"product_tag","embeddable":true,"href":"https:\/\/www.marisavida.com\/index.php?rest_route=%2Fwp%2Fv2%2Fproduct_tag&post=6717"}],"curies":[{"name":"wp","href":"https:\/\/api.w.org\/{rel}","templated":true}]}}