{"id":6704,"date":"2025-08-19T15:32:43","date_gmt":"2025-08-19T13:32:43","guid":{"rendered":"https:\/\/www.marisavida.com\/?post_type=product&#038;p=6704"},"modified":"2025-08-19T15:35:35","modified_gmt":"2025-08-19T13:35:35","slug":"champu-de-cuidado-diario","status":"publish","type":"product","link":"https:\/\/www.marisavida.com\/?product=champu-de-cuidado-diario","title":{"rendered":"CHAMP\u00da DE CUIDADO DIARIO"},"content":{"rendered":"<p>El champ\u00fa natural de uso diario para todo tipo de cabellos de Oma Gertrude refuerza y ayuda a combatir la ca\u00edda del cabello gracias al Romero Bio y la Manzanilla Bio, adem\u00e1s limpia y nutre suavemente el cabello realzando su brillo natural.<\/p>\n<p><strong>Elaborado con:<\/strong><\/p>\n<p>&#8211; Aceite de Romero<span class=\"apple-converted-space\">\u00a0Bio:\u00a0<\/span>Es rico en vitamina A, C y B y \u00e1cidos grasos esenciales y aceites esenciales que nutren el cabello.<\/p>\n<p>&#8211; Extracto de Manzanilla<span class=\"apple-converted-space\"> Bio:\u00a0<\/span>Contiene caroteno, flavonoides y \u00e1cidos org\u00e1nicos. Tiene un efecto antis\u00e9ptico en el cuero cabelludo y la ra\u00edz del cabello.<\/p>\n<p><strong>Caracter\u00edsticas:<\/strong><\/p>\n<p>&#8211; Testado Dermatol\u00f3gicamente.<\/p>\n<p>&#8211; Ingredientes Naturales y Productos Bio.<\/p>\n<p>&#8211; Las materias primas utilizadas para la producci\u00f3n proceden de cultivos biol\u00f3gicos y lugares salvajes no contaminados.<\/p>\n<p>&#8211; Los procesos productivos y el embalaje respetan el medioambiente.<\/p>\n<p>&#8211; Sin parabenos, parafina, ni ning\u00fan derivado del petr\u00f3leo.<\/p>\n<p>&#8211; Sin siliconas, ni perfumes, ni colorantes sint\u00e9ticos.<\/p>\n<p>&#8211; Sin organismos modificados gen\u00e9ticamente.<\/p>\n<p>&#8211; Sin T\u00f3xicos.<\/p>\n<p>&#8211; Apto para Veganos.<\/p>\n<p>&#8211; No testado en animales.<\/p>\n<p><strong>Forma de uso:<\/strong><\/p>\n<p>Aplicar el champ\u00fa sobre el cabello h\u00famedo, hacer bastante espuma y aclarar con abundante agua.<\/p>\n<p><strong>Ingredientes:<\/strong><\/p>\n<p>Aqua, Sodium Coco-Sulfate, Cocamidopropyl Betaine, Glycerin, Lauryl Glucoside, Rosmarinus Officinalis Leaf Oil*, Chamomilla Recutita Flower Water*, Sodium Chloride, Guar Hydroxypropyltrimonium Chloride, Tocopherol, Citric Acid, Benzyl Alcohol, Sodium Benzoate, Potassium Sorbate, Tocopherol, Parfum, Limonene.<\/p>\n<p>El 98% de los ingredientes son de origen natural.<\/p>\n","protected":false},"excerpt":{"rendered":"<p>El champ\u00fa natural de uso diario para todo tipo de cabellos de Oma Gertrude, refuerza y ayuda a combatir la ca\u00edda del cabello gracias al Romero Bio y la Manzanilla Bio.<\/p>\n","protected":false},"featured_media":6707,"comment_status":"open","ping_status":"closed","template":"","meta":[],"product_brand":[],"product_cat":[80],"product_tag":[],"class_list":{"0":"post-6704","1":"product","2":"type-product","3":"status-publish","4":"has-post-thumbnail","6":"product_cat-cosmetica-organica","7":"nt-post-class","8":"","17":"first","18":"instock","19":"shipping-taxable","20":"purchasable","21":"product-type-simple"},"_links":{"self":[{"href":"https:\/\/www.marisavida.com\/index.php?rest_route=\/wp\/v2\/product\/6704","targetHints":{"allow":["GET"]}}],"collection":[{"href":"https:\/\/www.marisavida.com\/index.php?rest_route=\/wp\/v2\/product"}],"about":[{"href":"https:\/\/www.marisavida.com\/index.php?rest_route=\/wp\/v2\/types\/product"}],"replies":[{"embeddable":true,"href":"https:\/\/www.marisavida.com\/index.php?rest_route=%2Fwp%2Fv2%2Fcomments&post=6704"}],"wp:featuredmedia":[{"embeddable":true,"href":"https:\/\/www.marisavida.com\/index.php?rest_route=\/wp\/v2\/media\/6707"}],"wp:attachment":[{"href":"https:\/\/www.marisavida.com\/index.php?rest_route=%2Fwp%2Fv2%2Fmedia&parent=6704"}],"wp:term":[{"taxonomy":"product_brand","embeddable":true,"href":"https:\/\/www.marisavida.com\/index.php?rest_route=%2Fwp%2Fv2%2Fproduct_brand&post=6704"},{"taxonomy":"product_cat","embeddable":true,"href":"https:\/\/www.marisavida.com\/index.php?rest_route=%2Fwp%2Fv2%2Fproduct_cat&post=6704"},{"taxonomy":"product_tag","embeddable":true,"href":"https:\/\/www.marisavida.com\/index.php?rest_route=%2Fwp%2Fv2%2Fproduct_tag&post=6704"}],"curies":[{"name":"wp","href":"https:\/\/api.w.org\/{rel}","templated":true}]}}