{"id":6697,"date":"2025-08-19T15:13:59","date_gmt":"2025-08-19T13:13:59","guid":{"rendered":"https:\/\/www.marisavida.com\/?post_type=product&#038;p=6697"},"modified":"2025-08-19T15:13:59","modified_gmt":"2025-08-19T13:13:59","slug":"champu-voluminizador","status":"publish","type":"product","link":"https:\/\/www.marisavida.com\/?product=champu-voluminizador","title":{"rendered":"CHAMP\u00da VOLUMINIZADOR"},"content":{"rendered":"<p>El Champ\u00fa Natural Volumen Para Cabello\u00a0Fino y\u00a0Delicado de Oma Gertrude,\u00a0limpia suavemente y cuida el cabello fino y delicado, aport\u00e1ndole volumen, cuerpo y elasticidad.<\/p>\n<p>*Para un cabello cuidado, brillante y con gran volumen.<\/p>\n<p>*Ideal para Cabello Fino y Delicado.<\/p>\n<p><strong>Elaborado con:<\/strong><\/p>\n<p>&#8211; Aceite de Semilla de Ar\u00e1ndano Rojo Bio:\u00a0Act\u00faa como un potente antioxidante natural, adem\u00e1s, nutre y suaviza profundamente el cabello. Contiene \u00e1cidos grasos omega3 y vitamina E.<\/p>\n<p>&#8211; Aceite de Trigo Bio:\u00a0Hidrata intensamente y reconstruye la estructura del cabello, dej\u00e1ndolo m\u00e1s brillante, ligero y el\u00e1stico. Contiene un \u00fanico complejo de amino\u00e1cidos y microelementos.<\/p>\n<p><strong>Caracter\u00edsticas:<\/strong><\/p>\n<p>&#8211; Testado Dermatol\u00f3gicamente.<\/p>\n<p>&#8211; Ingredientes Naturales y Productos Bio.<\/p>\n<p>&#8211; Las materias primas utilizadas para la producci\u00f3n proceden de cultivos biol\u00f3gicos y lugares salvajes no contaminados.<\/p>\n<p>&#8211; Los procesos productivos y el embalaje respetan el medioambiente.<\/p>\n<p>&#8211; Sin parabenos, parafina, ni ning\u00fan derivado del petr\u00f3leo.<\/p>\n<p>&#8211; Sin siliconas, ni perfumes, ni colorantes sint\u00e9ticos.<\/p>\n<p>&#8211; Sin organismos modificados gen\u00e9ticamente.<\/p>\n<p>&#8211; Sin T\u00f3xicos.<\/p>\n<p>&#8211; Apto para Veganos.<\/p>\n<p>&#8211; No testado en animales.<\/p>\n<p><strong>Forma de uso:<\/strong><\/p>\n<p>Aplicar el champ\u00fa sobre el cabello h\u00famedo, hacer bastante espuma y aclarar con abundante agua.<\/p>\n<p><strong>Ingredientes:<\/strong><\/p>\n<p>Aqua, Sodium Coco-Sulfate, Cocamidopropyl Betaine, Glycerin, Lauryl Glucoside, Vaccinium Macrocarpon Fruit Extract*, Triticum Vulgare Germ Oil*, Sodium Chloride, Guar Hydroxypropyltrimonium Chloride, Tocopherol, Citric Acid, Benzyl Alcohol, Sodium Benzoate, Potassium Sorbate, Parfum, Linalool.<\/p>\n<p>El 98% de los ingredientes son de origen natural.<\/p>\n<p>&nbsp;<\/p>\n","protected":false},"excerpt":{"rendered":"<p>El\u00a0Champ\u00fa Natural Volumen Para Cabello Delicado de Oma Gertrude, limpia suavemente y cuida el cabello fino y delicado, aport\u00e1ndole volumen, cuerpo y elasticidad. Este producto nutre y suaviza profundamente el cabello a la vez que lo hidrata en intensidad y reconstruye su estructura , dej\u00e1ndolo m\u00e1s brillante, ligero y el\u00e1stico.<\/p>\n","protected":false},"featured_media":6698,"comment_status":"open","ping_status":"closed","template":"","meta":[],"product_brand":[],"product_cat":[80],"product_tag":[],"class_list":{"0":"post-6697","1":"product","2":"type-product","3":"status-publish","4":"has-post-thumbnail","6":"product_cat-cosmetica-organica","7":"nt-post-class","8":"","17":"first","18":"instock","19":"shipping-taxable","20":"purchasable","21":"product-type-simple"},"_links":{"self":[{"href":"https:\/\/www.marisavida.com\/index.php?rest_route=\/wp\/v2\/product\/6697","targetHints":{"allow":["GET"]}}],"collection":[{"href":"https:\/\/www.marisavida.com\/index.php?rest_route=\/wp\/v2\/product"}],"about":[{"href":"https:\/\/www.marisavida.com\/index.php?rest_route=\/wp\/v2\/types\/product"}],"replies":[{"embeddable":true,"href":"https:\/\/www.marisavida.com\/index.php?rest_route=%2Fwp%2Fv2%2Fcomments&post=6697"}],"wp:featuredmedia":[{"embeddable":true,"href":"https:\/\/www.marisavida.com\/index.php?rest_route=\/wp\/v2\/media\/6698"}],"wp:attachment":[{"href":"https:\/\/www.marisavida.com\/index.php?rest_route=%2Fwp%2Fv2%2Fmedia&parent=6697"}],"wp:term":[{"taxonomy":"product_brand","embeddable":true,"href":"https:\/\/www.marisavida.com\/index.php?rest_route=%2Fwp%2Fv2%2Fproduct_brand&post=6697"},{"taxonomy":"product_cat","embeddable":true,"href":"https:\/\/www.marisavida.com\/index.php?rest_route=%2Fwp%2Fv2%2Fproduct_cat&post=6697"},{"taxonomy":"product_tag","embeddable":true,"href":"https:\/\/www.marisavida.com\/index.php?rest_route=%2Fwp%2Fv2%2Fproduct_tag&post=6697"}],"curies":[{"name":"wp","href":"https:\/\/api.w.org\/{rel}","templated":true}]}}