{"id":6695,"date":"2025-08-19T13:29:39","date_gmt":"2025-08-19T11:29:39","guid":{"rendered":"https:\/\/www.marisavida.com\/?post_type=product&#038;p=6695"},"modified":"2025-09-13T19:22:26","modified_gmt":"2025-09-13T17:22:26","slug":"levadura-de-arroz-rojo-colesterol","status":"publish","type":"product","link":"https:\/\/www.marisavida.com\/?product=levadura-de-arroz-rojo-colesterol","title":{"rendered":"LEVADURA DE ARROZ ROJO (Colesterol)"},"content":{"rendered":"<article class=\"text-token-text-primary w-full focus:outline-none scroll-mt-[calc(var(--header-height)+min(200px,max(70px,20svh)))]\" dir=\"auto\" tabindex=\"-1\" data-turn-id=\"request-WEB:d5f08fbd-dfc5-4483-8923-e35297b25a77-1\" data-testid=\"conversation-turn-4\" data-scroll-anchor=\"false\" data-turn=\"assistant\">\n<div class=\"text-base my-auto mx-auto [--thread-content-margin:--spacing(4)] @[37rem]:[--thread-content-margin:--spacing(6)] @[72rem]:[--thread-content-margin:--spacing(16)] px-(--thread-content-margin)\">\n<div class=\"[--thread-content-max-width:32rem] @[34rem]:[--thread-content-max-width:40rem] @[64rem]:[--thread-content-max-width:48rem] mx-auto max-w-(--thread-content-max-width) flex-1 group\/turn-messages focus-visible:outline-hidden relative flex w-full min-w-0 flex-col agent-turn\" tabindex=\"-1\">\n<div class=\"flex max-w-full flex-col grow\">\n<div class=\"min-h-8 text-message relative flex w-full flex-col items-end gap-2 text-start break-words whitespace-normal [.text-message+&amp;]:mt-5\" dir=\"auto\" data-message-author-role=\"assistant\" data-message-id=\"9210a51b-f3e8-4689-bd82-19fe89e63ae5\" data-message-model-slug=\"gpt-5\">\n<div class=\"flex w-full flex-col gap-1 empty:hidden first:pt-[3px]\">\n<div class=\"markdown prose dark:prose-invert w-full break-words light markdown-new-styling\">\n<p data-start=\"0\" data-end=\"623\">La levadura de arroz rojo ayuda a reducir el colesterol malo y fortalecer la salud del coraz\u00f3n de manera natural.<\/p>\n<p data-start=\"0\" data-end=\"623\"><strong>Ingredientes (por c\u00e1psula):<\/strong><\/p>\n<ul>\n<li data-start=\"0\" data-end=\"623\">Extracto seco de guggul 150 mg\n<ul>\n<li data-start=\"0\" data-end=\"623\">2,5% esterones 3,75 mg<\/li>\n<\/ul>\n<\/li>\n<li data-start=\"0\" data-end=\"623\">Extracto seco de shiitake\u00a0 100 mg\n<ul>\n<li data-start=\"0\" data-end=\"623\">6% de polisac\u00e1ridos 6 mg<\/li>\n<\/ul>\n<\/li>\n<li>Extracto seco de ajo 100 mg\n<ul>\n<li>1% de alicina 1 mg<\/li>\n<\/ul>\n<\/li>\n<li>Extracto seco de levadura de arroz rojo 74 mg\n<ul>\n<li>\u00a04% de monocalina K 2,96 mg<\/li>\n<\/ul>\n<\/li>\n<li>Extracto seco de olivo 65 mg\n<ul>\n<li>20% de hidroxitirosol 13 mg<\/li>\n<\/ul>\n<\/li>\n<li>Extracto seco de ca\u00f1a de az\u00facar 15 mg\n<ul>\n<li>10% de octacosanol 1,5 mg<\/li>\n<li>95% de policosanol 14,25 mg<\/li>\n<\/ul>\n<\/li>\n<li>Coenzima Q10 10 mg<\/li>\n<\/ul>\n<p><strong>Beneficios:\u00a0<\/strong><\/p>\n<p data-start=\"0\" data-end=\"623\">La levadura de arroz rojo es un producto natural utilizado desde hace siglos en la medicina tradicional oriental, y hoy en d\u00eda se ha convertido en un aliado importante para el cuidado del coraz\u00f3n. Su principal componente activo, la <strong data-start=\"232\" data-end=\"248\">monacolina K<\/strong>, act\u00faa de forma similar a ciertos medicamentos para reducir el colesterol, ayudando espec\u00edficamente a disminuir los niveles de colesterol LDL, conocido como el \u201ccolesterol malo\u201d. Este tipo de colesterol, cuando se acumula en exceso, favorece la formaci\u00f3n de placas en las arterias que dificultan la circulaci\u00f3n sangu\u00ednea y aumentan el riesgo de problemas cardiovasculares.<\/p>\n<p data-start=\"625\" data-end=\"1070\">Al consumir levadura de arroz rojo, se puede favorecer una mejor salud arterial, reduciendo el riesgo de hipertensi\u00f3n, infartos y otros trastornos relacionados con el coraz\u00f3n. Adem\u00e1s, algunos estudios sugieren que este suplemento tambi\u00e9n puede contribuir a mejorar la elasticidad de los vasos sangu\u00edneos y mantener un mejor equilibrio entre el colesterol \u201cmalo\u201d (LDL) y el colesterol \u201cbueno\u201d (HDL), lo que potencia a\u00fan m\u00e1s su efecto protector.<\/p>\n<p data-start=\"1072\" data-end=\"1440\">Incluir la levadura de arroz rojo dentro de un estilo de vida saludable \u2014acompa\u00f1ado de una dieta balanceada, actividad f\u00edsica y control m\u00e9dico regular\u2014 representa una forma natural y eficaz de apoyar la salud cardiovascular.<\/p>\n<p data-start=\"1072\" data-end=\"1440\"><strong>Modo de empleo:<\/strong><\/p>\n<p data-start=\"1072\" data-end=\"1440\">Tomar una c\u00e1psula al d\u00eda con una comida.<\/p>\n<\/div>\n<\/div>\n<\/div>\n<\/div>\n<div class=\"flex min-h-[46px] justify-start\"><\/div>\n<\/div>\n<\/div>\n<\/article>\n<article class=\"text-token-text-primary w-full focus:outline-none scroll-mt-(--header-height)\" dir=\"auto\" tabindex=\"-1\" data-turn-id=\"81625831-5a3e-40c0-9488-525289504001\" data-testid=\"conversation-turn-5\" data-scroll-anchor=\"false\" data-turn=\"user\"><\/article>\n<article class=\"text-token-text-primary w-full focus:outline-none scroll-mt-[calc(var(--header-height)+min(200px,max(70px,20svh)))]\" dir=\"auto\" tabindex=\"-1\" data-turn-id=\"request-WEB:d5f08fbd-dfc5-4483-8923-e35297b25a77-2\" data-testid=\"conversation-turn-6\" data-scroll-anchor=\"true\" data-turn=\"assistant\">\n<h6 class=\"sr-only\"><\/h6>\n<div class=\"text-base my-auto mx-auto pb-10 [--thread-content-margin:--spacing(4)] @[37rem]:[--thread-content-margin:--spacing(6)] @[72rem]:[--thread-content-margin:--spacing(16)] px-(--thread-content-margin)\">\n<div class=\"[--thread-content-max-width:32rem] @[34rem]:[--thread-content-max-width:40rem] @[64rem]:[--thread-content-max-width:48rem] mx-auto max-w-(--thread-content-max-width) flex-1 group\/turn-messages focus-visible:outline-hidden relative flex w-full min-w-0 flex-col agent-turn\" tabindex=\"-1\">\n<div class=\"flex max-w-full flex-col grow\">\n<div class=\"min-h-8 text-message relative flex w-full flex-col items-end gap-2 text-start break-words whitespace-normal [.text-message+&amp;]:mt-5\" dir=\"auto\" data-message-author-role=\"assistant\" data-message-id=\"4f448f11-5ca0-43f9-9709-722469bc9aba\" data-message-model-slug=\"gpt-5\">\n<div class=\"flex w-full flex-col gap-1 empty:hidden first:pt-[3px]\">\n<div class=\"markdown prose dark:prose-invert w-full break-words light markdown-new-styling\">\n<p data-start=\"0\" data-end=\"297\" data-is-last-node=\"\" data-is-only-node=\"\">\n<\/div>\n<\/div>\n<\/div>\n<\/div>\n<\/div>\n<\/div>\n<\/article>\n","protected":false},"excerpt":{"rendered":"<p>La levadura de arroz rojo ayuda a reducir el colesterol LDL o \u201cmalo\u201d gracias a la monacolina K, favoreciendo una mejor circulaci\u00f3n y protegiendo las arterias. Con su uso, acompa\u00f1ado de h\u00e1bitos saludables, se fortalece la salud del coraz\u00f3n y se disminuye el riesgo de enfermedades cardiovasculares.<\/p>\n","protected":false},"featured_media":6696,"comment_status":"open","ping_status":"closed","template":"","meta":[],"product_brand":[],"product_cat":[77],"product_tag":[],"class_list":{"0":"post-6695","1":"product","2":"type-product","3":"status-publish","4":"has-post-thumbnail","6":"product_cat-nutricion-celular","7":"nt-post-class","8":"","17":"first","18":"instock","19":"shipping-taxable","20":"purchasable","21":"product-type-simple"},"_links":{"self":[{"href":"https:\/\/www.marisavida.com\/index.php?rest_route=\/wp\/v2\/product\/6695","targetHints":{"allow":["GET"]}}],"collection":[{"href":"https:\/\/www.marisavida.com\/index.php?rest_route=\/wp\/v2\/product"}],"about":[{"href":"https:\/\/www.marisavida.com\/index.php?rest_route=\/wp\/v2\/types\/product"}],"replies":[{"embeddable":true,"href":"https:\/\/www.marisavida.com\/index.php?rest_route=%2Fwp%2Fv2%2Fcomments&post=6695"}],"wp:featuredmedia":[{"embeddable":true,"href":"https:\/\/www.marisavida.com\/index.php?rest_route=\/wp\/v2\/media\/6696"}],"wp:attachment":[{"href":"https:\/\/www.marisavida.com\/index.php?rest_route=%2Fwp%2Fv2%2Fmedia&parent=6695"}],"wp:term":[{"taxonomy":"product_brand","embeddable":true,"href":"https:\/\/www.marisavida.com\/index.php?rest_route=%2Fwp%2Fv2%2Fproduct_brand&post=6695"},{"taxonomy":"product_cat","embeddable":true,"href":"https:\/\/www.marisavida.com\/index.php?rest_route=%2Fwp%2Fv2%2Fproduct_cat&post=6695"},{"taxonomy":"product_tag","embeddable":true,"href":"https:\/\/www.marisavida.com\/index.php?rest_route=%2Fwp%2Fv2%2Fproduct_tag&post=6695"}],"curies":[{"name":"wp","href":"https:\/\/api.w.org\/{rel}","templated":true}]}}