{"id":6692,"date":"2025-08-19T13:12:02","date_gmt":"2025-08-19T11:12:02","guid":{"rendered":"https:\/\/www.marisavida.com\/?post_type=product&#038;p=6692"},"modified":"2025-08-21T16:23:40","modified_gmt":"2025-08-21T14:23:40","slug":"probi-mezcla-de-probioticos-liofilizados","status":"publish","type":"product","link":"https:\/\/www.marisavida.com\/?product=probi-mezcla-de-probioticos-liofilizados","title":{"rendered":"PROBI\u00d3TICO"},"content":{"rendered":"<article class=\"text-token-text-primary w-full focus:outline-none scroll-mt-[calc(var(--header-height)+min(200px,max(70px,20svh)))]\" dir=\"auto\" tabindex=\"-1\" data-turn-id=\"request-WEB:36b60eb5-3fc9-4628-be7d-c2d523d24423-0\" data-testid=\"conversation-turn-2\" data-scroll-anchor=\"false\" data-turn=\"assistant\">\n<div class=\"text-base my-auto mx-auto [--thread-content-margin:--spacing(4)] @[37rem]:[--thread-content-margin:--spacing(6)] @[72rem]:[--thread-content-margin:--spacing(16)] px-(--thread-content-margin)\">\n<div class=\"[--thread-content-max-width:32rem] @[34rem]:[--thread-content-max-width:40rem] @[64rem]:[--thread-content-max-width:48rem] mx-auto max-w-(--thread-content-max-width) flex-1 group\/turn-messages focus-visible:outline-hidden relative flex w-full min-w-0 flex-col agent-turn\" tabindex=\"-1\">\n<div class=\"flex max-w-full flex-col grow\">\n<div class=\"min-h-8 text-message relative flex w-full flex-col items-end gap-2 text-start break-words whitespace-normal [.text-message+&amp;]:mt-5\" dir=\"auto\" data-message-author-role=\"assistant\" data-message-id=\"81d5f022-44a4-4d90-983c-6b3d51e6f457\" data-message-model-slug=\"gpt-5\">\n<div class=\"flex w-full flex-col gap-1 empty:hidden first:pt-[3px]\">\n<div class=\"markdown prose dark:prose-invert w-full break-words light markdown-new-styling\">\n<p data-start=\"0\" data-end=\"1047\" data-is-last-node=\"\" data-is-only-node=\"\">Consumir probi\u00f3ticos ayuda a mantener el equilibrio intestinal, mejora la digesti\u00f3n, fortalece el sistema inmunol\u00f3gico y favorece el bienestar general.<\/p>\n<p data-start=\"0\" data-end=\"1047\" data-is-last-node=\"\" data-is-only-node=\"\"><strong>Ingredientes ( por c\u00e1psula):<\/strong><\/p>\n<ul>\n<li>Mezcla de probi\u00f3ticos liofilizados 200 mg\n<ul>\n<li>Lactobacillus acidophilus 2&#215;10 (12) 2000M unidades formadoras de colonias.<\/li>\n<li>Bifidobacterium bifidum 2&#215;10 (12) 2000M unidades formadoras de colonias.<\/li>\n<li>Lactobacillus casei 2&#215;10 (12) 2000M unidades formadoras de colonias.<\/li>\n<li>Lactobacillus rhamnsous 2&#215;10 (12) 2000M unidades formadoras de colonias.<\/li>\n<li>Streptococcus thermophilus 2&#215;10 (12) 2000M unidades formadoras de colonias.<\/li>\n<\/ul>\n<\/li>\n<li>Inulina de achicoria\u00a0 (fribruline (TM))150 mg<\/li>\n<\/ul>\n<p><strong>Beneficios:<\/strong><\/p>\n<p data-start=\"0\" data-end=\"1047\" data-is-last-node=\"\" data-is-only-node=\"\">Los probi\u00f3ticos son microorganismos vivos que, al ser ingeridos en cantidades adecuadas, aportan m\u00faltiples beneficios a la salud, especialmente a nivel digestivo e inmunol\u00f3gico. Estos se encuentran de manera natural en alimentos fermentados como el yogur, el k\u00e9fir, el chucrut o el miso, y tambi\u00e9n pueden consumirse en suplementos. Su principal funci\u00f3n es mantener el equilibrio de la microbiota intestinal, favoreciendo la presencia de bacterias beneficiosas que ayudan en la digesti\u00f3n, mejoran la absorci\u00f3n de nutrientes y protegen contra microorganismos da\u00f1inos. Adem\u00e1s, se ha demostrado que los probi\u00f3ticos pueden fortalecer el sistema inmunol\u00f3gico, disminuir la incidencia de infecciones y contribuir a la producci\u00f3n de vitaminas esenciales. Tambi\u00e9n se asocian con la reducci\u00f3n de s\u00edntomas en trastornos como el s\u00edndrome de intestino irritable, la diarrea asociada a antibi\u00f3ticos y algunas alergias. Incluir probi\u00f3ticos en la dieta de forma regular favorece una mejor salud intestinal y, en consecuencia, un bienestar general m\u00e1s equilibrado.<\/p>\n<p data-start=\"0\" data-end=\"1047\" data-is-last-node=\"\" data-is-only-node=\"\"><strong>Modo de empleo:<\/strong><\/p>\n<p data-start=\"0\" data-end=\"1047\" data-is-last-node=\"\" data-is-only-node=\"\">Tomar una c\u00e1psula antes de una comida, preferentemente antes del desayuno.<\/p>\n<\/div>\n<\/div>\n<\/div>\n<\/div>\n<div class=\"flex min-h-[46px] justify-start\"><\/div>\n<\/div>\n<\/div>\n<\/article>\n<article class=\"text-token-text-primary w-full focus:outline-none scroll-mt-[calc(var(--header-height)+min(200px,max(70px,20svh)))]\" dir=\"auto\" tabindex=\"-1\" data-turn-id=\"request-WEB:36b60eb5-3fc9-4628-be7d-c2d523d24423-1\" data-testid=\"conversation-turn-4\" data-scroll-anchor=\"true\" data-turn=\"assistant\">\n<div class=\"text-base my-auto mx-auto pb-10 [--thread-content-margin:--spacing(4)] @[37rem]:[--thread-content-margin:--spacing(6)] @[72rem]:[--thread-content-margin:--spacing(16)] px-(--thread-content-margin)\">\n<div class=\"[--thread-content-max-width:32rem] @[34rem]:[--thread-content-max-width:40rem] @[64rem]:[--thread-content-max-width:48rem] mx-auto max-w-(--thread-content-max-width) flex-1 group\/turn-messages focus-visible:outline-hidden relative flex w-full min-w-0 flex-col agent-turn\" tabindex=\"-1\">\n<div class=\"flex max-w-full flex-col grow\">\n<div class=\"min-h-8 text-message relative flex w-full flex-col items-end gap-2 text-start break-words whitespace-normal [.text-message+&amp;]:mt-5\" dir=\"auto\" data-message-author-role=\"assistant\" data-message-id=\"6fa3b655-d64d-40b1-9124-5213812861f9\" data-message-model-slug=\"gpt-5\">\n<div class=\"flex w-full flex-col gap-1 empty:hidden first:pt-[3px]\">\n<div class=\"markdown prose dark:prose-invert w-full break-words light markdown-new-styling\">\n<p data-start=\"0\" data-end=\"151\" data-is-last-node=\"\" data-is-only-node=\"\">\n<\/div>\n<\/div>\n<\/div>\n<\/div>\n<\/div>\n<\/div>\n<\/article>\n","protected":false},"excerpt":{"rendered":"<p>Consumir probi\u00f3ticos ayuda a mantener el equilibrio intestinal, mejora la digesti\u00f3n, fortalece el sistema inmunol\u00f3gico y favorece el bienestar general.<\/p>\n","protected":false},"featured_media":6693,"comment_status":"open","ping_status":"closed","template":"","meta":[],"product_brand":[],"product_cat":[77],"product_tag":[],"class_list":{"0":"post-6692","1":"product","2":"type-product","3":"status-publish","4":"has-post-thumbnail","6":"product_cat-nutricion-celular","7":"nt-post-class","8":"","17":"first","18":"instock","19":"shipping-taxable","20":"purchasable","21":"product-type-simple"},"_links":{"self":[{"href":"https:\/\/www.marisavida.com\/index.php?rest_route=\/wp\/v2\/product\/6692","targetHints":{"allow":["GET"]}}],"collection":[{"href":"https:\/\/www.marisavida.com\/index.php?rest_route=\/wp\/v2\/product"}],"about":[{"href":"https:\/\/www.marisavida.com\/index.php?rest_route=\/wp\/v2\/types\/product"}],"replies":[{"embeddable":true,"href":"https:\/\/www.marisavida.com\/index.php?rest_route=%2Fwp%2Fv2%2Fcomments&post=6692"}],"wp:featuredmedia":[{"embeddable":true,"href":"https:\/\/www.marisavida.com\/index.php?rest_route=\/wp\/v2\/media\/6693"}],"wp:attachment":[{"href":"https:\/\/www.marisavida.com\/index.php?rest_route=%2Fwp%2Fv2%2Fmedia&parent=6692"}],"wp:term":[{"taxonomy":"product_brand","embeddable":true,"href":"https:\/\/www.marisavida.com\/index.php?rest_route=%2Fwp%2Fv2%2Fproduct_brand&post=6692"},{"taxonomy":"product_cat","embeddable":true,"href":"https:\/\/www.marisavida.com\/index.php?rest_route=%2Fwp%2Fv2%2Fproduct_cat&post=6692"},{"taxonomy":"product_tag","embeddable":true,"href":"https:\/\/www.marisavida.com\/index.php?rest_route=%2Fwp%2Fv2%2Fproduct_tag&post=6692"}],"curies":[{"name":"wp","href":"https:\/\/api.w.org\/{rel}","templated":true}]}}