{"id":6671,"date":"2025-08-18T13:05:16","date_gmt":"2025-08-18T11:05:16","guid":{"rendered":"https:\/\/www.marisavida.com\/?post_type=product&#038;p=6671"},"modified":"2025-08-18T13:05:16","modified_gmt":"2025-08-18T11:05:16","slug":"crema-de-pistachos","status":"publish","type":"product","link":"https:\/\/www.marisavida.com\/?product=crema-de-pistachos","title":{"rendered":"CREMA DE PISTACHOS"},"content":{"rendered":"<p data-start=\"174\" data-end=\"529\">Desde el coraz\u00f3n de Caniles nace esta exquisita <strong data-start=\"222\" data-end=\"282\">crema para untar elaborada con pistachos 100% ecol\u00f3gicos<\/strong>, cultivados con respeto a la tierra y a la tradici\u00f3n. Su sabor aut\u00e9ntico, intenso y naturalmente dulce la convierte en un <strong data-start=\"405\" data-end=\"425\">verdadero manjar<\/strong>, ideal para disfrutar en desayunos, meriendas o como capricho saludable en cualquier momento del d\u00eda.<\/p>\n<p data-start=\"531\" data-end=\"932\">Pero esta crema no solo conquista por su sabor, sino tambi\u00e9n por los <strong data-start=\"600\" data-end=\"648\">grandes beneficios que aportan los pistachos<\/strong>: son una fuente natural de <strong data-start=\"676\" data-end=\"726\">prote\u00ednas vegetales, fibra y grasas saludables<\/strong>, que ayudan a mantener la energ\u00eda y la vitalidad. Adem\u00e1s, contienen <strong data-start=\"795\" data-end=\"835\">antioxidantes, vitaminas y minerales<\/strong> que favorecen la salud del coraz\u00f3n, mejoran la circulaci\u00f3n y contribuyen al bienestar general.<\/p>\n<p data-start=\"934\" data-end=\"1147\">Incluir pistachos en la dieta es sin\u00f3nimo de cuidar tu salud de manera deliciosa, y con esta crema es m\u00e1s f\u00e1cil que nunca. Untuosa, nutritiva y 100% natural, es un placer que alimenta el cuerpo y alegra el alma.<\/p>\n<p data-start=\"1149\" data-end=\"1207\"><strong data-start=\"1151\" data-end=\"1205\">Una experiencia \u00fanica que todos tienen que probar.<\/strong><\/p>\n","protected":false},"excerpt":{"rendered":"<p>Desde el coraz\u00f3n de Caniles nace esta exquisita <strong data-start=\"222\" data-end=\"282\">crema para untar elaborada con pistachos 100% ecol\u00f3gicos<\/strong>, cultivados con respeto a la tierra y a la tradici\u00f3n.<\/p>\n","protected":false},"featured_media":6672,"comment_status":"open","ping_status":"closed","template":"","meta":[],"product_brand":[],"product_cat":[79],"product_tag":[],"class_list":{"0":"post-6671","1":"product","2":"type-product","3":"status-publish","4":"has-post-thumbnail","6":"product_cat-alimentacion","7":"nt-post-class","8":"","17":"first","18":"instock","19":"shipping-taxable","20":"purchasable","21":"product-type-simple"},"_links":{"self":[{"href":"https:\/\/www.marisavida.com\/index.php?rest_route=\/wp\/v2\/product\/6671","targetHints":{"allow":["GET"]}}],"collection":[{"href":"https:\/\/www.marisavida.com\/index.php?rest_route=\/wp\/v2\/product"}],"about":[{"href":"https:\/\/www.marisavida.com\/index.php?rest_route=\/wp\/v2\/types\/product"}],"replies":[{"embeddable":true,"href":"https:\/\/www.marisavida.com\/index.php?rest_route=%2Fwp%2Fv2%2Fcomments&post=6671"}],"wp:featuredmedia":[{"embeddable":true,"href":"https:\/\/www.marisavida.com\/index.php?rest_route=\/wp\/v2\/media\/6672"}],"wp:attachment":[{"href":"https:\/\/www.marisavida.com\/index.php?rest_route=%2Fwp%2Fv2%2Fmedia&parent=6671"}],"wp:term":[{"taxonomy":"product_brand","embeddable":true,"href":"https:\/\/www.marisavida.com\/index.php?rest_route=%2Fwp%2Fv2%2Fproduct_brand&post=6671"},{"taxonomy":"product_cat","embeddable":true,"href":"https:\/\/www.marisavida.com\/index.php?rest_route=%2Fwp%2Fv2%2Fproduct_cat&post=6671"},{"taxonomy":"product_tag","embeddable":true,"href":"https:\/\/www.marisavida.com\/index.php?rest_route=%2Fwp%2Fv2%2Fproduct_tag&post=6671"}],"curies":[{"name":"wp","href":"https:\/\/api.w.org\/{rel}","templated":true}]}}