{"id":6644,"date":"2025-08-17T12:45:31","date_gmt":"2025-08-17T10:45:31","guid":{"rendered":"https:\/\/www.marisavida.com\/?post_type=product&#038;p=6644"},"modified":"2025-09-01T13:53:51","modified_gmt":"2025-09-01T11:53:51","slug":"agua-de-mar","status":"publish","type":"product","link":"https:\/\/www.marisavida.com\/?product=agua-de-mar","title":{"rendered":"AGUA DE MAR"},"content":{"rendered":"<h4 class=\"sr-only\">Consumir agua de mar, en la medida adecuada, aporta minerales esenciales que ayudan a equilibrar el organismo y favorecer la salud de manera natural.<\/h4>\n<p><strong>Beneficios<\/strong><\/p>\n<div class=\"text-base my-auto mx-auto pb-10 [--thread-content-margin:--spacing(4)] @[37rem]:[--thread-content-margin:--spacing(6)] @[72rem]:[--thread-content-margin:--spacing(16)] px-(--thread-content-margin)\">\n<div class=\"[--thread-content-max-width:32rem] @[34rem]:[--thread-content-max-width:40rem] @[64rem]:[--thread-content-max-width:48rem] mx-auto max-w-(--thread-content-max-width) flex-1 group\/turn-messages focus-visible:outline-hidden relative flex w-full min-w-0 flex-col agent-turn\" tabindex=\"-1\">\n<div class=\"flex max-w-full flex-col grow\">\n<div class=\"min-h-8 text-message relative flex w-full flex-col items-end gap-2 text-start break-words whitespace-normal [.text-message+&amp;]:mt-5\" dir=\"auto\" data-message-author-role=\"assistant\" data-message-id=\"8919d46b-5917-4b1f-bb51-37b20b46e2dc\" data-message-model-slug=\"gpt-5\">\n<div class=\"flex w-full flex-col gap-1 empty:hidden first:pt-[3px]\">\n<div class=\"markdown prose dark:prose-invert w-full break-words light markdown-new-styling\">\n<p data-start=\"0\" data-end=\"890\">Consumir agua de mar en peque\u00f1as cantidades, especialmente en ayunas, puede aportar m\u00faltiples beneficios al organismo. Su riqueza en minerales y oligoelementos favorece el equilibrio electrol\u00edtico y ayuda a activar el sistema digestivo desde primera hora del d\u00eda. Se ha observado que contribuye a prevenir el estre\u00f1imiento gracias a su efecto regulador sobre el tr\u00e1nsito intestinal, promoviendo una mejor absorci\u00f3n de nutrientes. Adem\u00e1s, el agua de mar posee propiedades que pueden ayudar a reducir la presencia de bacterias da\u00f1inas en el est\u00f3mago, apoyando as\u00ed una flora intestinal m\u00e1s saludable. Al ser altamente mineralizada, tambi\u00e9n favorece una hidrataci\u00f3n m\u00e1s profunda y eficiente, lo que repercute en una piel m\u00e1s luminosa y u\u00f1as m\u00e1s fuertes. En conjunto, este h\u00e1bito puede convertirse en un refuerzo natural para la vitalidad y el bienestar diario.<\/p>\n<p data-start=\"0\" data-end=\"890\"><strong>Modo de empleo<\/strong><\/p>\n<p data-start=\"0\" data-end=\"890\">Cada ma\u00f1ana ,antes de desayunar, echar en un vaso la tercera parte de agua de mar y el resto de agua y beber. Puedes a\u00f1adir tambi\u00e9n un chorro de agua de mar a tus guisos o repetir la operaci\u00f3n de la ma\u00f1ana por la tarde, siempre en su justa medida.<\/p>\n<p data-start=\"0\" data-end=\"890\">\n<\/div>\n<\/div>\n<\/div>\n<\/div>\n<\/div>\n<\/div>\n","protected":false},"excerpt":{"rendered":"<h4 class=\"sr-only\">Consumir agua de mar, en la medida adecuada, aporta minerales esenciales que ayudan a equilibrar el organismo y favorecer la salud de manera natural.<\/h4>\n","protected":false},"featured_media":6645,"comment_status":"open","ping_status":"closed","template":"","meta":[],"product_brand":[],"product_cat":[79],"product_tag":[],"class_list":{"0":"post-6644","1":"product","2":"type-product","3":"status-publish","4":"has-post-thumbnail","6":"product_cat-alimentacion","7":"nt-post-class","8":"","17":"first","18":"instock","19":"shipping-taxable","20":"purchasable","21":"product-type-simple"},"_links":{"self":[{"href":"https:\/\/www.marisavida.com\/index.php?rest_route=\/wp\/v2\/product\/6644","targetHints":{"allow":["GET"]}}],"collection":[{"href":"https:\/\/www.marisavida.com\/index.php?rest_route=\/wp\/v2\/product"}],"about":[{"href":"https:\/\/www.marisavida.com\/index.php?rest_route=\/wp\/v2\/types\/product"}],"replies":[{"embeddable":true,"href":"https:\/\/www.marisavida.com\/index.php?rest_route=%2Fwp%2Fv2%2Fcomments&post=6644"}],"wp:featuredmedia":[{"embeddable":true,"href":"https:\/\/www.marisavida.com\/index.php?rest_route=\/wp\/v2\/media\/6645"}],"wp:attachment":[{"href":"https:\/\/www.marisavida.com\/index.php?rest_route=%2Fwp%2Fv2%2Fmedia&parent=6644"}],"wp:term":[{"taxonomy":"product_brand","embeddable":true,"href":"https:\/\/www.marisavida.com\/index.php?rest_route=%2Fwp%2Fv2%2Fproduct_brand&post=6644"},{"taxonomy":"product_cat","embeddable":true,"href":"https:\/\/www.marisavida.com\/index.php?rest_route=%2Fwp%2Fv2%2Fproduct_cat&post=6644"},{"taxonomy":"product_tag","embeddable":true,"href":"https:\/\/www.marisavida.com\/index.php?rest_route=%2Fwp%2Fv2%2Fproduct_tag&post=6644"}],"curies":[{"name":"wp","href":"https:\/\/api.w.org\/{rel}","templated":true}]}}