{"id":6631,"date":"2025-08-17T09:26:45","date_gmt":"2025-08-17T07:26:45","guid":{"rendered":"https:\/\/www.marisavida.com\/?post_type=product&#038;p=6631"},"modified":"2025-08-18T16:15:54","modified_gmt":"2025-08-18T14:15:54","slug":"ajo-macerado-1-000mg","status":"publish","type":"product","link":"https:\/\/www.marisavida.com\/?product=ajo-macerado-1-000mg","title":{"rendered":"AJO MACERADO (1.000mg)"},"content":{"rendered":"<p>Potente antibi\u00f3tico que fortalece el sistema inmunol\u00f3gico, previene infecciones, mejora la salud cardiovascular y alivia molestias articulares y de huesos.<\/p>\n<p><strong>Ingredientes (por perla):<\/strong><\/p>\n<ul>\n<li>Aceite de ajo macerado 1.000 mg<\/li>\n<li>0,12% alicina 1.2 mg<\/li>\n<\/ul>\n<p><strong>Beneficios:<\/strong><\/p>\n<p>El consumo diario de perlas de ajo macerado aporta m\u00faltiples beneficios para la salud. Gracias a sus compuestos sulfurosos, ayudan a fortalecer el sistema inmunol\u00f3gico y prevenir infecciones. Adem\u00e1s, favorecen la salud cardiovascular al mejorar la circulaci\u00f3n y regular la presi\u00f3n arterial. Su acci\u00f3n antioxidante contribuye a combatir los radicales libres y retrasar el envejecimiento celular. Finalmente, apoyan la digesti\u00f3n y act\u00faan como un depurativo natural del organismo.<\/p>\n<p>El ajo macerado tambi\u00e9n puede contribuir a reducir los niveles de colesterol malo, favoreciendo un equilibrio saludable en la sangre. Sus propiedades antiinflamatorias ayudan a aliviar molestias articulares y musculares. Asimismo, es un complemento natural que potencia la energ\u00eda y el bienestar general en la vida cotidiana.<\/p>\n<p><strong>Modo de empleo:<\/strong><\/p>\n<p>Tomar una perla al d\u00eda con una comida.<\/p>\n<p>&nbsp;<\/p>\n","protected":false},"excerpt":{"rendered":"<p>Potente antibi\u00f3tico que fortalece el sistema inmunol\u00f3gico, previene infecciones, mejora la salud cardiovascular y alivia molestias articulares y de huesos.<\/p>\n","protected":false},"featured_media":6632,"comment_status":"open","ping_status":"closed","template":"","meta":[],"product_brand":[],"product_cat":[77],"product_tag":[],"class_list":{"0":"post-6631","1":"product","2":"type-product","3":"status-publish","4":"has-post-thumbnail","6":"product_cat-nutricion-celular","7":"nt-post-class","8":"","17":"first","18":"instock","19":"shipping-taxable","20":"purchasable","21":"product-type-simple"},"_links":{"self":[{"href":"https:\/\/www.marisavida.com\/index.php?rest_route=\/wp\/v2\/product\/6631","targetHints":{"allow":["GET"]}}],"collection":[{"href":"https:\/\/www.marisavida.com\/index.php?rest_route=\/wp\/v2\/product"}],"about":[{"href":"https:\/\/www.marisavida.com\/index.php?rest_route=\/wp\/v2\/types\/product"}],"replies":[{"embeddable":true,"href":"https:\/\/www.marisavida.com\/index.php?rest_route=%2Fwp%2Fv2%2Fcomments&post=6631"}],"wp:featuredmedia":[{"embeddable":true,"href":"https:\/\/www.marisavida.com\/index.php?rest_route=\/wp\/v2\/media\/6632"}],"wp:attachment":[{"href":"https:\/\/www.marisavida.com\/index.php?rest_route=%2Fwp%2Fv2%2Fmedia&parent=6631"}],"wp:term":[{"taxonomy":"product_brand","embeddable":true,"href":"https:\/\/www.marisavida.com\/index.php?rest_route=%2Fwp%2Fv2%2Fproduct_brand&post=6631"},{"taxonomy":"product_cat","embeddable":true,"href":"https:\/\/www.marisavida.com\/index.php?rest_route=%2Fwp%2Fv2%2Fproduct_cat&post=6631"},{"taxonomy":"product_tag","embeddable":true,"href":"https:\/\/www.marisavida.com\/index.php?rest_route=%2Fwp%2Fv2%2Fproduct_tag&post=6631"}],"curies":[{"name":"wp","href":"https:\/\/api.w.org\/{rel}","templated":true}]}}