{"id":6627,"date":"2025-08-17T09:14:42","date_gmt":"2025-08-17T07:14:42","guid":{"rendered":"https:\/\/www.marisavida.com\/?post_type=product&#038;p=6627"},"modified":"2025-08-18T16:16:37","modified_gmt":"2025-08-18T14:16:37","slug":"colageno-keratina","status":"publish","type":"product","link":"https:\/\/www.marisavida.com\/?product=colageno-keratina","title":{"rendered":"COL\u00c1GENO + KERATINA"},"content":{"rendered":"<p>El col\u00e1geno hidrolizado con keratina en c\u00e1psulas es un aliado perfecto para la belleza y el bienestar ,reduciendo ca\u00edda del cabello y mejorado el estado del sistema articular, muscular y \u00f3seo.<\/p>\n<p><strong>Ingredientes (por c\u00e1psula):<\/strong><\/p>\n<ul>\n<li>Vitamina C 60 mg<\/li>\n<li>Biotina 3 mg<\/li>\n<li>\u00d3xido de magnesio 93,75 mg<\/li>\n<li>Magnesio 56,25 mg<\/li>\n<li>Col\u00e1geno hidrolizado 310 mg<\/li>\n<li>Keratina 200 mg<\/li>\n<li>\u00c1cido hialur\u00f3nico 25 mg<\/li>\n<\/ul>\n<p>&nbsp;<\/p>\n<p><strong>Beneficios:<\/strong><\/p>\n<p>El col\u00e1geno ayuda a mantener la piel firme y el\u00e1stica, fortalece huesos y articulaciones, y favorece la movilidad. La <strong data-start=\"289\" data-end=\"301\">keratina<\/strong>, por su parte, nutre y protege el cabello, siendo clave para reducir la ca\u00edda, darle m\u00e1s fuerza, brillo y vitalidad, adem\u00e1s de fortalecer las u\u00f1as. Gracias a esta combinaci\u00f3n, estas c\u00e1psulas se convierten en una opci\u00f3n pr\u00e1ctica e ideal para cuidar tu piel, tu cabello, tus huesos y tus articulaciones desde adentro.<\/p>\n<p><strong>Modo de uso:<\/strong><\/p>\n<p>Tomar una c\u00e1psula al d\u00eda con una comida.<\/p>\n","protected":false},"excerpt":{"rendered":"<p>El col\u00e1geno hidrolizado con keratina en c\u00e1psulas es un aliado perfecto para la belleza y el bienestar ,reduciendo ca\u00edda del cabello y mejorado el estado del sistema articular, muscular y \u00f3seo.<\/p>\n","protected":false},"featured_media":6628,"comment_status":"open","ping_status":"closed","template":"","meta":[],"product_brand":[],"product_cat":[77],"product_tag":[],"class_list":{"0":"post-6627","1":"product","2":"type-product","3":"status-publish","4":"has-post-thumbnail","6":"product_cat-nutricion-celular","7":"nt-post-class","8":"","17":"first","18":"instock","19":"shipping-taxable","20":"purchasable","21":"product-type-simple"},"_links":{"self":[{"href":"https:\/\/www.marisavida.com\/index.php?rest_route=\/wp\/v2\/product\/6627","targetHints":{"allow":["GET"]}}],"collection":[{"href":"https:\/\/www.marisavida.com\/index.php?rest_route=\/wp\/v2\/product"}],"about":[{"href":"https:\/\/www.marisavida.com\/index.php?rest_route=\/wp\/v2\/types\/product"}],"replies":[{"embeddable":true,"href":"https:\/\/www.marisavida.com\/index.php?rest_route=%2Fwp%2Fv2%2Fcomments&post=6627"}],"wp:featuredmedia":[{"embeddable":true,"href":"https:\/\/www.marisavida.com\/index.php?rest_route=\/wp\/v2\/media\/6628"}],"wp:attachment":[{"href":"https:\/\/www.marisavida.com\/index.php?rest_route=%2Fwp%2Fv2%2Fmedia&parent=6627"}],"wp:term":[{"taxonomy":"product_brand","embeddable":true,"href":"https:\/\/www.marisavida.com\/index.php?rest_route=%2Fwp%2Fv2%2Fproduct_brand&post=6627"},{"taxonomy":"product_cat","embeddable":true,"href":"https:\/\/www.marisavida.com\/index.php?rest_route=%2Fwp%2Fv2%2Fproduct_cat&post=6627"},{"taxonomy":"product_tag","embeddable":true,"href":"https:\/\/www.marisavida.com\/index.php?rest_route=%2Fwp%2Fv2%2Fproduct_tag&post=6627"}],"curies":[{"name":"wp","href":"https:\/\/api.w.org\/{rel}","templated":true}]}}