{"id":6602,"date":"2025-08-15T12:43:00","date_gmt":"2025-08-15T10:43:00","guid":{"rendered":"https:\/\/www.marisavida.com\/?post_type=product&#038;p=6602"},"modified":"2025-09-13T19:28:08","modified_gmt":"2025-09-13T17:28:08","slug":"arandano","status":"publish","type":"product","link":"https:\/\/www.marisavida.com\/?product=arandano","title":{"rendered":"AR\u00c1NDANO (Infecci\u00f3n de orina)"},"content":{"rendered":"<p>Protecci\u00f3n natural contra infecciones urinarias.<\/p>\n<p><strong>Ingredientes (por c\u00e1psula):<\/strong><\/p>\n<ul>\n<li>Extracto seco de mirtilo 200 mg<\/li>\n<li>2% de antocianinas 4 mg<\/li>\n<\/ul>\n<p><em>Descripci\u00f3n<\/em><\/p>\n<p>Las infecciones urinarias, tanto en hombres como en mujeres, suelen ser causadas por bacterias como <em>E. coli<\/em> que se adhieren a las paredes de la vejiga y la uretra. El <strong>ar\u00e1ndano rojo<\/strong> contiene <strong>proantocianidinas tipo A (PACs)<\/strong>, compuestos naturales que <strong>bloquean esa adhesi\u00f3n bacteriana<\/strong>, impidiendo que la infecci\u00f3n se establezca.<\/p>\n<p><strong>Beneficios clave de nuestras c\u00e1psulas de ar\u00e1ndano:<\/strong><\/p>\n<ul>\n<li><strong>Prevenci\u00f3n eficaz<\/strong>: Ayuda a reducir la recurrencia de infecciones urinarias sin uso constante de antibi\u00f3ticos.<\/li>\n<li><strong>Protecci\u00f3n diaria<\/strong>: Refuerza la salud del tracto urinario y la vejiga.<\/li>\n<li><strong>Efecto antioxidante<\/strong>: Combate radicales libres y protege las c\u00e9lulas.<\/li>\n<li><strong>F\u00f3rmula concentrada<\/strong>: Cada c\u00e1psula contiene la dosis \u00f3ptima de PACs que en jugos suele ser insuficiente.<\/li>\n<\/ul>\n<p><strong>Ventajas de las c\u00e1psulas frente al jugo de ar\u00e1ndano:<\/strong><\/p>\n<table>\n<thead>\n<tr>\n<td><strong>Jugo de ar\u00e1ndano<\/strong><\/td>\n<td><strong>\u00a0 \u00a0C\u00e1psulas de ar\u00e1ndano<\/strong><\/td>\n<\/tr>\n<\/thead>\n<tbody>\n<tr>\n<td>Alta cantidad de az\u00facar a\u00f1adida<\/td>\n<td>\u00a0 \u00a0Sin az\u00facar, aptas para diab\u00e9ticos<\/td>\n<\/tr>\n<tr>\n<td>Baja concentraci\u00f3n de principios activos<\/td>\n<td>\u00a0 \u00a0Alta concentraci\u00f3n estandarizada de PACs<\/td>\n<\/tr>\n<tr>\n<td>Necesidad de beber grandes cantidades<\/td>\n<td>\u00a0 \u00a0Solo 1-2 c\u00e1psulas al d\u00eda<\/td>\n<\/tr>\n<tr>\n<td>M\u00e1s calor\u00edas<\/td>\n<td>\u00a0 \u00a0Cero calor\u00edas<\/td>\n<\/tr>\n<tr>\n<td>Menor durabilidad<\/td>\n<td>\u00a0 \u00a0 Larga vida \u00fatil<\/td>\n<\/tr>\n<\/tbody>\n<\/table>\n<p><strong>Por qu\u00e9 elegir c\u00e1psulas:<\/strong><br \/>\n\u2714 M\u00e1s pr\u00e1cticas y f\u00e1ciles de tomar.<br \/>\n\u2714 No alteran la glucosa ni aportan calor\u00edas extra.<br \/>\n\u2714 M\u00e1xima potencia en cada dosis.<\/p>\n<p><strong>Modo de empleo:<\/strong><\/p>\n<p>Tomar 1 c\u00e1psula despu\u00e9s de una comida<\/p>\n<p>&nbsp;<\/p>\n","protected":false},"excerpt":{"rendered":"<p>Protecci\u00f3n natural contra infecciones urinarias.<\/p>\n","protected":false},"featured_media":6603,"comment_status":"open","ping_status":"closed","template":"","meta":[],"product_brand":[],"product_cat":[77],"product_tag":[],"class_list":{"0":"post-6602","1":"product","2":"type-product","3":"status-publish","4":"has-post-thumbnail","6":"product_cat-nutricion-celular","7":"nt-post-class","8":"","17":"first","18":"instock","19":"shipping-taxable","20":"purchasable","21":"product-type-simple"},"_links":{"self":[{"href":"https:\/\/www.marisavida.com\/index.php?rest_route=\/wp\/v2\/product\/6602","targetHints":{"allow":["GET"]}}],"collection":[{"href":"https:\/\/www.marisavida.com\/index.php?rest_route=\/wp\/v2\/product"}],"about":[{"href":"https:\/\/www.marisavida.com\/index.php?rest_route=\/wp\/v2\/types\/product"}],"replies":[{"embeddable":true,"href":"https:\/\/www.marisavida.com\/index.php?rest_route=%2Fwp%2Fv2%2Fcomments&post=6602"}],"wp:featuredmedia":[{"embeddable":true,"href":"https:\/\/www.marisavida.com\/index.php?rest_route=\/wp\/v2\/media\/6603"}],"wp:attachment":[{"href":"https:\/\/www.marisavida.com\/index.php?rest_route=%2Fwp%2Fv2%2Fmedia&parent=6602"}],"wp:term":[{"taxonomy":"product_brand","embeddable":true,"href":"https:\/\/www.marisavida.com\/index.php?rest_route=%2Fwp%2Fv2%2Fproduct_brand&post=6602"},{"taxonomy":"product_cat","embeddable":true,"href":"https:\/\/www.marisavida.com\/index.php?rest_route=%2Fwp%2Fv2%2Fproduct_cat&post=6602"},{"taxonomy":"product_tag","embeddable":true,"href":"https:\/\/www.marisavida.com\/index.php?rest_route=%2Fwp%2Fv2%2Fproduct_tag&post=6602"}],"curies":[{"name":"wp","href":"https:\/\/api.w.org\/{rel}","templated":true}]}}