{"id":6599,"date":"2025-08-15T12:22:44","date_gmt":"2025-08-15T10:22:44","guid":{"rendered":"https:\/\/www.marisavida.com\/?post_type=product&#038;p=6599"},"modified":"2025-09-13T19:29:23","modified_gmt":"2025-09-13T17:29:23","slug":"jalea-real","status":"publish","type":"product","link":"https:\/\/www.marisavida.com\/?product=jalea-real","title":{"rendered":"JALEA REAL (Sistema inmunitario)"},"content":{"rendered":"<p>Refuerza el sistema inmunitario previniendo infecciones de todo tipo.<\/p>\n<p><strong>Ingredientes (por c\u00e1psula):<\/strong><\/p>\n<ul>\n<li>Vitamina C 80 mg<\/li>\n<li>Vitamina B1 1,65 mg<\/li>\n<li>Vitamina B2 1,95 mg<\/li>\n<li>Vitamina B3 29 mg<\/li>\n<li>\u00c1cido f\u00f3lico<\/li>\n<li>Jalea real liofilizada 340 mg<\/li>\n<\/ul>\n<p><strong>Beneficios:<\/strong><\/p>\n<p data-start=\"184\" data-end=\"554\">La jalea real es un alimento natural producido por las abejas obreras para nutrir a la abeja reina, permiti\u00e9ndole vivir m\u00e1s tiempo y mantenerse fuerte. Su composici\u00f3n incluye vitaminas del complejo B, vitamina C, minerales como zinc y hierro, amino\u00e1cidos esenciales, \u00e1cidos grasos y antioxidantes que, en conjunto, la convierten en un aliado excepcional para la salud.<\/p>\n<p data-start=\"556\" data-end=\"875\">En su presentaci\u00f3n en c\u00e1psulas, la jalea real conserva mejor sus propiedades y facilita su consumo diario. Este formato evita la degradaci\u00f3n de los nutrientes, permite una dosificaci\u00f3n precisa y elimina el sabor y la textura de la jalea fresca, lo que la hace ideal para quienes buscan practicidad sin perder calidad.<\/p>\n<p data-start=\"877\" data-end=\"1326\">Uno de sus beneficios m\u00e1s valorados es su capacidad para <strong data-start=\"934\" data-end=\"970\">reforzar el sistema inmunol\u00f3gico<\/strong>. Gracias a su alta concentraci\u00f3n de antioxidantes y compuestos bioactivos, estimula la producci\u00f3n de defensas naturales del organismo, ayudando a prevenir resfriados, infecciones y otros problemas derivados de un sistema inmune debilitado. Adem\u00e1s, aporta energ\u00eda y vitalidad, lo que favorece la recuperaci\u00f3n despu\u00e9s de enfermedades y periodos de fatiga.<\/p>\n<p data-start=\"1328\" data-end=\"1681\">Consumida de manera regular, la jalea real en c\u00e1psulas puede contribuir a mantener un estado de salud \u00f3ptimo, protegiendo el cuerpo frente a agentes externos y potenciando la resistencia f\u00edsica y mental. Integrarla en una dieta equilibrada y acompa\u00f1arla de h\u00e1bitos saludables es una forma efectiva de aprovechar al m\u00e1ximo este tesoro de la naturaleza.<\/p>\n<p data-start=\"1328\" data-end=\"1681\"><strong>Modo de empleo:<\/strong><\/p>\n<p data-start=\"1328\" data-end=\"1681\">Tomar 1 c\u00e1psula al d\u00eda con el desayuno.<\/p>\n","protected":false},"excerpt":{"rendered":"<p>Refuerza el sistema inmunitario previniendo infecciones de todo tipo.<\/p>\n","protected":false},"featured_media":6600,"comment_status":"open","ping_status":"closed","template":"","meta":[],"product_brand":[],"product_cat":[77],"product_tag":[],"class_list":{"0":"post-6599","1":"product","2":"type-product","3":"status-publish","4":"has-post-thumbnail","6":"product_cat-nutricion-celular","7":"nt-post-class","8":"","17":"first","18":"instock","19":"shipping-taxable","20":"purchasable","21":"product-type-simple"},"_links":{"self":[{"href":"https:\/\/www.marisavida.com\/index.php?rest_route=\/wp\/v2\/product\/6599","targetHints":{"allow":["GET"]}}],"collection":[{"href":"https:\/\/www.marisavida.com\/index.php?rest_route=\/wp\/v2\/product"}],"about":[{"href":"https:\/\/www.marisavida.com\/index.php?rest_route=\/wp\/v2\/types\/product"}],"replies":[{"embeddable":true,"href":"https:\/\/www.marisavida.com\/index.php?rest_route=%2Fwp%2Fv2%2Fcomments&post=6599"}],"wp:featuredmedia":[{"embeddable":true,"href":"https:\/\/www.marisavida.com\/index.php?rest_route=\/wp\/v2\/media\/6600"}],"wp:attachment":[{"href":"https:\/\/www.marisavida.com\/index.php?rest_route=%2Fwp%2Fv2%2Fmedia&parent=6599"}],"wp:term":[{"taxonomy":"product_brand","embeddable":true,"href":"https:\/\/www.marisavida.com\/index.php?rest_route=%2Fwp%2Fv2%2Fproduct_brand&post=6599"},{"taxonomy":"product_cat","embeddable":true,"href":"https:\/\/www.marisavida.com\/index.php?rest_route=%2Fwp%2Fv2%2Fproduct_cat&post=6599"},{"taxonomy":"product_tag","embeddable":true,"href":"https:\/\/www.marisavida.com\/index.php?rest_route=%2Fwp%2Fv2%2Fproduct_tag&post=6599"}],"curies":[{"name":"wp","href":"https:\/\/api.w.org\/{rel}","templated":true}]}}