{"id":6590,"date":"2025-08-15T09:14:59","date_gmt":"2025-08-15T07:14:59","guid":{"rendered":"https:\/\/www.marisavida.com\/?post_type=product&#038;p=6590"},"modified":"2025-09-13T19:33:19","modified_gmt":"2025-09-13T17:33:19","slug":"tribulus-terrestris","status":"publish","type":"product","link":"https:\/\/www.marisavida.com\/?product=tribulus-terrestris","title":{"rendered":"TRIBULUS TERRESTRIS (Rendimiento sexual)"},"content":{"rendered":"<p>Aumenta la libido y mejora la calidad de las relaciones sexuales tanto en hombres como en mujeres.<\/p>\n<p><strong>Ingredientes (por 2 c\u00e1psulas):<\/strong><\/p>\n<ul>\n<li>Vitamina B6 1,4 mg<\/li>\n<li>\u00d3xido de magnesio 233,56 mg<\/li>\n<li>Gluconato de zinc 64,6 mg<\/li>\n<li>Zinc 9,65 mg<\/li>\n<li>Extracto seco de tribulus terrestris 1.000 mg<\/li>\n<li>90% saponinas 900 mg<\/li>\n<\/ul>\n<p><strong>Beneficios:<\/strong><\/p>\n<p data-start=\"0\" data-end=\"352\">El <strong data-start=\"3\" data-end=\"26\">Tribulus terrestris<\/strong> es una planta utilizada tradicionalmente en la medicina natural para mejorar la salud sexual tanto en hombres como en mujeres. Sus compuestos activos, principalmente las <strong data-start=\"197\" data-end=\"223\">saponinas esteroidales<\/strong> (como la protodioscina), se asocian con un aumento en la producci\u00f3n de hormonas relacionadas con el deseo sexual y la energ\u00eda.<\/p>\n<p data-start=\"354\" data-end=\"737\">En los hombres, puede favorecer la <strong data-start=\"389\" data-end=\"399\">libido<\/strong>, apoyar la <strong data-start=\"411\" data-end=\"430\">funci\u00f3n er\u00e9ctil<\/strong> y contribuir al rendimiento f\u00edsico, mientras que en las mujeres podr\u00eda ayudar a incrementar el <strong data-start=\"526\" data-end=\"542\">deseo sexual<\/strong> y mejorar la <strong data-start=\"556\" data-end=\"572\">sensibilidad<\/strong> durante las relaciones. Adem\u00e1s, su acci\u00f3n estimulante y antioxidante podr\u00eda potenciar la vitalidad general, lo que influye positivamente en la experiencia sexual.<\/p>\n<p data-start=\"354\" data-end=\"737\"><strong>Modo de empleo:<\/strong><\/p>\n<p data-start=\"354\" data-end=\"737\">Tomar 2 c\u00e1psulas al d\u00eda con una comida.<\/p>\n","protected":false},"excerpt":{"rendered":"<p>Aumenta la libido y mejora la calidad de las relaciones sexuales tanto en hombres como en mujeres.<\/p>\n","protected":false},"featured_media":6591,"comment_status":"open","ping_status":"closed","template":"","meta":[],"product_brand":[],"product_cat":[77],"product_tag":[],"class_list":{"0":"post-6590","1":"product","2":"type-product","3":"status-publish","4":"has-post-thumbnail","6":"product_cat-nutricion-celular","7":"nt-post-class","8":"","17":"first","18":"instock","19":"shipping-taxable","20":"purchasable","21":"product-type-simple"},"_links":{"self":[{"href":"https:\/\/www.marisavida.com\/index.php?rest_route=\/wp\/v2\/product\/6590","targetHints":{"allow":["GET"]}}],"collection":[{"href":"https:\/\/www.marisavida.com\/index.php?rest_route=\/wp\/v2\/product"}],"about":[{"href":"https:\/\/www.marisavida.com\/index.php?rest_route=\/wp\/v2\/types\/product"}],"replies":[{"embeddable":true,"href":"https:\/\/www.marisavida.com\/index.php?rest_route=%2Fwp%2Fv2%2Fcomments&post=6590"}],"wp:featuredmedia":[{"embeddable":true,"href":"https:\/\/www.marisavida.com\/index.php?rest_route=\/wp\/v2\/media\/6591"}],"wp:attachment":[{"href":"https:\/\/www.marisavida.com\/index.php?rest_route=%2Fwp%2Fv2%2Fmedia&parent=6590"}],"wp:term":[{"taxonomy":"product_brand","embeddable":true,"href":"https:\/\/www.marisavida.com\/index.php?rest_route=%2Fwp%2Fv2%2Fproduct_brand&post=6590"},{"taxonomy":"product_cat","embeddable":true,"href":"https:\/\/www.marisavida.com\/index.php?rest_route=%2Fwp%2Fv2%2Fproduct_cat&post=6590"},{"taxonomy":"product_tag","embeddable":true,"href":"https:\/\/www.marisavida.com\/index.php?rest_route=%2Fwp%2Fv2%2Fproduct_tag&post=6590"}],"curies":[{"name":"wp","href":"https:\/\/api.w.org\/{rel}","templated":true}]}}