{"id":6574,"date":"2025-08-14T16:24:54","date_gmt":"2025-08-14T14:24:54","guid":{"rendered":"https:\/\/www.marisavida.com\/?post_type=product&#038;p=6574"},"modified":"2025-08-14T16:25:06","modified_gmt":"2025-08-14T14:25:06","slug":"champu-anticaida","status":"publish","type":"product","link":"https:\/\/www.marisavida.com\/?product=champu-anticaida","title":{"rendered":"CHAMP\u00da ANTICA\u00cdDA"},"content":{"rendered":"<p>Champ\u00fa Antica\u00edda elaborado con extracto de ginseng y romero para el cuidado diario del cabello, con acci\u00f3n antica\u00edda y propiedades revitalizantes.<\/p>\n","protected":false},"excerpt":{"rendered":"<p>El champ\u00fa de ginseng y romero es una combinaci\u00f3n natural que fortalece el cabello desde la ra\u00edz y ayuda a prevenir su ca\u00edda. El ginseng estimula la circulaci\u00f3n en el cuero cabelludo, favoreciendo el crecimiento de nuevos cabellos, mientras que el romero nutre y revitaliza, aportando brillo y resistencia. Usado de forma regular, limpia suavemente, energiza el fol\u00edculo piloso y deja el cabello m\u00e1s fuerte, sano y lleno de vida.<\/p>\n<p>MODO DE EMPLEO: Aplicar sobre el cabello mojado y masajear el cuero cabelludo con suavidad hasta formar espuma. Aclarar el cabello \u00a0y repetir la operaci\u00f3n dejando actuar el producto 2 o 3 minutos antes de retirarlo con abundante agua.<\/p>\n<p>&nbsp;<\/p>\n","protected":false},"featured_media":6575,"comment_status":"open","ping_status":"closed","template":"","meta":[],"product_brand":[],"product_cat":[80],"product_tag":[],"class_list":{"0":"post-6574","1":"product","2":"type-product","3":"status-publish","4":"has-post-thumbnail","6":"product_cat-cosmetica-organica","7":"nt-post-class","8":"","17":"first","18":"instock","19":"shipping-taxable","20":"purchasable","21":"product-type-simple"},"_links":{"self":[{"href":"https:\/\/www.marisavida.com\/index.php?rest_route=\/wp\/v2\/product\/6574","targetHints":{"allow":["GET"]}}],"collection":[{"href":"https:\/\/www.marisavida.com\/index.php?rest_route=\/wp\/v2\/product"}],"about":[{"href":"https:\/\/www.marisavida.com\/index.php?rest_route=\/wp\/v2\/types\/product"}],"replies":[{"embeddable":true,"href":"https:\/\/www.marisavida.com\/index.php?rest_route=%2Fwp%2Fv2%2Fcomments&post=6574"}],"wp:featuredmedia":[{"embeddable":true,"href":"https:\/\/www.marisavida.com\/index.php?rest_route=\/wp\/v2\/media\/6575"}],"wp:attachment":[{"href":"https:\/\/www.marisavida.com\/index.php?rest_route=%2Fwp%2Fv2%2Fmedia&parent=6574"}],"wp:term":[{"taxonomy":"product_brand","embeddable":true,"href":"https:\/\/www.marisavida.com\/index.php?rest_route=%2Fwp%2Fv2%2Fproduct_brand&post=6574"},{"taxonomy":"product_cat","embeddable":true,"href":"https:\/\/www.marisavida.com\/index.php?rest_route=%2Fwp%2Fv2%2Fproduct_cat&post=6574"},{"taxonomy":"product_tag","embeddable":true,"href":"https:\/\/www.marisavida.com\/index.php?rest_route=%2Fwp%2Fv2%2Fproduct_tag&post=6574"}],"curies":[{"name":"wp","href":"https:\/\/api.w.org\/{rel}","templated":true}]}}