{"id":6566,"date":"2025-08-14T16:01:12","date_gmt":"2025-08-14T14:01:12","guid":{"rendered":"https:\/\/www.marisavida.com\/?post_type=product&#038;p=6566"},"modified":"2025-08-14T16:11:59","modified_gmt":"2025-08-14T14:11:59","slug":"champu-anticaspa","status":"publish","type":"product","link":"https:\/\/www.marisavida.com\/?product=champu-anticaspa","title":{"rendered":"CHAMP\u00da ANTICASPA"},"content":{"rendered":"<p>Champ\u00fa vegano y natural\u00a0 elaborado con arcilla y azufre para\u00a0 eliminar caspa e impurezas otorgando una limpieza profunda\u00a0 y una belleza natural a tu cabello.<\/p>\n","protected":false},"excerpt":{"rendered":"<p>Este champ\u00fa es la combinaci\u00f3n perfecta para eliminar la caspa de ra\u00edz. La arcilla purifica el cuero cabelludo absorbiendo impurezas y exceso de grasa , y el azufre combate los hongos y bacterias que causan la caspa. El resultado es un cabello limpio, sano y sin rastro de escamas.<\/p>\n<p>MODO DE EMPLEO: Aplicar sobre el cabello mojado y masajear el cuero cabelludo con suavidad hasta formar espuma. Aclarar y \u00a0repetir la operaci\u00f3n dejando actuar el producto 2 o 3 minutos antes de retirarlo con abundante agua.<\/p>\n","protected":false},"featured_media":6567,"comment_status":"open","ping_status":"closed","template":"","meta":[],"product_brand":[],"product_cat":[80],"product_tag":[],"class_list":{"0":"post-6566","1":"product","2":"type-product","3":"status-publish","4":"has-post-thumbnail","6":"product_cat-cosmetica-organica","7":"nt-post-class","8":"","17":"first","18":"instock","19":"shipping-taxable","20":"purchasable","21":"product-type-simple"},"_links":{"self":[{"href":"https:\/\/www.marisavida.com\/index.php?rest_route=\/wp\/v2\/product\/6566","targetHints":{"allow":["GET"]}}],"collection":[{"href":"https:\/\/www.marisavida.com\/index.php?rest_route=\/wp\/v2\/product"}],"about":[{"href":"https:\/\/www.marisavida.com\/index.php?rest_route=\/wp\/v2\/types\/product"}],"replies":[{"embeddable":true,"href":"https:\/\/www.marisavida.com\/index.php?rest_route=%2Fwp%2Fv2%2Fcomments&post=6566"}],"wp:featuredmedia":[{"embeddable":true,"href":"https:\/\/www.marisavida.com\/index.php?rest_route=\/wp\/v2\/media\/6567"}],"wp:attachment":[{"href":"https:\/\/www.marisavida.com\/index.php?rest_route=%2Fwp%2Fv2%2Fmedia&parent=6566"}],"wp:term":[{"taxonomy":"product_brand","embeddable":true,"href":"https:\/\/www.marisavida.com\/index.php?rest_route=%2Fwp%2Fv2%2Fproduct_brand&post=6566"},{"taxonomy":"product_cat","embeddable":true,"href":"https:\/\/www.marisavida.com\/index.php?rest_route=%2Fwp%2Fv2%2Fproduct_cat&post=6566"},{"taxonomy":"product_tag","embeddable":true,"href":"https:\/\/www.marisavida.com\/index.php?rest_route=%2Fwp%2Fv2%2Fproduct_tag&post=6566"}],"curies":[{"name":"wp","href":"https:\/\/api.w.org\/{rel}","templated":true}]}}