{"id":6421,"date":"2025-07-30T10:38:56","date_gmt":"2025-07-30T08:38:56","guid":{"rendered":"https:\/\/www.marisavida.com\/?post_type=product&#038;p=6421"},"modified":"2025-08-14T20:56:12","modified_gmt":"2025-08-14T18:56:12","slug":"crema-facial-2","status":"publish","type":"product","link":"https:\/\/www.marisavida.com\/?product=crema-facial-2","title":{"rendered":"Crema antiarrugas"},"content":{"rendered":"<h2>Crema antiarrugas natural con 90% de ingredientes BIO<\/h2>\n<h3>Nueva f\u00f3rmula con rosa mosqueta, y con vitaminas C y E<\/h3>\n<p>A partir de los treinta, tu piel necesita una ayuda para protegerse de los efectos del tiempo.<\/p>\n<p>Con los a\u00f1os, el ritmo de creaci\u00f3n de nuevas c\u00e9lulas en la piel se ralentiza. Los minerales y oligoelementos presentes en el agua termal favorecen la regeneraci\u00f3n celular, manteniendo la piel joven. A\u00f1adimos los principios activos vegetales (fitoterapia) de nuestras plantas del valle de Luna.<\/p>\n<p>Crema anti-envejecimiento a base de agua termal de Luna, savia de abedul, aceites de oliva y rosa mosqueta. Con plantas llenas de isoflavonas y anti-radicales:tr\u00e9bol de prado, malvas, cal\u00e9ndulas.<\/p>\n","protected":false},"excerpt":{"rendered":"<p>Crema antiarrugas natural con 90% de ingredientes BIO Nueva f\u00f3rmula con rosa mosqueta, y con vitaminas C y E A partir de los treinta, tu piel necesita una ayuda para protegerse de los efectos del tiempo. Con los a\u00f1os, el ritmo de creaci\u00f3n de nuevas c\u00e9lulas en la piel se ralentiza. Los minerales y oligoelementos&#8230;<\/p>\n","protected":false},"featured_media":6425,"comment_status":"open","ping_status":"closed","template":"","meta":[],"product_brand":[],"product_cat":[80],"product_tag":[],"class_list":{"0":"post-6421","1":"product","2":"type-product","3":"status-publish","4":"has-post-thumbnail","6":"product_cat-cosmetica-organica","7":"nt-post-class","8":"","12":"excerpt-none","17":"first","18":"instock","19":"shipping-taxable","20":"purchasable","21":"product-type-simple"},"_links":{"self":[{"href":"https:\/\/www.marisavida.com\/index.php?rest_route=\/wp\/v2\/product\/6421","targetHints":{"allow":["GET"]}}],"collection":[{"href":"https:\/\/www.marisavida.com\/index.php?rest_route=\/wp\/v2\/product"}],"about":[{"href":"https:\/\/www.marisavida.com\/index.php?rest_route=\/wp\/v2\/types\/product"}],"replies":[{"embeddable":true,"href":"https:\/\/www.marisavida.com\/index.php?rest_route=%2Fwp%2Fv2%2Fcomments&post=6421"}],"wp:featuredmedia":[{"embeddable":true,"href":"https:\/\/www.marisavida.com\/index.php?rest_route=\/wp\/v2\/media\/6425"}],"wp:attachment":[{"href":"https:\/\/www.marisavida.com\/index.php?rest_route=%2Fwp%2Fv2%2Fmedia&parent=6421"}],"wp:term":[{"taxonomy":"product_brand","embeddable":true,"href":"https:\/\/www.marisavida.com\/index.php?rest_route=%2Fwp%2Fv2%2Fproduct_brand&post=6421"},{"taxonomy":"product_cat","embeddable":true,"href":"https:\/\/www.marisavida.com\/index.php?rest_route=%2Fwp%2Fv2%2Fproduct_cat&post=6421"},{"taxonomy":"product_tag","embeddable":true,"href":"https:\/\/www.marisavida.com\/index.php?rest_route=%2Fwp%2Fv2%2Fproduct_tag&post=6421"}],"curies":[{"name":"wp","href":"https:\/\/api.w.org\/{rel}","templated":true}]}}