{"id":6416,"date":"2025-07-30T10:32:48","date_gmt":"2025-07-30T08:32:48","guid":{"rendered":"https:\/\/www.marisavida.com\/?post_type=product&#038;p=6416"},"modified":"2025-09-13T19:40:00","modified_gmt":"2025-09-13T17:40:00","slug":"corevir","status":"publish","type":"product","link":"https:\/\/www.marisavida.com\/?product=corevir","title":{"rendered":"CoreVir (Sistema Circulatorio, varices)"},"content":{"rendered":"<p data-oe-version=\"1.2\"><span class=\"h4-fs\">\u2764\ufe0fAcompa\u00f1ante natural para tu bienestar circulatorio y emocional\u2764\ufe0f<\/span><\/p>\n<p><strong>\u00a0<\/strong><span class=\"h6-fs\"><strong>Vol.125 ml<\/strong>\u00a0<\/span><\/p>\n<p><span class=\"h6-fs\"><strong>Core VIR<\/strong>\u00a0es un\u00a0<strong>condimento l\u00edquido simbi\u00f3tico<\/strong>, elaborado mediante un\u00a0<strong>proceso de fermentaci\u00f3n \u00e1cido-l\u00e1ctica no alcoh\u00f3lica<\/strong>\u00a0que potencia la biodisponibilidad de\u00a0<strong>plantas, vitaminas y minerales<\/strong>\u00a0tradicionalmente utilizados para\u00a0<strong>acompa\u00f1ar las rutinas de cuidado del sistema circulatorio<\/strong>\u00a0y\u00a0<strong>el equilibrio emocional<\/strong>.<\/span><\/p>\n<p><span class=\"h6-fs\">Su f\u00f3rmula combina\u00a0<strong>extractos vegetales<\/strong>\u00a0con larga tradici\u00f3n herbolaria, conocidos por su uso en\u00a0<strong>el bienestar vascular, microcirculatorio y emocional<\/strong>.<\/span><\/p>\n<p><strong><span class=\"h6-fs\">\ud83c\udf31<\/span>Ingredientes:<\/strong><\/p>\n<p><strong>Mosto concentrado de Uva negra*<\/strong>\u00a0<em>(Vitis vinifera)<\/em>,\u00a0<strong>Melaza de ca\u00f1a*<\/strong>\u00a0<em>(Saccharum officinarum<\/em>),\u00a0<strong>Espino Albar<\/strong>*\u00a0<em>(Crataegus monogyna<\/em>), Humectante (Glicerina vegetal),\u00a0<strong><em>Curcuma longa<\/em>*<\/strong>,<strong>\u00a0Vitamina C- \u00c1cido asc\u00f3rbico<\/strong>\u00a0(40 mg; 50% VRN),\u00a0<strong>Agripalma*<\/strong>\u00a0<em>(Leonorus cardiaca<\/em>),\u00a0<strong>Cloruro de Magnesio,\u00a0<em>Gingko biloba<\/em>*<\/strong>,\u00a0<strong>Eleuterococo*<\/strong>\u00a0(<em>Eleutherococcus senticosus<\/em>),\u00a0<strong>Rusco*<\/strong>\u00a0(<em>Ruscus aculeatus<\/em>),\u00a0<strong>Mirtilo*<\/strong>\u00a0(<em>Vaccinium myrtillus<\/em>),\u00a0<strong>Casta\u00f1o de Indias*<\/strong>\u00a0(<em>Aesculus hippocastanum<\/em>),\u00a0<strong><em>Centella Asi\u00e1tica*,<\/em>\u00a0Bacterias acidol\u00e1cticas\u00a0<em>(Lactobacilus acidophilius, Bifidobacterium bifidum, Lactobacillus casei, Lactobacillos lactis, Streptococus termophilus, Lactobacillus rhamnosus<\/em>),<\/strong>\u00a0<strong>Sal marina*<\/strong>\u00a0(Cloruro s\u00f3dico),\u00a0<strong>Estevia<\/strong>* (<em>Stevia rebaudiana<\/em>; Edulcorante: gluc\u00f3sidos de esteviol),\u00a0<strong>Tabashir<\/strong>* (<em>Bambusa vulgaris<\/em>),<strong>\u00a0Di\u00f3xido de silicio<\/strong>\u00a0(E-551), Vitamina B1-Tiamina (2,1 mg; 190,9% VRN),\u00a0<strong>Vitamina B3<\/strong>-Niacina (2 mg; 12,5% VRN),\u00a0<strong>Regaliz*<\/strong>\u00a0(<em>Glycyrrhiza glabra<\/em>),\u00a0<strong>Pimienta negra*<\/strong>\u00a0(<em>Piper nigrum<\/em>),\u00a0<strong>Vitamina D3<\/strong>-Colecalciferol (3,75 \u00b5g; 75% VRN) y\u00a0<strong>Vitamina B12<\/strong>-Cianocobalamina (1,5 \u00b5g; 60% VRN).<\/p>\n<p><em>*<strong>\u00a0Procedente de la agricultura ecol\u00f3gica<\/strong><\/em><\/p>\n<p><em><strong>% VRN Valor de Referencia de Nutrientes<\/strong><\/em><\/p>\n<p><span class=\"h6-fs\">\ud83c\udf31\u00a0<strong>Plantas y micronutrientes destacados:<\/strong><\/span><\/p>\n<ul>\n<li><span class=\"h6-fs\"><strong>Ginkgo biloba<\/strong>: Utilizado tradicionalmente en la medicina oriental para acompa\u00f1ar el\u00a0<strong>bienestar de la circulaci\u00f3n central y perif\u00e9rica<\/strong>.<\/span><\/li>\n<li><span class=\"h6-fs\"><strong>Espino albar<\/strong>: Planta valorada por su uso en la\u00a0<strong>tonificaci\u00f3n y relajaci\u00f3n del m\u00fasculo card\u00edaco<\/strong>.<\/span><\/li>\n<li><span class=\"h6-fs\"><strong>Rusco, Mirtilo y Casta\u00f1o de Indias<\/strong>: Ingredientes presentes en f\u00f3rmulas para el\u00a0<strong>cuidado de la circulaci\u00f3n venosa<\/strong>.<\/span><\/li>\n<li><span class=\"h6-fs\"><strong>Centella asi\u00e1tica<\/strong>: Conocida en el Ayurveda por su uso en\u00a0<strong>rutinas de equilibrio mental y circulatorio<\/strong>.<\/span><\/li>\n<li><span class=\"h6-fs\"><strong>Eleuterococo<\/strong>: Planta utilizada en herbolaria como adapt\u00f3geno natural.<\/span><\/li>\n<li><span class=\"h6-fs\"><strong>Cola de caballo<\/strong>: Fuente vegetal de\u00a0<strong>silicio<\/strong>, usada en f\u00f3rmulas tradicionales para\u00a0<strong>el drenaje y remineralizaci\u00f3n<\/strong>.<\/span><\/li>\n<li><span class=\"h6-fs\"><strong>C\u00farcuma y Pimienta negra<\/strong>: Ingredientes cl\u00e1sicos en la cocina y la fitoterapia, combinados para\u00a0<strong>favorecer la asimilaci\u00f3n de compuestos vegetales<\/strong>.<\/span><\/li>\n<li><span class=\"h6-fs\"><strong>Regaliz y Mosto de uva negra<\/strong>: Aportan\u00a0<strong>dulzor natural y polifenoles antioxidantes<\/strong>.<\/span><\/li>\n<li><span class=\"h6-fs\"><strong>Vitaminas B1, B3, B12, C, D3<\/strong>,\u00a0<strong>Magnesio y Zinc<\/strong>: Nutrientes presentes en muchas formulaciones para el\u00a0<strong>equilibrio metab\u00f3lico y vascular<\/strong>.<\/span><\/li>\n<li><span class=\"h6-fs\"><strong>Cultivos simbi\u00f3ticos de bacterias acidol\u00e1cticas<\/strong>: Proceso\u00a0<strong>VIR\u00a9<\/strong>\u00a0que\u00a0<strong>potencia la biodisponibilidad<\/strong>\u00a0de todos los ingredientes vegetales.<\/span><\/li>\n<\/ul>\n<p><span class=\"h6-fs\">\ud83e\uddec\u00a0<strong>\u00bfQu\u00e9 lo hace especial?<\/strong><\/span><\/p>\n<p><span class=\"h6-fs\">Su\u00a0<strong>fermentaci\u00f3n simbi\u00f3tica<\/strong>\u00a0transforma estos ingredientes en una\u00a0<strong>f\u00f3rmula viva y biodisponible<\/strong>, aportando\u00a0<strong>nutrientes activados y postbi\u00f3ticos<\/strong>, en un formato l\u00edquido\u00a0<strong>f\u00e1cil de usar y de integrar en tu rutina diaria<\/strong>.<\/span><\/p>\n<p><span class=\"h6-fs\">Pensado como complemento alimenticio, es ideal para\u00a0<strong>acompa\u00f1ar las rutinas de cuidado del sistema circulatorio general y del bienestar emocional<\/strong>.<\/span><\/p>\n<p><span class=\"h6-fs\">\ud83d\udcdd\u00a0<strong>Modo de uso recomendado:<\/strong><\/span><\/p>\n<ul>\n<li><span class=\"h6-fs\">Tomar\u00a0<strong>30 gotas (1,5 ml)<\/strong>\u00a0de\u00a0<strong>1 a 3 veces al d\u00eda<\/strong>, diluido en agua y en ayunas.<\/span><\/li>\n<li><span class=\"h6-fs\">Mantener en la boca unos segundos antes de tragar.<\/span><\/li>\n<li><span class=\"h6-fs\"><strong>Agitar antes de usar<\/strong>.<\/span><\/li>\n<\/ul>\n<p><span class=\"h6-fs\">\u26a0\ufe0f\u00a0<strong>Precauciones:<\/strong><\/span><\/p>\n<ul>\n<li><span class=\"h6-fs\">No superar la dosis diaria recomendada.<\/span><\/li>\n<li><span class=\"h6-fs\">Consultar en caso de\u00a0<strong>tratamientos anticoagulantes<\/strong>.<\/span><\/li>\n<li><span class=\"h6-fs\">Mantener fuera del alcance de los ni\u00f1os.<\/span><\/li>\n<li><span class=\"h6-fs\">No sustituye una dieta equilibrada.<\/span><\/li>\n<\/ul>\n","protected":false},"excerpt":{"rendered":"<p>\u2764\ufe0fAcompa\u00f1ante natural para tu bienestar circulatorio y emocional\u2764\ufe0f \u00a0Vol.125 ml\u00a0 Core VIR\u00a0es un\u00a0condimento l\u00edquido simbi\u00f3tico, elaborado mediante un\u00a0proceso de fermentaci\u00f3n \u00e1cido-l\u00e1ctica no alcoh\u00f3lica\u00a0que potencia la biodisponibilidad de\u00a0plantas, vitaminas y minerales\u00a0tradicionalmente utilizados para\u00a0acompa\u00f1ar las rutinas de cuidado del sistema circulatorio\u00a0y\u00a0el equilibrio emocional. Su f\u00f3rmula combina\u00a0extractos vegetales\u00a0con larga tradici\u00f3n herbolaria, conocidos por su uso en\u00a0el bienestar vascular,&#8230;<\/p>\n","protected":false},"featured_media":6417,"comment_status":"open","ping_status":"closed","template":"","meta":[],"product_brand":[],"product_cat":[78],"product_tag":[],"class_list":{"0":"post-6416","1":"product","2":"type-product","3":"status-publish","4":"has-post-thumbnail","6":"product_cat-alimentacion-simbiotica","7":"nt-post-class","8":"","12":"excerpt-none","17":"first","18":"instock","19":"shipping-taxable","20":"purchasable","21":"product-type-simple"},"_links":{"self":[{"href":"https:\/\/www.marisavida.com\/index.php?rest_route=\/wp\/v2\/product\/6416","targetHints":{"allow":["GET"]}}],"collection":[{"href":"https:\/\/www.marisavida.com\/index.php?rest_route=\/wp\/v2\/product"}],"about":[{"href":"https:\/\/www.marisavida.com\/index.php?rest_route=\/wp\/v2\/types\/product"}],"replies":[{"embeddable":true,"href":"https:\/\/www.marisavida.com\/index.php?rest_route=%2Fwp%2Fv2%2Fcomments&post=6416"}],"wp:featuredmedia":[{"embeddable":true,"href":"https:\/\/www.marisavida.com\/index.php?rest_route=\/wp\/v2\/media\/6417"}],"wp:attachment":[{"href":"https:\/\/www.marisavida.com\/index.php?rest_route=%2Fwp%2Fv2%2Fmedia&parent=6416"}],"wp:term":[{"taxonomy":"product_brand","embeddable":true,"href":"https:\/\/www.marisavida.com\/index.php?rest_route=%2Fwp%2Fv2%2Fproduct_brand&post=6416"},{"taxonomy":"product_cat","embeddable":true,"href":"https:\/\/www.marisavida.com\/index.php?rest_route=%2Fwp%2Fv2%2Fproduct_cat&post=6416"},{"taxonomy":"product_tag","embeddable":true,"href":"https:\/\/www.marisavida.com\/index.php?rest_route=%2Fwp%2Fv2%2Fproduct_tag&post=6416"}],"curies":[{"name":"wp","href":"https:\/\/api.w.org\/{rel}","templated":true}]}}