{"id":6393,"date":"2025-07-29T13:14:31","date_gmt":"2025-07-29T11:14:31","guid":{"rendered":"https:\/\/www.marisavida.com\/?post_type=product&#038;p=6393"},"modified":"2026-03-05T23:40:20","modified_gmt":"2026-03-05T22:40:20","slug":"calmia-dia","status":"publish","type":"product","link":"https:\/\/www.marisavida.com\/?product=calmia-dia","title":{"rendered":"CALMIA D\u00cdA (Ansiedad)"},"content":{"rendered":"<div class=\"et_pb_module et_pb_wc_description et_pb_wc_description_0 et_pb_bg_layout_light et_pb_text_align_left\">\n<div class=\"et_pb_module_inner\">\n<p>Complemento alimenticio a base de prote\u00edna de c\u00e1\u00f1amo, extractos vegetales, tript\u00f3fano y vitamina B6 que aporta equilibrio y vitalidad a tu organismo y promueve el buen funcionamiento del sistema nervioso y la funci\u00f3n psicol\u00f3gica.<\/p>\n<p><strong>Ingredientes activos:<\/strong><\/p>\n<ul>\n<li><strong>Ashwagandha Shoden \u00ae\u00a0<\/strong><\/li>\n<li>Azafr\u00e1n<\/li>\n<li>Extracto Rhodiola Rosea<\/li>\n<li>L-Triptofano<\/li>\n<li>Vitamina B-6<\/li>\n<li>Prote\u00edna de C\u00e1\u00f1amo<\/li>\n<\/ul>\n<\/div>\n<\/div>\n<div class=\"et_pb_module et_pb_wc_description et_pb_wc_description_0 et_pb_bg_layout_light et_pb_text_align_left\">\n<div class=\"et_pb_module_inner\">\n<p>&nbsp;<\/p>\n<p><strong>INGREDIENTES:\u00a0<\/strong><em>Extracto seco de Ashwagandha Shoden\u00ae (Withania somn\u00edfera-ra\u00edz seca y hojas) 35% de witan\u00f3lidos, prote\u00edna de c\u00e1\u00f1amo, L-tript\u00f3fano, extracto seco de Rhodiola rosea (Rhodiola rosea-ra\u00edz), extracto seco de Azafr\u00e1n (Crocus sativus-estigmas), agente de carga (celulosa microcristalina), agente antiaglomerante (estearato de magnesio) y clorhidrato de piridoxina (vitamina B6). C\u00e1psula: agente de recubrimiento (hidroxipropilmetilcelulosa)<\/em><\/p>\n<p>Producto Vegano<\/p>\n<\/div>\n<p><em>Puede contener trazas de gluten, leche, huevos, pescado, sulfitos, apio y soja<\/em><\/p>\n<p><strong>MODO DE EMPLEO:<\/strong><\/p>\n<p><span class=\"JsGRdQ\">Tomar 1 o 2 c\u00e1psulas al d\u00eda. Con el desayuno y\/o con la cena. <\/span><span class=\"JsGRdQ\">Tomar m\u00ednimo durante\u00a0<strong>2 meses,<\/strong>\u00a0los primeros efectos se empiezan a notar en las dos primeras semanas.<\/span><\/p>\n<p>Puedes combinarlo con\u00a0<a href=\"https:\/\/webotanix.com\/producto\/calmia-noche\/\">Calmia Noche<\/a>\u00a0-&gt; Una c\u00e1psula de Calmia D\u00eda en el desayuno y una de Calmia Noche media hora antes de dormir. O con\u00a0<a href=\"https:\/\/webotanix.com\/producto\/calmia-noche-spray-instant-30ml\/\">Calmia Noche Spray Sublingual<\/a><\/p>\n<p><strong>DOSIS DIARIA RECOMENDADA:\u00a0<\/strong><\/p>\n<p>1- 2 c\u00e1psulas<\/p>\n<p><strong>ADVERTENCIAS<\/strong><\/p>\n<p>Los suplementos alimenticios no deben utilizarse como sustitutos en una dieta equilibrada. No superar la dosis diaria expresamente recomendada. Mantener fuera del alcance de los ni\u00f1os m\u00e1s peque\u00f1os. No debe ser consumido por mujeres embarazadas, ni por aquellas personas que est\u00e9n siendo tratadas con antidepresivos o que padezcan insuficiencia renal. Conservar bien cerrado en un lugar fresco y seco.<\/p>\n<p><strong>RESPONSABILIDAD M\u00c9DICA:<\/strong><\/p>\n<div class=\"et_pb_module et_pb_tabs et_pb_tabs_0 et_slide_transition_to_1 et_slide_transition_to_2 et_slide_transition_to_3\">\n<div class=\"et_pb_all_tabs\">\n<div class=\"et_pb_tab et_pb_tab_3 clearfix et-pb-active-slide\">\n<div class=\"et_pb_tab_content\">\n<p>La informaci\u00f3n proporcionada en este producto solo tiene fines informativos. No supone asesoramiento profesional, m\u00e9dico o legal.<\/p>\n<\/div>\n<\/div>\n<\/div>\n<\/div>\n<div class=\"et_pb_module et_pb_wc_related_products et_pb_wc_related_products_0 et_pb_bg_layout_\">\n<div class=\"et_pb_module_inner\"><strong>REGULACI\u00d3N LEGAL:<\/strong><\/div>\n<div>\n<div class=\"et_pb_module et_pb_tabs et_pb_tabs_0 et_slide_transition_to_1 et_slide_transition_to_2 et_slide_transition_to_3 et_slide_transition_to_4\">\n<div class=\"et_pb_all_tabs\">\n<div class=\"et_pb_tab et_pb_tab_4 clearfix et-pb-active-slide\">\n<div class=\"et_pb_tab_content\">\n<p>Complemento alimenticio. Su comercializaci\u00f3n es legal en toda Europa.<\/p>\n<\/div>\n<\/div>\n<\/div>\n<\/div>\n<\/div>\n<\/div>\n<\/div>\n","protected":false},"excerpt":{"rendered":"<p>Complemento alimenticio a base de prote\u00edna de c\u00e1\u00f1amo, extractos vegetales, tript\u00f3fano y vitamina B6 que aporta equilibrio y vitalidad a tu organismo y promueve el buen funcionamiento del sistema nervioso y la funci\u00f3n psicol\u00f3gica. Ingredientes activos: Ashwagandha Shoden \u00ae\u00a0 Azafr\u00e1n Extracto Rhodiola Rosea L-Triptofano Vitamina B-6 Prote\u00edna de C\u00e1\u00f1amo &nbsp; INGREDIENTES:\u00a0Extracto seco de Ashwagandha Shoden\u00ae&#8230;<\/p>\n","protected":false},"featured_media":6394,"comment_status":"open","ping_status":"closed","template":"","meta":[],"product_brand":[],"product_cat":[77],"product_tag":[],"class_list":{"0":"post-6393","1":"product","2":"type-product","3":"status-publish","4":"has-post-thumbnail","6":"product_cat-nutricion-celular","7":"nt-post-class","8":"","12":"excerpt-none","17":"first","18":"instock","19":"shipping-taxable","20":"purchasable","21":"product-type-simple"},"_links":{"self":[{"href":"https:\/\/www.marisavida.com\/index.php?rest_route=\/wp\/v2\/product\/6393","targetHints":{"allow":["GET"]}}],"collection":[{"href":"https:\/\/www.marisavida.com\/index.php?rest_route=\/wp\/v2\/product"}],"about":[{"href":"https:\/\/www.marisavida.com\/index.php?rest_route=\/wp\/v2\/types\/product"}],"replies":[{"embeddable":true,"href":"https:\/\/www.marisavida.com\/index.php?rest_route=%2Fwp%2Fv2%2Fcomments&post=6393"}],"wp:featuredmedia":[{"embeddable":true,"href":"https:\/\/www.marisavida.com\/index.php?rest_route=\/wp\/v2\/media\/6394"}],"wp:attachment":[{"href":"https:\/\/www.marisavida.com\/index.php?rest_route=%2Fwp%2Fv2%2Fmedia&parent=6393"}],"wp:term":[{"taxonomy":"product_brand","embeddable":true,"href":"https:\/\/www.marisavida.com\/index.php?rest_route=%2Fwp%2Fv2%2Fproduct_brand&post=6393"},{"taxonomy":"product_cat","embeddable":true,"href":"https:\/\/www.marisavida.com\/index.php?rest_route=%2Fwp%2Fv2%2Fproduct_cat&post=6393"},{"taxonomy":"product_tag","embeddable":true,"href":"https:\/\/www.marisavida.com\/index.php?rest_route=%2Fwp%2Fv2%2Fproduct_tag&post=6393"}],"curies":[{"name":"wp","href":"https:\/\/api.w.org\/{rel}","templated":true}]}}