{"id":6389,"date":"2025-07-29T13:10:08","date_gmt":"2025-07-29T11:10:08","guid":{"rendered":"https:\/\/www.marisavida.com\/?post_type=product&#038;p=6389"},"modified":"2026-03-05T23:40:10","modified_gmt":"2026-03-05T22:40:10","slug":"calmia-noche","status":"publish","type":"product","link":"https:\/\/www.marisavida.com\/?product=calmia-noche","title":{"rendered":"CALMIA NOCHE (Insomnio)"},"content":{"rendered":"<div class=\"et_pb_module_inner\">\n<p>Complemento alimenticio a base de melatonina, prote\u00edna de c\u00e1\u00f1amo, GABA y extractos vegetales que favorece un descanso m\u00e1s profundo y ayuda a conciliar el sue\u00f1o.<\/p>\n<div class=\"et_pb_module_inner\">\n<p><strong>\u00bfPara qui\u00e9n est\u00e1 recomendado?<\/strong><\/p>\n<\/div>\n<p>Para personas en situaciones de estr\u00e9s y ansiedad con\u00a0<strong>dificultad para conciliar y mantener el sue\u00f1o<\/strong>. Favorece el\u00a0<strong>descanso reparador<\/strong>\u00a0por la noche.<\/p>\n<p><strong>Ingredientes activos:<\/strong><\/p>\n<ul>\n<li>Cannabis<\/li>\n<li>Amapola de California<\/li>\n<li>Melatonina 1,9 mg<\/li>\n<li>GABA<\/li>\n<li>L\u00fapulo<\/li>\n<\/ul>\n<\/div>\n<div class=\"et_pb_module_inner\">\n<p><strong>INGREDIENTES:\u00a0<\/strong><em>Extracto seco de Amapola calif\u00f3rnica (Eschscholzia Californica-parte a\u00e9rea) 0,2% de alcaloides, extracto seco de L\u00fapulo (Humulus lupulus-flor) 4% de flavonas, prote\u00edna de c\u00e1\u00f1amo, \u00e1cido gamma-aminobut\u00edrico (GABA), agente de carga (celulosa microcristalina), antiaglomerante (estearato de magnesio) y melatonina. C\u00e1psula: Agente de recubrimiento (hidroxipropilmetilcelulosa).<\/em><\/p>\n<p>Producto Vegano<\/p>\n<p><em>Puede contener trazas de gluten, leche, huevos, pescado, sulfitos, apio y soja<\/em><\/p>\n<p><strong>MODO DE EMPLEO:<\/strong><\/p>\n<p>Tomar una c\u00e1psula media hora antes de dormir<\/p>\n<p>Puedes combinarlo con Calmia D\u00eda -&gt; Una c\u00e1psula de Calmia D\u00eda en el desayuno y una de Calmia Noche media hora antes de dormir.<\/p>\n<div class=\"page\" title=\"Page 1\">\n<div class=\"section\">\n<div class=\"layoutArea\">\n<div class=\"column\">\n<p><strong>DOSIS DIARIA RECOMENDADA:\u00a0<\/strong><\/p>\n<p>1 c\u00e1psula<\/p>\n<p><strong>ADVERTENCIAS<\/strong><\/p>\n<p>Los complementos alimenticios no deben utilizarse como sustitutos de una dieta equilibrada. No superar la dosis diaria expresamente recomendada. Mantener fuera del alcance de los ni\u00f1os m\u00e1s peque\u00f1os. No se recomienda su uso en mujeres embarazadas y lactantes. No se recomienda su uso en personas con antecedentes personales o familiares de c\u00e1ncer hormonodependiente. Conservar bien cerrado en lugar fresco y seco.<\/p>\n<\/div>\n<\/div>\n<\/div>\n<\/div>\n<p><strong>RESPONSABILIDAD M\u00c9DICA:<\/strong><\/p>\n<div class=\"et_pb_module et_pb_tabs et_pb_tabs_0 et_slide_transition_to_1 et_slide_transition_to_2 et_slide_transition_to_3\">\n<div class=\"et_pb_all_tabs\">\n<div class=\"et_pb_tab et_pb_tab_3 clearfix et-pb-active-slide\">\n<div class=\"et_pb_tab_content\">\n<p>La informaci\u00f3n proporcionada en este producto solo tiene fines informativos. No supone asesoramiento profesional, m\u00e9dico o legal.<\/p>\n<\/div>\n<\/div>\n<\/div>\n<\/div>\n<div class=\"et_pb_module et_pb_wc_related_products et_pb_wc_related_products_0 et_pb_bg_layout_\">\n<div class=\"et_pb_module_inner\"><strong>REGULACI\u00d3N LEGAL:<\/strong><\/div>\n<div>\n<div class=\"et_pb_module et_pb_tabs et_pb_tabs_0 et_slide_transition_to_1 et_slide_transition_to_2 et_slide_transition_to_3 et_slide_transition_to_4\">\n<div class=\"et_pb_all_tabs\">\n<div class=\"et_pb_tab et_pb_tab_4 clearfix et-pb-active-slide\">\n<div class=\"et_pb_tab_content\">\n<p>Complemento Alimenticio. Su comercializaci\u00f3n es legal en toda Europa.<\/p>\n<\/div>\n<\/div>\n<\/div>\n<\/div>\n<\/div>\n<\/div>\n<\/div>\n","protected":false},"excerpt":{"rendered":"<p>Complemento alimenticio a base de melatonina, prote\u00edna de c\u00e1\u00f1amo, GABA y extractos vegetales que favorece un descanso m\u00e1s profundo y ayuda a conciliar el sue\u00f1o. \u00bfPara qui\u00e9n est\u00e1 recomendado? Para personas en situaciones de estr\u00e9s y ansiedad con\u00a0dificultad para conciliar y mantener el sue\u00f1o. Favorece el\u00a0descanso reparador\u00a0por la noche. Ingredientes activos: Cannabis Amapola de California&#8230;<\/p>\n","protected":false},"featured_media":6390,"comment_status":"open","ping_status":"closed","template":"","meta":[],"product_brand":[],"product_cat":[15],"product_tag":[],"class_list":{"0":"post-6389","1":"product","2":"type-product","3":"status-publish","4":"has-post-thumbnail","6":"product_cat-sincategoria","7":"nt-post-class","8":"","12":"excerpt-none","17":"first","18":"instock","19":"shipping-taxable","20":"purchasable","21":"product-type-simple"},"_links":{"self":[{"href":"https:\/\/www.marisavida.com\/index.php?rest_route=\/wp\/v2\/product\/6389","targetHints":{"allow":["GET"]}}],"collection":[{"href":"https:\/\/www.marisavida.com\/index.php?rest_route=\/wp\/v2\/product"}],"about":[{"href":"https:\/\/www.marisavida.com\/index.php?rest_route=\/wp\/v2\/types\/product"}],"replies":[{"embeddable":true,"href":"https:\/\/www.marisavida.com\/index.php?rest_route=%2Fwp%2Fv2%2Fcomments&post=6389"}],"wp:featuredmedia":[{"embeddable":true,"href":"https:\/\/www.marisavida.com\/index.php?rest_route=\/wp\/v2\/media\/6390"}],"wp:attachment":[{"href":"https:\/\/www.marisavida.com\/index.php?rest_route=%2Fwp%2Fv2%2Fmedia&parent=6389"}],"wp:term":[{"taxonomy":"product_brand","embeddable":true,"href":"https:\/\/www.marisavida.com\/index.php?rest_route=%2Fwp%2Fv2%2Fproduct_brand&post=6389"},{"taxonomy":"product_cat","embeddable":true,"href":"https:\/\/www.marisavida.com\/index.php?rest_route=%2Fwp%2Fv2%2Fproduct_cat&post=6389"},{"taxonomy":"product_tag","embeddable":true,"href":"https:\/\/www.marisavida.com\/index.php?rest_route=%2Fwp%2Fv2%2Fproduct_tag&post=6389"}],"curies":[{"name":"wp","href":"https:\/\/api.w.org\/{rel}","templated":true}]}}