{"id":6386,"date":"2025-07-29T13:02:05","date_gmt":"2025-07-29T11:02:05","guid":{"rendered":"https:\/\/www.marisavida.com\/?post_type=product&#038;p=6386"},"modified":"2026-03-05T23:37:37","modified_gmt":"2026-03-05T22:37:37","slug":"probiotax-microbiota-cacao","status":"publish","type":"product","link":"https:\/\/www.marisavida.com\/?product=probiotax-microbiota-cacao","title":{"rendered":"PROBIOTAX CACAO (Probi\u00f3tico)"},"content":{"rendered":"<p><strong>Probiotax Microbiota Sabor Cacao\u00a0<\/strong>(30 dosis) es un complemento alimenticio cuidadosamente formulado para promover la diversidad y el bienestar de la microbiota intestinal, mejorando as\u00ed la absorci\u00f3n de nutrientes y fortaleciendo el sistema inmunol\u00f3gico.\u00a0<strong>Probiotax Microbiota Sabor Cacao\u00a0<\/strong>est\u00e1 formulado a base de probi\u00f3ticos y prebi\u00f3ticos, L-glutamina y Zinc. La combinaci\u00f3n de prebi\u00f3ticos y probi\u00f3ticos, convierten a Probiotax en un producto simbi\u00f3tico, ya que estos dos ingredientes juntos trabajan para promover un equilibrio saludable de la microbiota intestinal.<\/p>\n<p class=\"cvGsUA direction-ltr align-center para-style-body\"><strong><span class=\"OYPEnA text-decoration-none text-strikethrough-none\">INGREDIENTES<\/span><\/strong><\/p>\n<p class=\"cvGsUA direction-ltr align-center para-style-body\">Simbi\u00f3ticos (pre\/probi\u00f3ticos) \u00b7 Melena de Le\u00f3n \u00b7 L-Glutamina \u00b7 Zinc \u00b7 Leche de Coco \u00b7 MCT<\/p>\n<h2 class=\"h6\"><strong>\u00bfPor qu\u00e9 es tan importante la microbiota?<\/strong><\/h2>\n<p>La microbiota intestinal es una comunidad diversa de microorganismos que se encuentran en nuestro tracto gastrointestinal y desempe\u00f1a m\u00faltiples funciones vitales. Ayuda en la digesti\u00f3n y metabolismo de los alimentos, produce vitaminas esenciales y modula la respuesta inmunol\u00f3gica, protegiendo de pat\u00f3genos. Adem\u00e1s, influye en la salud mental, regulando la producci\u00f3n de neurotransmisores relacionados con el estado de \u00e1nimo. El desequilibrio de la microbiota puede desencadenar en trastornos intestinales, ansiedad y depresi\u00f3n. Tambi\u00e9n puede favorecer la obesidad y dificultar la p\u00e9rdida de peso.<\/p>\n<p>Mantener una microbiota equilibrada es crucial para la salud f\u00edsica y mental.<\/p>\n<h3 class=\"h6\"><strong>\u00bfCu\u00e1ndo se recomienda tomar Probiotax Microbiota?<\/strong><\/h3>\n<p>Para personas que padecen trastornos gastrointestinales (diarreas, estre\u00f1imiento\u2026), antibioticoterapia excesiva, inmunidad deprimida, intolerancias alimenticias, disbiosis de la flora intestinal y vaginal, trastornos cut\u00e1neos o para prevenir la candidiasis vaginal.<\/p>\n<h3 class=\"h6\"><strong>\u00bfQu\u00e9 hace diferente a Probiotax Microbiota?<\/strong><\/h3>\n<p>La sinergia de sus ingredientes natural, convierten a Probiotax en la mejor soluci\u00f3n para cuidar tu flora intestinal.<\/p>\n<h3 class=\"h6\"><strong>\u00bfY qu\u00e9 tiene de especial Probiotax?<\/strong><\/h3>\n<p>La combinaci\u00f3n perfecta de probi\u00f3ticos y prebi\u00f3ticos Meglaflora 9 evo m\u00e1s prebi\u00f3ticos Inavea\u2122 ofrece una soluci\u00f3n integral para la salud digestiva, mejorando la flora intestinal y creando un entorno favorable para la multiplicaci\u00f3n y actividad metab\u00f3lica de bacterias beneficiosas.<\/p>\n<p>Ingredientes: InaveaTM pulpa ecol\u00f3gica del fruto de Baobab (Adansonia digitada L.) y goma ecol\u00f3gica de Acacia (Acacia seyal Delile), Megaflora 9 Evo**, triglic\u00e9ridos de cadena media (MCT) de aceite de coco, cacao en polvo ecol\u00f3gico, leche de coco en polvo ecol\u00f3gica, extracto seco de melena de le\u00f3n (Hericium erinaceus\/ cuerpo fruct\u00edfero), L-glutamina, maltodextrina de tapioca ecol\u00f3gica, gluconato de zinc.<\/p>\n<p><em>** Almid\u00f3n y maltodextrina de ma\u00edz, fructooligosac\u00e1ridos (FOS), inulina, dextrina de ma\u00edz, cloruro de potasio (estabilizador), prote\u00edna hidrolizada vegetal, sulfato de magnesio, probi\u00f3ticos (Lactobacillus acidophilus W22, Lactobacillus plantarum W21, Lactobacillus plantarum W1, Lactobacillus paracasei W20, lactobacillus salivarius W24, Lactococcus lactis W19, Bifidobacterium lactis W51, Bifidobacterium lactis W52 y Enterococcus faecium W54), enzima (amilasa) y sulfato de manganeso.\u00a0<\/em><\/p>\n<p><strong>MODO DE EMPLEO<\/strong><\/p>\n<p>Mezclar 1 cacito dosificador (aprox. 5g) en agua, zumo, batido o caf\u00e9 y remover bien. Se puede tomar con bebidas ligeramente calientes. Tomar una vez al d\u00eda, preferiblemente con el desayuno.<\/p>\n<p><strong>CONSEJO DE USO<\/strong><\/p>\n<p>Complementar con una dieta equilibrada.<\/p>\n<p><strong>AL\u00c9RGENOS<\/strong><\/p>\n<p>No contiene al\u00e9rgenos indicados en el anexo II del Reglamento (UE) 1169\/2011. Libre de gluten y de lactosa.<\/p>\n<p><strong>ADVERTENCIAS<\/strong><\/p>\n<p>Los complementos alimenticios no deben utilizarse como sustituto de una dieta equilibrada. No superar la dosis diaria expresamente recomendada. Mantener fuera del alcance de los ni\u00f1os m\u00e1s peque\u00f1os. Se aconseja a las mujeres embarazadas o lactantes que consulten a su m\u00e9dico antes de tomar cualquier suplemento. Conservar bien cerrado en lugar fresco y seco.<\/p>\n<p><strong>RESPONSABILIDAD M\u00c9DICA<\/strong><\/p>\n<p>La informaci\u00f3n proporcionada en este producto solo tiene fines informativos. No supone asesoramiento profesional, m\u00e9dico o legal.<\/p>\n<p><strong>REGULACI\u00d3N LEGAL<\/strong><\/p>\n<p>Complemento Alimenticio. Su comercializaci\u00f3n es legal en toda Europa.<\/p>\n<p><strong>CERTIFICADO<\/strong><\/p>\n<p><strong>\u2022 No GMO:<\/strong>\u00a0no contiene ning\u00fan ingrediente que provenga de Organismos Modificados Gen\u00e9ticamente, por lo que no est\u00e1 sometido al etiquetado de los OMG de los Reglamentos (EU) 1829\/2003 y 1830\/2003.<br \/>\n<strong>\u2022 Fabricado en la EU:<\/strong>\u00a0 fabricado en la Uni\u00f3n Europea.<br \/>\n<strong>\u2022 No ionizado:<\/strong>\u00a0No se usa radiaci\u00f3n ionizante en ning\u00fan punto durante el proceso de fabricaci\u00f3n del producto conforme con Directivas 1999\/2\/EC y 1999\/3\/EC.<br \/>\n<strong>\u2022 BSE \/ TSE:<\/strong>\u00a0est\u00e1 libre de cualquier riesgo de BSE \/ TSE seg\u00fan Reglamento (CE) 999\/2001.<\/p>\n","protected":false},"excerpt":{"rendered":"<p>Probiotax Microbiota Sabor Cacao\u00a0(30 dosis) es un complemento alimenticio cuidadosamente formulado para promover la diversidad y el bienestar de la microbiota intestinal, mejorando as\u00ed la absorci\u00f3n de nutrientes y fortaleciendo el sistema inmunol\u00f3gico.\u00a0Probiotax Microbiota Sabor Cacao\u00a0est\u00e1 formulado a base de probi\u00f3ticos y prebi\u00f3ticos, L-glutamina y Zinc. La combinaci\u00f3n de prebi\u00f3ticos y probi\u00f3ticos, convierten a Probiotax&#8230;<\/p>\n","protected":false},"featured_media":6387,"comment_status":"open","ping_status":"closed","template":"","meta":[],"product_brand":[],"product_cat":[15],"product_tag":[],"class_list":{"0":"post-6386","1":"product","2":"type-product","3":"status-publish","4":"has-post-thumbnail","6":"product_cat-sincategoria","7":"nt-post-class","8":"","12":"excerpt-none","17":"first","18":"instock","19":"shipping-taxable","20":"purchasable","21":"product-type-simple"},"_links":{"self":[{"href":"https:\/\/www.marisavida.com\/index.php?rest_route=\/wp\/v2\/product\/6386","targetHints":{"allow":["GET"]}}],"collection":[{"href":"https:\/\/www.marisavida.com\/index.php?rest_route=\/wp\/v2\/product"}],"about":[{"href":"https:\/\/www.marisavida.com\/index.php?rest_route=\/wp\/v2\/types\/product"}],"replies":[{"embeddable":true,"href":"https:\/\/www.marisavida.com\/index.php?rest_route=%2Fwp%2Fv2%2Fcomments&post=6386"}],"wp:featuredmedia":[{"embeddable":true,"href":"https:\/\/www.marisavida.com\/index.php?rest_route=\/wp\/v2\/media\/6387"}],"wp:attachment":[{"href":"https:\/\/www.marisavida.com\/index.php?rest_route=%2Fwp%2Fv2%2Fmedia&parent=6386"}],"wp:term":[{"taxonomy":"product_brand","embeddable":true,"href":"https:\/\/www.marisavida.com\/index.php?rest_route=%2Fwp%2Fv2%2Fproduct_brand&post=6386"},{"taxonomy":"product_cat","embeddable":true,"href":"https:\/\/www.marisavida.com\/index.php?rest_route=%2Fwp%2Fv2%2Fproduct_cat&post=6386"},{"taxonomy":"product_tag","embeddable":true,"href":"https:\/\/www.marisavida.com\/index.php?rest_route=%2Fwp%2Fv2%2Fproduct_tag&post=6386"}],"curies":[{"name":"wp","href":"https:\/\/api.w.org\/{rel}","templated":true}]}}