{"id":6380,"date":"2025-07-29T12:49:57","date_gmt":"2025-07-29T10:49:57","guid":{"rendered":"https:\/\/www.marisavida.com\/?post_type=product&#038;p=6380"},"modified":"2026-03-05T23:40:34","modified_gmt":"2026-03-05T22:40:34","slug":"marinecol-colageno-marino-beauty","status":"publish","type":"product","link":"https:\/\/www.marisavida.com\/?product=marinecol-colageno-marino-beauty","title":{"rendered":"COL\u00c1GENO MARINO HIDROLIZADO"},"content":{"rendered":"<p><strong>MODO DE EMPLEO<\/strong><\/p>\n<div>Mezclar 2 cacitos dosificadores rasos (aprox. 10 g) en agua, zumo o cualquier otra bebida y remover bien. Tomar una vez al d\u00eda, preferiblemente con el desayuno.<\/div>\n<p><strong>CONSEJO DE USO<\/strong><\/p>\n<p>Complementar con una dieta equilibrada.<\/p>\n<p><strong>AL\u00c9RGENOS<\/strong><\/p>\n<p>Contiene pescado y crust\u00e1ceos. Libre de gluten y lactosa.<\/p>\n<p><strong>ADVERTENCIAS<\/strong><\/p>\n<p>Los complementos alimenticios no deben utilizarse como sustituto de una dieta equilibrada. No superar la dosis diaria expresamente recomendada. Mantener fuera del alcance de los ni\u00f1os m\u00e1s peque\u00f1os. Se aconseja a las mujeres embarazadas o lactantes que consulten a su m\u00e9dico antes de tomar cualquier suplemento. Conservar bien cerrado en lugar fresco y seco.<\/p>\n<p><strong>RESPONSABILIDAD M\u00c9DICA<\/strong><\/p>\n<p>La informaci\u00f3n proporcionada en este producto solo tiene fines informativos. No supone asesoramiento profesional, m\u00e9dico o legal.<\/p>\n<p><strong>REGULACI\u00d3N LEGAL<\/strong><\/p>\n<p>Complemento Alimenticio. Su comercializaci\u00f3n es legal en toda Europa.<\/p>\n<p><strong>CERTIFICADO<\/strong><\/p>\n<p><strong>\u2022 No GMO:<\/strong>\u00a0no contiene ning\u00fan ingrediente que provenga de Organismos Modificados Gen\u00e9ticamente, por lo<br \/>\nque no est\u00e1 sometido al etiquetado de los OMG de los Reglamentos (EU) 1829\/2003 y 1830\/2003.<br \/>\n<strong>\u2022 Fabricado en la EU:<\/strong>\u00a0es fabricado en la Uni\u00f3n Europea.<br \/>\n<strong>\u2022 No ionizado:<\/strong>\u00a0No se usa radiaci\u00f3n ionizante en ning\u00fan punto durante el proceso de fabricaci\u00f3n del producto<br \/>\nconforme con Directivas 1999\/2\/EC y 1999\/3\/EC.<br \/>\n<strong>\u2022 BSE \/ TSE:<\/strong>\u00a0est\u00e1 libre de cualquier riesgo de BSE \/ TSE seg\u00fan Reglamento (CE) 999\/2001.<\/p>\n","protected":false},"excerpt":{"rendered":"<p>MODO DE EMPLEO Mezclar 2 cacitos dosificadores rasos (aprox. 10 g) en agua, zumo o cualquier otra bebida y remover bien. Tomar una vez al d\u00eda, preferiblemente con el desayuno. CONSEJO DE USO Complementar con una dieta equilibrada. AL\u00c9RGENOS Contiene pescado y crust\u00e1ceos. Libre de gluten y lactosa. ADVERTENCIAS Los complementos alimenticios no deben utilizarse&#8230;<\/p>\n","protected":false},"featured_media":6381,"comment_status":"open","ping_status":"closed","template":"","meta":[],"product_brand":[],"product_cat":[77],"product_tag":[],"class_list":{"0":"post-6380","1":"product","2":"type-product","3":"status-publish","4":"has-post-thumbnail","6":"product_cat-nutricion-celular","7":"nt-post-class","8":"","12":"excerpt-none","17":"first","18":"instock","19":"shipping-taxable","20":"purchasable","21":"product-type-simple"},"_links":{"self":[{"href":"https:\/\/www.marisavida.com\/index.php?rest_route=\/wp\/v2\/product\/6380","targetHints":{"allow":["GET"]}}],"collection":[{"href":"https:\/\/www.marisavida.com\/index.php?rest_route=\/wp\/v2\/product"}],"about":[{"href":"https:\/\/www.marisavida.com\/index.php?rest_route=\/wp\/v2\/types\/product"}],"replies":[{"embeddable":true,"href":"https:\/\/www.marisavida.com\/index.php?rest_route=%2Fwp%2Fv2%2Fcomments&post=6380"}],"wp:featuredmedia":[{"embeddable":true,"href":"https:\/\/www.marisavida.com\/index.php?rest_route=\/wp\/v2\/media\/6381"}],"wp:attachment":[{"href":"https:\/\/www.marisavida.com\/index.php?rest_route=%2Fwp%2Fv2%2Fmedia&parent=6380"}],"wp:term":[{"taxonomy":"product_brand","embeddable":true,"href":"https:\/\/www.marisavida.com\/index.php?rest_route=%2Fwp%2Fv2%2Fproduct_brand&post=6380"},{"taxonomy":"product_cat","embeddable":true,"href":"https:\/\/www.marisavida.com\/index.php?rest_route=%2Fwp%2Fv2%2Fproduct_cat&post=6380"},{"taxonomy":"product_tag","embeddable":true,"href":"https:\/\/www.marisavida.com\/index.php?rest_route=%2Fwp%2Fv2%2Fproduct_tag&post=6380"}],"curies":[{"name":"wp","href":"https:\/\/api.w.org\/{rel}","templated":true}]}}