{"id":6374,"date":"2025-07-29T12:23:16","date_gmt":"2025-07-29T10:23:16","guid":{"rendered":"https:\/\/www.marisavida.com\/?post_type=product&#038;p=6374"},"modified":"2026-03-05T23:42:49","modified_gmt":"2026-03-05T22:42:49","slug":"crema-intima","status":"publish","type":"product","link":"https:\/\/www.marisavida.com\/?product=crema-intima","title":{"rendered":"Crema \u00cdntima"},"content":{"rendered":"<div class=\" content-element pb-lg-56\">\n<p>La\u00a0<strong>crema \u00edntima CANNAGYN\u00a0<\/strong>es ideal para devolver el confort a tu zona \u00edntima manteniendo el pH natural de la vagina, ya que tiene un pH adecuado. Su principal ingrediente activo es el CBD (20 mg). La sinergia con otros ingredientes naturales como el espino amarillo o la centella asi\u00e1tica, convierten a este crema \u00edntima en una opci\u00f3n ideal cada d\u00eda.<\/p>\n<p><strong>INGREDIENTES ACTIVOS<\/strong><\/p>\n<p><strong>Calmantes<\/strong><br \/>\n\u2013\u00a0<strong>CBD:<\/strong>\u00a0efecto calmante.<br \/>\n\u2013\u00a0<strong>Extracto de Manzanilla:<\/strong>\u00a0regenerante y calmante.<br \/>\n\u2013\u00a0<strong>Extracto de Centella asi\u00e1tica:<\/strong>\u00a0acci\u00f3n regeneradora.<br \/>\n\u2013\u00a0<strong>Aceite esencial de C\u00farcuma:<\/strong>\u00a0propiedades calmantes.<br \/>\n\u2013\u00a0<strong>Extracto de Cal\u00e9ndula:<\/strong>\u00a0calmante y cicatrizante.<br \/>\n\u2013\u00a0<strong>Extracto de Espino amarillo:<\/strong>\u00a0calmante y antioxidante.<br \/>\n\u2013\u00a0<strong>Extracto de Romero:<\/strong>\u00a0propiedades calmantes.<\/p>\n<p><strong>Hidratantes y lubricantes<\/strong><br \/>\n\u2013\u00a0<strong>\u00c1cido hialur\u00f3nico:<\/strong>\u00a0hidratante y regenerante.<br \/>\n\u2013\u00a0<strong>Aloe Vera:<\/strong>\u00a0propiedades hidratantes y regenerantes.<\/p>\n<p><strong>Nutren y reparan la barrera protectora<\/strong><br \/>\n\u2013\u00a0<strong>Extracto de coco:<\/strong>\u00a0hidratante y reparador.<br \/>\n\u2013\u00a0<strong>Aceite de Almendras dulces:<\/strong>\u00a0hidrata y nutre en profundidad.<\/p>\n<p>99,53% ingredientes de origen natural.<br \/>\n27,48% ingredientes ecol\u00f3gicos.<\/p>\n<p>INCI: Aqua, Glycerin*, Aloe barbadensis Leaf Juice, Prunus amygdalus dulcis Oil*, Caprylic\/capric Triglyceride, Cetearyl Alcohol, Glyceryl Stearate SE, Potassium Cetyl Phosphate, Benzyl Alcohol, Glyceryl Caprylate, Cannabis Sativa Leaf Extract*, Xanthan Gum, Tocopherol, Glyceryl Undecylenate, Lactic Acid, Sodium Hyaluronate, Hippophae Rhamnoides Fruit Extract*, Chamomilla Recutita Flower Extract*, Calendula officinalis Flower Extract*, Centella Asiatica Extract*, Sodium Benzoate, Potassium Sorbate, Phytic Acid, Cocos nucifera Pulp Extract, Rosmarinus Officinalis Leaf Extract*, Curcuma longa Root Oil*, Parfum***.<\/p>\n<p>*Procedente de agricultura ecol\u00f3gica.<br \/>\n**Elaborado a partir de ingredientes ecol\u00f3gicos y no ecol\u00f3gicos.<br \/>\n***De origen natural.<\/p>\n<\/div>\n<div class=\" content-element pb-lg-56\">\n<p><strong>MODO DE EMPLEO<\/strong><\/p>\n<p>Aplicar en la zona genital externa con la piel limpia y seca dos o m\u00e1s veces al d\u00eda, seg\u00fan necesidad.<\/p>\n<p><strong>CONSEJO DE USO<\/strong><\/p>\n<p>Utilizar a diario.<\/p>\n<p><strong>ADVERTENCIAS<\/strong><\/p>\n<p>No aplicar sobre mucosas, ni heridas abiertas. Evitar el contacto directo con los ojos. Mantener fuera del alcance de los ni\u00f1os. No ingerir<\/p>\n<p><strong>RESPONSABILIDAD M\u00c9DICA<\/strong><\/p>\n<p>La informaci\u00f3n proporcionada en este producto solo tiene fines informativos. No supone asesoramiento profesional, m\u00e9dico o legal.<\/p>\n<p><strong>REGULACI\u00d3N LEGAL<\/strong><\/p>\n<p>Registrado en portal europeo de cosm\u00e9tica. Su comercializaci\u00f3n es legal en toda Europa.<\/p>\n<\/div>\n","protected":false},"excerpt":{"rendered":"<p>La\u00a0crema \u00edntima CANNAGYN\u00a0es ideal para devolver el confort a tu zona \u00edntima manteniendo el pH natural de la vagina, ya que tiene un pH adecuado. Su principal ingrediente activo es el CBD (20 mg). La sinergia con otros ingredientes naturales como el espino amarillo o la centella asi\u00e1tica, convierten a este crema \u00edntima en una&#8230;<\/p>\n","protected":false},"featured_media":6375,"comment_status":"open","ping_status":"closed","template":"","meta":[],"product_brand":[],"product_cat":[80],"product_tag":[],"class_list":{"0":"post-6374","1":"product","2":"type-product","3":"status-publish","4":"has-post-thumbnail","6":"product_cat-cosmetica-organica","7":"nt-post-class","8":"","12":"excerpt-none","17":"first","18":"instock","19":"shipping-taxable","20":"purchasable","21":"product-type-simple"},"_links":{"self":[{"href":"https:\/\/www.marisavida.com\/index.php?rest_route=\/wp\/v2\/product\/6374","targetHints":{"allow":["GET"]}}],"collection":[{"href":"https:\/\/www.marisavida.com\/index.php?rest_route=\/wp\/v2\/product"}],"about":[{"href":"https:\/\/www.marisavida.com\/index.php?rest_route=\/wp\/v2\/types\/product"}],"replies":[{"embeddable":true,"href":"https:\/\/www.marisavida.com\/index.php?rest_route=%2Fwp%2Fv2%2Fcomments&post=6374"}],"wp:featuredmedia":[{"embeddable":true,"href":"https:\/\/www.marisavida.com\/index.php?rest_route=\/wp\/v2\/media\/6375"}],"wp:attachment":[{"href":"https:\/\/www.marisavida.com\/index.php?rest_route=%2Fwp%2Fv2%2Fmedia&parent=6374"}],"wp:term":[{"taxonomy":"product_brand","embeddable":true,"href":"https:\/\/www.marisavida.com\/index.php?rest_route=%2Fwp%2Fv2%2Fproduct_brand&post=6374"},{"taxonomy":"product_cat","embeddable":true,"href":"https:\/\/www.marisavida.com\/index.php?rest_route=%2Fwp%2Fv2%2Fproduct_cat&post=6374"},{"taxonomy":"product_tag","embeddable":true,"href":"https:\/\/www.marisavida.com\/index.php?rest_route=%2Fwp%2Fv2%2Fproduct_tag&post=6374"}],"curies":[{"name":"wp","href":"https:\/\/api.w.org\/{rel}","templated":true}]}}