{"id":6366,"date":"2025-07-29T12:04:00","date_gmt":"2025-07-29T10:04:00","guid":{"rendered":"https:\/\/www.marisavida.com\/?post_type=product&#038;p=6366"},"modified":"2026-03-05T23:42:57","modified_gmt":"2026-03-05T22:42:57","slug":"locion-corporal","status":"publish","type":"product","link":"https:\/\/www.marisavida.com\/?product=locion-corporal","title":{"rendered":"Loci\u00f3n Corporal"},"content":{"rendered":"<div class=\" content-element pb-lg-56\">\n<div class=\"et_pb_module et_pb_wc_description et_pb_wc_description_0 et_pb_bg_layout_light et_pb_text_align_left\">\n<div class=\"et_pb_module_inner\">\n<p>La loci\u00f3n corporal con CBD de Webotanix es la soluci\u00f3n ideal para mantener la hidrataci\u00f3n de tu piel de pies a cabeza. Gracias a su efecto reparador, nuestra crema hidratante con CBD es perfecta para nutrir tu piel y reducir los signos de la edad.<\/p>\n<p>Pensada para uso diario, la f\u00f3rmula de nuestra loci\u00f3n corporal con CBD a\u00fana la mejor selecci\u00f3n de ingredientes presentes en la naturaleza para nutrir tu piel de manera natural y libre de qu\u00edmicos. El 99.55% de los ingredientes son ecol\u00f3gicos.<\/p>\n<p><strong>CBD \u2013 150mg:\u00a0<\/strong>El cannabidiol es un ingrediente ideal para la piel. Gracias a sus propiedades calmantes puede ayudar a disminuir irritaciones en la piel. Adem\u00e1s, sus propiedades antioxidantes ayudan a frenar el envejecimiento prematuro de la piel.<\/p>\n<p><strong>Aloe Vera:<\/strong>\u00a0ingrediente muy utilizado en cosm\u00e9tica por sus propiedades calmantes y regeneradoras. Su uso continuado favorece para una piel suave y tersa<\/p>\n<p><strong>Aceite de Jojoba:<\/strong>\u00a0es muy utilizado en cosm\u00e9tica por las infinitas propiedades que posee. Cuenta con un 97% de ceramidas en su composici\u00f3n que evitan la p\u00e9rdida de agua reforzando la barrera de la piel. Tiene propiedades hidratantes, limpiadoras y antienvejecimiento que favorecen para una piel m\u00e1s suave y el\u00e1stica.<\/p>\n<p><strong>Aceite de Arg\u00e1n:<\/strong>\u00a0este aceite ha sido uno de los secretos de belleza m\u00e1s utilizados a lo largo de la historia. Tambi\u00e9n conocido como oro l\u00edquido, el arg\u00e1n tiene propiedades hidratantes, antioxidantes, regeneradoras, anti envejecimiento y revitalizantes, aportan suavidad e hidrataci\u00f3n a la piel de manera natural.<\/p>\n<p>En nuestra loci\u00f3n corporal con CBD combinamos el poder de ingredientes naturales con los beneficios de los aceites esenciales.<\/p>\n<p><strong>Aceite Esencial de Geranio\u00a0 \u2013\u00a0<\/strong>Antis\u00e9ptico, antimic\u00f3tico, astringente, regenerador<\/p>\n<p><strong>Aceite Esencial de Incienso\u00a0 \u2013\u00a0<\/strong>Rejuvenecedor, tonificante, antiarrugas, relajante<\/p>\n<p><strong>Aceite Esencial de Lavanda \u2013\u00a0<\/strong>Dermoprotector, regenerador, calmante, equilibrante.<\/p>\n<p>Los aceites esenciales se han utilizado a lo largo de la historia para proporcionar un aroma agradable y una sensaci\u00f3n de bienestar.<\/p>\n<\/div>\n<\/div>\n<p>&nbsp;<\/p>\n<\/div>\n<div class=\" content-element pb-lg-56\">\n<p><strong>MODO DE EMPLEO<\/strong><\/p>\n<p>Aplicar una peque\u00f1a cantidad de crema y masajear con la piel limpia y seca hasta su total absorci\u00f3n. Ideal para utilizar a diario despu\u00e9s de la ducha o para calmar la piel despu\u00e9s una exposici\u00f3n al sol.<\/p>\n<p><strong>CONSEJO DE USO<\/strong><\/p>\n<p>Una cantidad peque\u00f1a es suficiente para hidratar tu piel de cabeza a pies. Uso recomendado a partir de los 3 a\u00f1os.<\/p>\n<p><strong>ADVERTENCIAS<\/strong><\/p>\n<p>No aplicar sobre mucosas, ni heridas abiertas. Evitar el contacto directo con los ojos. Mantener fuera del alcance de los ni\u00f1os. No ingerir.<\/p>\n<p><strong>RESPONSABILIDAD M\u00c9DICA<\/strong><\/p>\n<p>La informaci\u00f3n proporcionada en este producto solo tiene fines informativos. No supone asesoramiento profesional, m\u00e9dico o legal.<\/p>\n<p><strong>REGULACI\u00d3N LEGAL<\/strong><\/p>\n<p>Registrado en portal europeo de cosm\u00e9tica. Su comercializaci\u00f3n es legal en toda Europa<\/p>\n<p><em><strong>INCI<\/strong>Ingredients: Aloe barbadensis Leaf Juice*, Coco-Caprylate\/Caprate, Propanediol, Cetearyl Alcohol, Alcohol**, Cannabis Sativa Seed Oil*, Cannabis Sativa Leaf Extract, Argania spinosa kernel Oil*, Butyrospermum Parkii Butter*, Simmondsia chinensis Seed Oil*, Aqua, Arachidyl Alcohol, Glyceryl Caprylate, Behenyl Alcohol, Xanthan Gum, Arachidyl Glucoside, Tocopherol, Cetearyl Glucoside, Glyceryl Undecylenate, Pelargonium graveolens Oil, Boswellia carterii Gum Oil, Lavandula angustifolia Oil*, Phytic Acid, Benzyl Alcohol, Citronellol, Linalool, Geraniol, Limonene.<\/em><\/p>\n<p><em>*Procedente de agricultura ecol\u00f3gica.<br \/>\n**Elaborado a partir de ingredientes ecol\u00f3gicos.<br \/>\n99,55% de ingredientes de origen natural \u2013 77,94% de ingredientes ecol\u00f3gicos<\/em><\/p>\n<\/div>\n","protected":false},"excerpt":{"rendered":"<p>La loci\u00f3n corporal con CBD de Webotanix es la soluci\u00f3n ideal para mantener la hidrataci\u00f3n de tu piel de pies a cabeza. Gracias a su efecto reparador, nuestra crema hidratante con CBD es perfecta para nutrir tu piel y reducir los signos de la edad. Pensada para uso diario, la f\u00f3rmula de nuestra loci\u00f3n corporal&#8230;<\/p>\n","protected":false},"featured_media":6367,"comment_status":"open","ping_status":"closed","template":"","meta":[],"product_brand":[],"product_cat":[80],"product_tag":[],"class_list":{"0":"post-6366","1":"product","2":"type-product","3":"status-publish","4":"has-post-thumbnail","6":"product_cat-cosmetica-organica","7":"nt-post-class","8":"","12":"excerpt-none","17":"first","18":"instock","19":"shipping-taxable","20":"purchasable","21":"product-type-simple"},"_links":{"self":[{"href":"https:\/\/www.marisavida.com\/index.php?rest_route=\/wp\/v2\/product\/6366","targetHints":{"allow":["GET"]}}],"collection":[{"href":"https:\/\/www.marisavida.com\/index.php?rest_route=\/wp\/v2\/product"}],"about":[{"href":"https:\/\/www.marisavida.com\/index.php?rest_route=\/wp\/v2\/types\/product"}],"replies":[{"embeddable":true,"href":"https:\/\/www.marisavida.com\/index.php?rest_route=%2Fwp%2Fv2%2Fcomments&post=6366"}],"wp:featuredmedia":[{"embeddable":true,"href":"https:\/\/www.marisavida.com\/index.php?rest_route=\/wp\/v2\/media\/6367"}],"wp:attachment":[{"href":"https:\/\/www.marisavida.com\/index.php?rest_route=%2Fwp%2Fv2%2Fmedia&parent=6366"}],"wp:term":[{"taxonomy":"product_brand","embeddable":true,"href":"https:\/\/www.marisavida.com\/index.php?rest_route=%2Fwp%2Fv2%2Fproduct_brand&post=6366"},{"taxonomy":"product_cat","embeddable":true,"href":"https:\/\/www.marisavida.com\/index.php?rest_route=%2Fwp%2Fv2%2Fproduct_cat&post=6366"},{"taxonomy":"product_tag","embeddable":true,"href":"https:\/\/www.marisavida.com\/index.php?rest_route=%2Fwp%2Fv2%2Fproduct_tag&post=6366"}],"curies":[{"name":"wp","href":"https:\/\/api.w.org\/{rel}","templated":true}]}}