{"id":6178,"date":"2025-07-19T11:59:31","date_gmt":"2025-07-19T09:59:31","guid":{"rendered":"https:\/\/www.marisavida.com\/?post_type=product&#038;p=6178"},"modified":"2025-09-13T19:48:59","modified_gmt":"2025-09-13T17:48:59","slug":"fiprost-forte","status":"publish","type":"product","link":"https:\/\/www.marisavida.com\/?product=fiprost-forte","title":{"rendered":"FIPROST FORTE (Pr\u00f3stata)"},"content":{"rendered":"<p data-start=\"0\" data-end=\"52\">Mejora la salud prost\u00e1tica y la funci\u00f3n urinaria.<\/p>\n<p data-start=\"54\" data-end=\"87\"><strong data-start=\"54\" data-end=\"85\">Ingredientes (por 3 c\u00e1psulas):<\/strong><\/p>\n<ul data-start=\"88\" data-end=\"303\">\n<li data-start=\"88\" data-end=\"128\">\n<p data-start=\"90\" data-end=\"128\">Extracto seco de Saw Palmetto 600\u202fmg<\/p>\n<\/li>\n<li data-start=\"129\" data-end=\"165\">\n<p data-start=\"131\" data-end=\"165\">Extracto seco de Epilobio 400\u202fmg<\/p>\n<\/li>\n<li data-start=\"166\" data-end=\"197\">\n<p data-start=\"168\" data-end=\"197\">Semillas de calabaza 300\u202fmg<\/p>\n<\/li>\n<li data-start=\"198\" data-end=\"225\">\n<p data-start=\"200\" data-end=\"225\">Pygeum africanum 200\u202fmg<\/p>\n<\/li>\n<li data-start=\"226\" data-end=\"252\">\n<p data-start=\"228\" data-end=\"252\">Zinc (gluconato) 26\u202fmg<\/p>\n<\/li>\n<li data-start=\"253\" data-end=\"303\">\n<p data-start=\"255\" data-end=\"303\">Otros fitoextractos y nutrientes seleccionados<\/p>\n<\/li>\n<\/ul>\n<p data-start=\"305\" data-end=\"322\"><strong data-start=\"305\" data-end=\"320\">Beneficios:<\/strong><\/p>\n<ul data-start=\"323\" data-end=\"685\">\n<li data-start=\"323\" data-end=\"404\">\n<p data-start=\"325\" data-end=\"404\">Contribuye a reducir los s\u00edntomas de la hiperplasia prost\u00e1tica benigna (HPB).<\/p>\n<\/li>\n<li data-start=\"405\" data-end=\"491\">\n<p data-start=\"407\" data-end=\"491\">Mejora el flujo urinario y alivia la sensaci\u00f3n de vaciado incompleto de la vejiga.<\/p>\n<\/li>\n<li data-start=\"492\" data-end=\"554\">\n<p data-start=\"494\" data-end=\"554\">Ejerce acci\u00f3n antiinflamatoria sobre el tejido prost\u00e1tico.<\/p>\n<\/li>\n<li data-start=\"555\" data-end=\"606\">\n<p data-start=\"557\" data-end=\"606\">Ayuda a mantener niveles hormonales saludables.<\/p>\n<\/li>\n<li data-start=\"607\" data-end=\"685\">\n<p data-start=\"609\" data-end=\"685\">Refuerza la salud del tracto urinario y la funci\u00f3n reproductiva masculina.<\/p>\n<\/li>\n<\/ul>\n<p data-start=\"687\" data-end=\"800\"><strong data-start=\"687\" data-end=\"706\">Modo de empleo:<\/strong><br data-start=\"706\" data-end=\"709\" \/>Tomar 1 o 2\u202fc\u00e1psulas al d\u00eda, preferentemente despu\u00e9s de la comida principal o de la cena.<\/p>\n","protected":false},"excerpt":{"rendered":"<p>Mejora la salud prost\u00e1tica y la funci\u00f3n urinaria.<\/p>\n","protected":false},"featured_media":6179,"comment_status":"open","ping_status":"closed","template":"","meta":[],"product_brand":[],"product_cat":[77],"product_tag":[],"class_list":{"0":"post-6178","1":"product","2":"type-product","3":"status-publish","4":"has-post-thumbnail","6":"product_cat-nutricion-celular","7":"nt-post-class","8":"","17":"first","18":"instock","19":"shipping-taxable","20":"purchasable","21":"product-type-simple"},"_links":{"self":[{"href":"https:\/\/www.marisavida.com\/index.php?rest_route=\/wp\/v2\/product\/6178","targetHints":{"allow":["GET"]}}],"collection":[{"href":"https:\/\/www.marisavida.com\/index.php?rest_route=\/wp\/v2\/product"}],"about":[{"href":"https:\/\/www.marisavida.com\/index.php?rest_route=\/wp\/v2\/types\/product"}],"replies":[{"embeddable":true,"href":"https:\/\/www.marisavida.com\/index.php?rest_route=%2Fwp%2Fv2%2Fcomments&post=6178"}],"wp:featuredmedia":[{"embeddable":true,"href":"https:\/\/www.marisavida.com\/index.php?rest_route=\/wp\/v2\/media\/6179"}],"wp:attachment":[{"href":"https:\/\/www.marisavida.com\/index.php?rest_route=%2Fwp%2Fv2%2Fmedia&parent=6178"}],"wp:term":[{"taxonomy":"product_brand","embeddable":true,"href":"https:\/\/www.marisavida.com\/index.php?rest_route=%2Fwp%2Fv2%2Fproduct_brand&post=6178"},{"taxonomy":"product_cat","embeddable":true,"href":"https:\/\/www.marisavida.com\/index.php?rest_route=%2Fwp%2Fv2%2Fproduct_cat&post=6178"},{"taxonomy":"product_tag","embeddable":true,"href":"https:\/\/www.marisavida.com\/index.php?rest_route=%2Fwp%2Fv2%2Fproduct_tag&post=6178"}],"curies":[{"name":"wp","href":"https:\/\/api.w.org\/{rel}","templated":true}]}}