{"id":6172,"date":"2025-07-19T11:49:38","date_gmt":"2025-07-19T09:49:38","guid":{"rendered":"https:\/\/www.marisavida.com\/?post_type=product&#038;p=6172"},"modified":"2026-01-12T17:53:02","modified_gmt":"2026-01-12T16:53:02","slug":"omega-3","status":"publish","type":"product","link":"https:\/\/www.marisavida.com\/?product=omega-3","title":{"rendered":"OMEGA 3"},"content":{"rendered":"<p data-start=\"0\" data-end=\"61\">Ayuda a reducir los niveles de colesterol y triglic\u00e9ridos.<\/p>\n<p data-start=\"63\" data-end=\"96\"><strong data-start=\"63\" data-end=\"94\">Ingredientes (por 2 c\u00e1psulas):<\/strong><\/p>\n<ul data-start=\"97\" data-end=\"202\">\n<li data-start=\"97\" data-end=\"140\">\n<p data-start=\"99\" data-end=\"140\">Aceite de pescado (EPA 18\u202f%\u202f\/\u202fDHA 12\u202f%)<\/p>\n<\/li>\n<li data-start=\"141\" data-end=\"202\">\n<p data-start=\"143\" data-end=\"202\">Otros \u00e1cidos grasos esenciales y nutrientes seleccionados<\/p>\n<\/li>\n<\/ul>\n<p data-start=\"204\" data-end=\"221\"><strong data-start=\"204\" data-end=\"219\">Beneficios:<\/strong><\/p>\n<ul data-start=\"222\" data-end=\"481\">\n<li data-start=\"222\" data-end=\"277\">\n<p data-start=\"224\" data-end=\"277\">Contribuye a disminuir los triglic\u00e9ridos en sangre.<\/p>\n<\/li>\n<li data-start=\"278\" data-end=\"352\">\n<p data-start=\"280\" data-end=\"352\">Ayuda a reducir la presi\u00f3n arterial en personas con hipertensi\u00f3n leve.<\/p>\n<\/li>\n<li data-start=\"353\" data-end=\"400\">\n<p data-start=\"355\" data-end=\"400\">Disminuye el riesgo de arritmias card\u00edacas.<\/p>\n<\/li>\n<li data-start=\"401\" data-end=\"481\">\n<p data-start=\"403\" data-end=\"481\">Favorece la salud vascular al reducir la formaci\u00f3n de placa en las arterias.<\/p>\n<\/li>\n<\/ul>\n<p data-start=\"483\" data-end=\"662\"><strong data-start=\"483\" data-end=\"502\">Modo de empleo:<\/strong><\/p>\n<p data-start=\"483\" data-end=\"662\">Tomar 1 o 2\u202fc\u00e1psulas al d\u00eda, preferentemente por la noche, para que el DHA colabore en la relajaci\u00f3n del sistema nervioso y mejore la calidad del descanso<\/p>\n","protected":false},"excerpt":{"rendered":"<p>Ayuda a reducir los niveles de colesterol y triglic\u00e9ridos.<\/p>\n","protected":false},"featured_media":6173,"comment_status":"open","ping_status":"closed","template":"","meta":[],"product_brand":[],"product_cat":[77],"product_tag":[],"class_list":{"0":"post-6172","1":"product","2":"type-product","3":"status-publish","4":"has-post-thumbnail","6":"product_cat-nutricion-celular","7":"nt-post-class","8":"","17":"first","18":"instock","19":"shipping-taxable","20":"purchasable","21":"product-type-simple"},"_links":{"self":[{"href":"https:\/\/www.marisavida.com\/index.php?rest_route=\/wp\/v2\/product\/6172","targetHints":{"allow":["GET"]}}],"collection":[{"href":"https:\/\/www.marisavida.com\/index.php?rest_route=\/wp\/v2\/product"}],"about":[{"href":"https:\/\/www.marisavida.com\/index.php?rest_route=\/wp\/v2\/types\/product"}],"replies":[{"embeddable":true,"href":"https:\/\/www.marisavida.com\/index.php?rest_route=%2Fwp%2Fv2%2Fcomments&post=6172"}],"wp:featuredmedia":[{"embeddable":true,"href":"https:\/\/www.marisavida.com\/index.php?rest_route=\/wp\/v2\/media\/6173"}],"wp:attachment":[{"href":"https:\/\/www.marisavida.com\/index.php?rest_route=%2Fwp%2Fv2%2Fmedia&parent=6172"}],"wp:term":[{"taxonomy":"product_brand","embeddable":true,"href":"https:\/\/www.marisavida.com\/index.php?rest_route=%2Fwp%2Fv2%2Fproduct_brand&post=6172"},{"taxonomy":"product_cat","embeddable":true,"href":"https:\/\/www.marisavida.com\/index.php?rest_route=%2Fwp%2Fv2%2Fproduct_cat&post=6172"},{"taxonomy":"product_tag","embeddable":true,"href":"https:\/\/www.marisavida.com\/index.php?rest_route=%2Fwp%2Fv2%2Fproduct_tag&post=6172"}],"curies":[{"name":"wp","href":"https:\/\/api.w.org\/{rel}","templated":true}]}}