{"id":6170,"date":"2025-07-19T11:38:57","date_gmt":"2025-07-19T09:38:57","guid":{"rendered":"https:\/\/www.marisavida.com\/?post_type=product&#038;p=6170"},"modified":"2025-08-14T21:05:30","modified_gmt":"2025-08-14T19:05:30","slug":"curcumina","status":"publish","type":"product","link":"https:\/\/www.marisavida.com\/?product=curcumina","title":{"rendered":"CURCUMINA"},"content":{"rendered":"<p data-start=\"0\" data-end=\"36\">Potente antiinflamatorio natural.<\/p>\n<p data-start=\"38\" data-end=\"71\"><strong data-start=\"38\" data-end=\"69\">Ingredientes (por c\u00e1psula):<\/strong><\/p>\n<ul data-start=\"72\" data-end=\"267\">\n<li data-start=\"72\" data-end=\"135\">\n<p data-start=\"74\" data-end=\"135\">Extracto de c\u00farcuma (C\u00farcuma longa) 300\u202fmg (95\u202f% curcumina)<\/p>\n<\/li>\n<li data-start=\"136\" data-end=\"163\">\n<p data-start=\"138\" data-end=\"163\">C\u00farcuma en polvo 100\u202fmg<\/p>\n<\/li>\n<li data-start=\"164\" data-end=\"198\">\n<p data-start=\"166\" data-end=\"198\">Jengibre (Zingiber officinale)<\/p>\n<\/li>\n<li data-start=\"199\" data-end=\"232\">\n<p data-start=\"201\" data-end=\"232\">Pimienta negra (Piper nigrum)<\/p>\n<\/li>\n<li data-start=\"233\" data-end=\"267\">\n<p data-start=\"235\" data-end=\"267\">Otros bioactivos seleccionados<\/p>\n<\/li>\n<\/ul>\n<p data-start=\"269\" data-end=\"286\"><strong data-start=\"269\" data-end=\"284\">Beneficios:<\/strong><\/p>\n<ul data-start=\"287\" data-end=\"944\">\n<li data-start=\"287\" data-end=\"440\">\n<p data-start=\"289\" data-end=\"440\">Acci\u00f3n antioxidante y antiinflamatoria: la curcumina protege las c\u00e9lulas del da\u00f1o de los radicales libres y ayuda a reducir la inflamaci\u00f3n sist\u00e9mica.<\/p>\n<\/li>\n<li data-start=\"441\" data-end=\"504\">\n<p data-start=\"443\" data-end=\"504\">Mejora la digesti\u00f3n: alivia hinchaz\u00f3n, gases e indigesti\u00f3n.<\/p>\n<\/li>\n<li data-start=\"505\" data-end=\"618\">\n<p data-start=\"507\" data-end=\"618\">Salud cardiovascular: favorece la funci\u00f3n endotelial y puede disminuir el riesgo de enfermedades del coraz\u00f3n.<\/p>\n<\/li>\n<li data-start=\"619\" data-end=\"758\">\n<p data-start=\"621\" data-end=\"758\">Funci\u00f3n cerebral: contribuye al mantenimiento cognitivo y ofrece protecci\u00f3n frente a enfermedades neurodegenerativas como el Alzheimer.<\/p>\n<\/li>\n<li data-start=\"759\" data-end=\"855\">\n<p data-start=\"761\" data-end=\"855\">Refuerzo inmunol\u00f3gico: fortalece las defensas y aumenta la resistencia frente a infecciones.<\/p>\n<\/li>\n<li data-start=\"856\" data-end=\"944\">\n<p data-start=\"858\" data-end=\"944\">Cuidado de la piel: reduce la inflamaci\u00f3n cut\u00e1nea y mejora su aspecto y elasticidad.<\/p>\n<\/li>\n<\/ul>\n<p data-start=\"946\" data-end=\"1026\"><strong data-start=\"946\" data-end=\"965\">Modo de empleo:<\/strong><\/p>\n<p data-start=\"946\" data-end=\"1026\">Tomar 1\u202fc\u00e1psula al d\u00eda, despu\u00e9s de una comida principal.<\/p>\n","protected":false},"excerpt":{"rendered":"<p>Potente antiinflamatorio natural.<\/p>\n","protected":false},"featured_media":6171,"comment_status":"open","ping_status":"closed","template":"","meta":[],"product_brand":[],"product_cat":[77],"product_tag":[],"class_list":{"0":"post-6170","1":"product","2":"type-product","3":"status-publish","4":"has-post-thumbnail","6":"product_cat-nutricion-celular","7":"nt-post-class","8":"","17":"first","18":"instock","19":"shipping-taxable","20":"purchasable","21":"product-type-simple"},"_links":{"self":[{"href":"https:\/\/www.marisavida.com\/index.php?rest_route=\/wp\/v2\/product\/6170","targetHints":{"allow":["GET"]}}],"collection":[{"href":"https:\/\/www.marisavida.com\/index.php?rest_route=\/wp\/v2\/product"}],"about":[{"href":"https:\/\/www.marisavida.com\/index.php?rest_route=\/wp\/v2\/types\/product"}],"replies":[{"embeddable":true,"href":"https:\/\/www.marisavida.com\/index.php?rest_route=%2Fwp%2Fv2%2Fcomments&post=6170"}],"wp:featuredmedia":[{"embeddable":true,"href":"https:\/\/www.marisavida.com\/index.php?rest_route=\/wp\/v2\/media\/6171"}],"wp:attachment":[{"href":"https:\/\/www.marisavida.com\/index.php?rest_route=%2Fwp%2Fv2%2Fmedia&parent=6170"}],"wp:term":[{"taxonomy":"product_brand","embeddable":true,"href":"https:\/\/www.marisavida.com\/index.php?rest_route=%2Fwp%2Fv2%2Fproduct_brand&post=6170"},{"taxonomy":"product_cat","embeddable":true,"href":"https:\/\/www.marisavida.com\/index.php?rest_route=%2Fwp%2Fv2%2Fproduct_cat&post=6170"},{"taxonomy":"product_tag","embeddable":true,"href":"https:\/\/www.marisavida.com\/index.php?rest_route=%2Fwp%2Fv2%2Fproduct_tag&post=6170"}],"curies":[{"name":"wp","href":"https:\/\/api.w.org\/{rel}","templated":true}]}}