{"id":6166,"date":"2025-07-19T11:32:51","date_gmt":"2025-07-19T09:32:51","guid":{"rendered":"https:\/\/www.marisavida.com\/?post_type=product&#038;p=6166"},"modified":"2025-09-13T19:52:53","modified_gmt":"2025-09-13T17:52:53","slug":"carbon-vegetal","status":"publish","type":"product","link":"https:\/\/www.marisavida.com\/?product=carbon-vegetal","title":{"rendered":"CARB\u00d3N VEGETAL (Gases, hinchaz\u00f3n, Reflujo)"},"content":{"rendered":"<p data-start=\"0\" data-end=\"67\">Carb\u00f3n vegetal activo y probi\u00f3ticos para el bienestar digestivo.<\/p>\n<p data-start=\"69\" data-end=\"102\"><strong data-start=\"69\" data-end=\"100\">Ingredientes (por c\u00e1psula):<\/strong><\/p>\n<ul data-start=\"103\" data-end=\"438\">\n<li data-start=\"103\" data-end=\"153\">\n<p data-start=\"105\" data-end=\"153\">Carb\u00f3n vegetal activo (c\u00e1scara de coco) 400\u202fmg<\/p>\n<\/li>\n<li data-start=\"154\" data-end=\"172\">\n<p data-start=\"156\" data-end=\"172\">Inulina 240\u202fmg<\/p>\n<\/li>\n<li data-start=\"173\" data-end=\"197\">\n<p data-start=\"175\" data-end=\"197\">An\u00eds en polvo 200\u202fmg<\/p>\n<\/li>\n<li data-start=\"198\" data-end=\"224\">\n<p data-start=\"200\" data-end=\"224\">Hinojo en polvo 100\u202fmg<\/p>\n<\/li>\n<li data-start=\"225\" data-end=\"391\">\n<p data-start=\"227\" data-end=\"391\">Mezcla de probi\u00f3ticos 2,5\u202fBN\u00b9 (Lactobacillus\u202facidophilus, Bifidobacterium\u202fbifidum, Lactobacillus\u202fcasei, Lactobacillus\u202frhamnosus, Streptococcus\u202fthermophilus) 16\u202fmg<\/p>\n<\/li>\n<li data-start=\"392\" data-end=\"438\">\n<p data-start=\"394\" data-end=\"438\">Otros extractos y nutrientes seleccionados<\/p>\n<\/li>\n<\/ul>\n<p data-start=\"440\" data-end=\"457\"><strong data-start=\"440\" data-end=\"455\">Beneficios:<\/strong><\/p>\n<ul data-start=\"458\" data-end=\"799\">\n<li data-start=\"458\" data-end=\"519\">\n<p data-start=\"460\" data-end=\"519\">Combate el estre\u00f1imiento y regula el tr\u00e1nsito intestinal.<\/p>\n<\/li>\n<li data-start=\"520\" data-end=\"575\">\n<p data-start=\"522\" data-end=\"575\">Mejora la digesti\u00f3n y evita la hinchaz\u00f3n abdominal.<\/p>\n<\/li>\n<li data-start=\"576\" data-end=\"617\">\n<p data-start=\"578\" data-end=\"617\">Alivia el reflujo y reduce los gases.<\/p>\n<\/li>\n<li data-start=\"618\" data-end=\"710\">\n<p data-start=\"620\" data-end=\"710\">Favorece un microbioma equilibrado gracias a la acci\u00f3n sin\u00e9rgica de fibra y probi\u00f3ticos.<\/p>\n<\/li>\n<li data-start=\"711\" data-end=\"799\">\n<p data-start=\"713\" data-end=\"799\">Contribuye a tu bienestar general: un intestino feliz es un sistema emocional feliz.<\/p>\n<\/li>\n<\/ul>\n<p data-start=\"801\" data-end=\"849\"><strong data-start=\"801\" data-end=\"820\">Modo de empleo:<\/strong><\/p>\n<p data-start=\"801\" data-end=\"849\">Tomar 2\u202fc\u00e1psulas al d\u00eda:<\/p>\n<ol data-start=\"850\" data-end=\"918\">\n<li data-start=\"850\" data-end=\"890\">\n<p data-start=\"853\" data-end=\"890\">Una despu\u00e9s de la comida principal.<\/p>\n<\/li>\n<li data-start=\"891\" data-end=\"918\">\n<p data-start=\"894\" data-end=\"918\">Otra despu\u00e9s de la cena.<\/p>\n<\/li>\n<\/ol>\n","protected":false},"excerpt":{"rendered":"<p>Carb\u00f3n vegetal activo y probi\u00f3ticos para el bienestar digestivo.<\/p>\n","protected":false},"featured_media":6167,"comment_status":"open","ping_status":"closed","template":"","meta":[],"product_brand":[],"product_cat":[77],"product_tag":[],"class_list":{"0":"post-6166","1":"product","2":"type-product","3":"status-publish","4":"has-post-thumbnail","6":"product_cat-nutricion-celular","7":"nt-post-class","8":"","17":"first","18":"instock","19":"shipping-taxable","20":"purchasable","21":"product-type-simple"},"_links":{"self":[{"href":"https:\/\/www.marisavida.com\/index.php?rest_route=\/wp\/v2\/product\/6166","targetHints":{"allow":["GET"]}}],"collection":[{"href":"https:\/\/www.marisavida.com\/index.php?rest_route=\/wp\/v2\/product"}],"about":[{"href":"https:\/\/www.marisavida.com\/index.php?rest_route=\/wp\/v2\/types\/product"}],"replies":[{"embeddable":true,"href":"https:\/\/www.marisavida.com\/index.php?rest_route=%2Fwp%2Fv2%2Fcomments&post=6166"}],"wp:featuredmedia":[{"embeddable":true,"href":"https:\/\/www.marisavida.com\/index.php?rest_route=\/wp\/v2\/media\/6167"}],"wp:attachment":[{"href":"https:\/\/www.marisavida.com\/index.php?rest_route=%2Fwp%2Fv2%2Fmedia&parent=6166"}],"wp:term":[{"taxonomy":"product_brand","embeddable":true,"href":"https:\/\/www.marisavida.com\/index.php?rest_route=%2Fwp%2Fv2%2Fproduct_brand&post=6166"},{"taxonomy":"product_cat","embeddable":true,"href":"https:\/\/www.marisavida.com\/index.php?rest_route=%2Fwp%2Fv2%2Fproduct_cat&post=6166"},{"taxonomy":"product_tag","embeddable":true,"href":"https:\/\/www.marisavida.com\/index.php?rest_route=%2Fwp%2Fv2%2Fproduct_tag&post=6166"}],"curies":[{"name":"wp","href":"https:\/\/api.w.org\/{rel}","templated":true}]}}