{"id":6164,"date":"2025-07-19T11:30:25","date_gmt":"2025-07-19T09:30:25","guid":{"rendered":"https:\/\/www.marisavida.com\/?post_type=product&#038;p=6164"},"modified":"2025-09-13T19:54:28","modified_gmt":"2025-09-13T17:54:28","slug":"hep","status":"publish","type":"product","link":"https:\/\/www.marisavida.com\/?product=hep","title":{"rendered":"HEP (Depurar el h\u00edgado)"},"content":{"rendered":"<p data-start=\"0\" data-end=\"33\">Jarabe para el cuidado del h\u00edgado.<\/p>\n<p data-start=\"35\" data-end=\"66\"><strong data-start=\"35\" data-end=\"64\">Ingredientes (por dosis):<\/strong><\/p>\n<ul data-start=\"67\" data-end=\"236\">\n<li data-start=\"67\" data-end=\"91\">\n<p data-start=\"69\" data-end=\"91\">Alcachofa (extracto)<\/p>\n<\/li>\n<li data-start=\"92\" data-end=\"120\">\n<p data-start=\"94\" data-end=\"120\">Cardo mariano (extracto)<\/p>\n<\/li>\n<li data-start=\"121\" data-end=\"141\">\n<p data-start=\"123\" data-end=\"141\">Boldo (extracto)<\/p>\n<\/li>\n<li data-start=\"142\" data-end=\"167\">\n<p data-start=\"144\" data-end=\"167\">Vitaminas del grupo\u202fB<\/p>\n<\/li>\n<li data-start=\"168\" data-end=\"182\">\n<p data-start=\"170\" data-end=\"182\">Vitamina\u202fA<\/p>\n<\/li>\n<li data-start=\"183\" data-end=\"198\">\n<p data-start=\"185\" data-end=\"198\">Vitamina\u202fD\u2083<\/p>\n<\/li>\n<li data-start=\"199\" data-end=\"236\">\n<p data-start=\"201\" data-end=\"236\">Otros fitoextractos seleccionados<\/p>\n<\/li>\n<\/ul>\n<p data-start=\"238\" data-end=\"255\"><strong data-start=\"238\" data-end=\"253\">Beneficios:<\/strong><\/p>\n<ul data-start=\"256\" data-end=\"626\">\n<li data-start=\"256\" data-end=\"335\">\n<p data-start=\"258\" data-end=\"335\">Desinflama y protege el h\u00edgado gracias a sus propiedades hepatoprotectoras.<\/p>\n<\/li>\n<li data-start=\"336\" data-end=\"416\">\n<p data-start=\"338\" data-end=\"416\">Favorece la depuraci\u00f3n y eliminaci\u00f3n de toxinas de forma r\u00e1pida y sostenida.<\/p>\n<\/li>\n<li data-start=\"417\" data-end=\"473\">\n<p data-start=\"419\" data-end=\"473\">Mejora la digesti\u00f3n y reduce la hinchaz\u00f3n abdominal.<\/p>\n<\/li>\n<li data-start=\"474\" data-end=\"508\">\n<p data-start=\"476\" data-end=\"508\">Combate la acidez y los gases.<\/p>\n<\/li>\n<li data-start=\"509\" data-end=\"547\">\n<p data-start=\"511\" data-end=\"547\">Ayuda a prevenir el estre\u00f1imiento.<\/p>\n<\/li>\n<li data-start=\"548\" data-end=\"626\">\n<p data-start=\"550\" data-end=\"626\">Ideal para personas con h\u00edgado graso, cirrosis leve o disfunci\u00f3n hep\u00e1tica.<\/p>\n<\/li>\n<\/ul>\n<p data-start=\"628\" data-end=\"741\"><strong data-start=\"628\" data-end=\"647\">Modo de empleo:<\/strong><\/p>\n<p data-start=\"628\" data-end=\"741\">Tomar una cucharada sopera (aprox. 15\u202fml) una vez al d\u00eda, despu\u00e9s de la comida principal.<\/p>\n","protected":false},"excerpt":{"rendered":"<p>Jarabe para el cuidado del h\u00edgado. Ingredientes (por dosis): Alcachofa (extracto) Cardo mariano (extracto) Boldo (extracto) Vitaminas del grupo\u202fB Vitamina\u202fA Vitamina\u202fD\u2083 Otros fitoextractos seleccionados Beneficios: Desinflama y protege el h\u00edgado gracias a sus propiedades hepatoprotectoras. Favorece la depuraci\u00f3n y eliminaci\u00f3n de toxinas de forma r\u00e1pida y sostenida. Mejora la digesti\u00f3n y reduce la hinchaz\u00f3n abdominal&#8230;.<\/p>\n","protected":false},"featured_media":6165,"comment_status":"open","ping_status":"closed","template":"","meta":[],"product_brand":[],"product_cat":[15,77],"product_tag":[],"class_list":{"0":"post-6164","1":"product","2":"type-product","3":"status-publish","4":"has-post-thumbnail","6":"product_cat-sincategoria","7":"product_cat-nutricion-celular","8":"nt-post-class","9":"","13":"excerpt-none","18":"first","19":"instock","20":"shipping-taxable","21":"purchasable","22":"product-type-simple"},"_links":{"self":[{"href":"https:\/\/www.marisavida.com\/index.php?rest_route=\/wp\/v2\/product\/6164","targetHints":{"allow":["GET"]}}],"collection":[{"href":"https:\/\/www.marisavida.com\/index.php?rest_route=\/wp\/v2\/product"}],"about":[{"href":"https:\/\/www.marisavida.com\/index.php?rest_route=\/wp\/v2\/types\/product"}],"replies":[{"embeddable":true,"href":"https:\/\/www.marisavida.com\/index.php?rest_route=%2Fwp%2Fv2%2Fcomments&post=6164"}],"wp:featuredmedia":[{"embeddable":true,"href":"https:\/\/www.marisavida.com\/index.php?rest_route=\/wp\/v2\/media\/6165"}],"wp:attachment":[{"href":"https:\/\/www.marisavida.com\/index.php?rest_route=%2Fwp%2Fv2%2Fmedia&parent=6164"}],"wp:term":[{"taxonomy":"product_brand","embeddable":true,"href":"https:\/\/www.marisavida.com\/index.php?rest_route=%2Fwp%2Fv2%2Fproduct_brand&post=6164"},{"taxonomy":"product_cat","embeddable":true,"href":"https:\/\/www.marisavida.com\/index.php?rest_route=%2Fwp%2Fv2%2Fproduct_cat&post=6164"},{"taxonomy":"product_tag","embeddable":true,"href":"https:\/\/www.marisavida.com\/index.php?rest_route=%2Fwp%2Fv2%2Fproduct_tag&post=6164"}],"curies":[{"name":"wp","href":"https:\/\/api.w.org\/{rel}","templated":true}]}}