{"id":6160,"date":"2025-07-19T11:21:22","date_gmt":"2025-07-19T09:21:22","guid":{"rendered":"https:\/\/www.marisavida.com\/?post_type=product&#038;p=6160"},"modified":"2025-09-13T19:55:31","modified_gmt":"2025-09-13T17:55:31","slug":"ansia-fin","status":"publish","type":"product","link":"https:\/\/www.marisavida.com\/?product=ansia-fin","title":{"rendered":"ANSIA FIN (Ansiedad)"},"content":{"rendered":"<p data-start=\"0\" data-end=\"29\">Equilibra el sistema nervioso y REDUCE EL CORTISOL.<\/p>\n<p data-start=\"31\" data-end=\"64\"><strong data-start=\"31\" data-end=\"62\">Ingredientes (por 2 c\u00e1psulas)<\/strong><\/p>\n<ul data-start=\"65\" data-end=\"233\">\n<li data-start=\"65\" data-end=\"84\">\n<p data-start=\"67\" data-end=\"84\">Hip\u00e9rico 375\u202fmg<\/p>\n<\/li>\n<li data-start=\"85\" data-end=\"105\">\n<p data-start=\"87\" data-end=\"105\">Valeriana 240\u202fmg<\/p>\n<\/li>\n<li data-start=\"106\" data-end=\"129\">\n<p data-start=\"108\" data-end=\"129\">L\u2011tript\u00f3fano 150\u202fmg<\/p>\n<\/li>\n<li data-start=\"130\" data-end=\"152\">\n<p data-start=\"132\" data-end=\"152\">L\u2011glutamina 150\u202fmg<\/p>\n<\/li>\n<li data-start=\"153\" data-end=\"172\">\n<p data-start=\"155\" data-end=\"172\">Espliego 120\u202fmg<\/p>\n<\/li>\n<li data-start=\"173\" data-end=\"189\">\n<p data-start=\"175\" data-end=\"189\">Melisa 90\u202fmg<\/p>\n<\/li>\n<li data-start=\"190\" data-end=\"233\">\n<p data-start=\"192\" data-end=\"233\">Otros extractos bot\u00e1nicos seleccionados<\/p>\n<\/li>\n<\/ul>\n<p data-start=\"235\" data-end=\"252\"><strong data-start=\"235\" data-end=\"250\">Beneficios<\/strong><\/p>\n<ul data-start=\"253\" data-end=\"463\">\n<li data-start=\"253\" data-end=\"305\">\n<p data-start=\"255\" data-end=\"305\">Reduce el estr\u00e9s y la ansiedad de forma natural.<\/p>\n<\/li>\n<li data-start=\"306\" data-end=\"356\">\n<p data-start=\"308\" data-end=\"356\">Contribuye al equilibrio del sistema nervioso.<\/p>\n<\/li>\n<li data-start=\"357\" data-end=\"408\">\n<p data-start=\"359\" data-end=\"408\">Promueve la serenidad y el bienestar emocional.<\/p>\n<\/li>\n<li data-start=\"409\" data-end=\"463\">\n<p data-start=\"411\" data-end=\"463\">Ayuda a recuperar la calma en momentos de tensi\u00f3n.<\/p>\n<\/li>\n<li data-start=\"409\" data-end=\"463\">Reduce el cortisol.<\/li>\n<\/ul>\n<p data-start=\"465\" data-end=\"557\"><strong data-start=\"465\" data-end=\"484\">Modo de empleo:<\/strong><\/p>\n<p data-start=\"465\" data-end=\"557\">Tomar de 2 \u202fc\u00e1psulas al d\u00eda entre comidas, es recomendable a media ma\u00f1ana y a media tarde.<\/p>\n","protected":false},"excerpt":{"rendered":"<p>Equilibra el sistema nervioso y REDUCE EL CORTISOL.<\/p>\n","protected":false},"featured_media":6161,"comment_status":"open","ping_status":"closed","template":"","meta":[],"product_brand":[],"product_cat":[77],"product_tag":[],"class_list":{"0":"post-6160","1":"product","2":"type-product","3":"status-publish","4":"has-post-thumbnail","6":"product_cat-nutricion-celular","7":"nt-post-class","8":"","17":"first","18":"instock","19":"shipping-taxable","20":"purchasable","21":"product-type-simple"},"_links":{"self":[{"href":"https:\/\/www.marisavida.com\/index.php?rest_route=\/wp\/v2\/product\/6160","targetHints":{"allow":["GET"]}}],"collection":[{"href":"https:\/\/www.marisavida.com\/index.php?rest_route=\/wp\/v2\/product"}],"about":[{"href":"https:\/\/www.marisavida.com\/index.php?rest_route=\/wp\/v2\/types\/product"}],"replies":[{"embeddable":true,"href":"https:\/\/www.marisavida.com\/index.php?rest_route=%2Fwp%2Fv2%2Fcomments&post=6160"}],"wp:featuredmedia":[{"embeddable":true,"href":"https:\/\/www.marisavida.com\/index.php?rest_route=\/wp\/v2\/media\/6161"}],"wp:attachment":[{"href":"https:\/\/www.marisavida.com\/index.php?rest_route=%2Fwp%2Fv2%2Fmedia&parent=6160"}],"wp:term":[{"taxonomy":"product_brand","embeddable":true,"href":"https:\/\/www.marisavida.com\/index.php?rest_route=%2Fwp%2Fv2%2Fproduct_brand&post=6160"},{"taxonomy":"product_cat","embeddable":true,"href":"https:\/\/www.marisavida.com\/index.php?rest_route=%2Fwp%2Fv2%2Fproduct_cat&post=6160"},{"taxonomy":"product_tag","embeddable":true,"href":"https:\/\/www.marisavida.com\/index.php?rest_route=%2Fwp%2Fv2%2Fproduct_tag&post=6160"}],"curies":[{"name":"wp","href":"https:\/\/api.w.org\/{rel}","templated":true}]}}