{"id":1433,"date":"2020-12-07T02:21:16","date_gmt":"2020-12-07T02:21:16","guid":{"rendered":"https:\/\/ninetheme.com\/themes\/agrikon\/?page_id=1433"},"modified":"2025-08-09T13:26:36","modified_gmt":"2025-08-09T11:26:36","slug":"sobre-nosotros","status":"publish","type":"page","link":"https:\/\/www.marisavida.com\/?page_id=1433","title":{"rendered":"Sobre Nosotros"},"content":{"rendered":"\t\t<div data-elementor-type=\"wp-page\" data-elementor-id=\"1433\" class=\"elementor elementor-1433\">\n\t\t\t\t\t\t<div class=\"elementor-section elementor-top-section elementor-element elementor-element-c8315a4 elementor-section-full_width hero-slider elementor-section-height-default elementor-section-height-default nt-section-ripped-top ripped-top-no nt-section-ripped-bottom ripped-bottom-no\" data-id=\"c8315a4\" data-element_type=\"section\">\n\t\t\t\t\t\t<div class=\"elementor-container elementor-column-gap-no\">\n\t\t\t\t\t<div class=\"elementor-column elementor-col-100 elementor-top-column elementor-element elementor-element-5a27a41\" data-id=\"5a27a41\" data-element_type=\"column\">\n\t\t\t<div class=\"elementor-widget-wrap elementor-element-populated\">\n\t\t\t\t\t\t<div class=\"elementor-element elementor-element-4e5250b elementor-widget elementor-widget-agrikon-page-hero\" data-id=\"4e5250b\" data-element_type=\"widget\" data-widget_type=\"agrikon-page-hero.default\">\n\t\t\t\t<div class=\"elementor-widget-container\">\n\t\t\t\t\t<div class=\"page-header\"><div class=\"page-header__bg\"><\/div><div class=\"container\"><h2 class=\"page-title\">Sobre Nosotros<\/h2><\/div><\/div>\t\t\t\t<\/div>\n\t\t\t\t<\/div>\n\t\t\t\t\t<\/div>\n\t\t<\/div>\n\t\t\t\t\t<\/div>\n\t\t<\/div>\n\t\t\t\t<div class=\"elementor-section elementor-top-section elementor-element elementor-element-2472444 elementor-section-boxed elementor-section-height-default elementor-section-height-default nt-section-ripped-top ripped-top-no nt-section-ripped-bottom ripped-bottom-no\" data-id=\"2472444\" data-element_type=\"section\">\n\t\t\t\t\t\t<div class=\"elementor-container elementor-column-gap-no\">\n\t\t\t\t\t<div class=\"elementor-column elementor-col-33 elementor-top-column elementor-element elementor-element-59d7fa6\" data-id=\"59d7fa6\" data-element_type=\"column\" data-settings=\"{&quot;background_background&quot;:&quot;classic&quot;}\">\n\t\t\t<div class=\"elementor-widget-wrap elementor-element-populated\">\n\t\t\t\t\t\t<div class=\"elementor-section elementor-inner-section elementor-element elementor-element-713d062 elementor-section-boxed elementor-section-height-default elementor-section-height-default nt-section-ripped-top ripped-top-no nt-section-ripped-bottom ripped-bottom-no\" data-id=\"713d062\" data-element_type=\"section\" data-settings=\"{&quot;background_background&quot;:&quot;classic&quot;}\">\n\t\t\t\t\t\t<div class=\"elementor-container elementor-column-gap-default\">\n\t\t\t\t\t<div class=\"elementor-column elementor-col-100 elementor-inner-column elementor-element elementor-element-6a91259\" data-id=\"6a91259\" data-element_type=\"column\">\n\t\t\t<div class=\"elementor-widget-wrap elementor-element-populated\">\n\t\t\t\t\t\t<div class=\"elementor-element elementor-element-6c077ff agrikon-transform transform-type-translate elementor-widget elementor-widget-heading\" data-id=\"6c077ff\" data-element_type=\"widget\" data-widget_type=\"heading.default\">\n\t\t\t\t\t<div class=\"elementor-heading-title elementor-size-default\"><a href=\"https:\/\/www.marisavida.com\/?post_type=product\" target=\"_blank\">Nuestros Productos<\/a><\/div>\t\t\t\t<\/div>\n\t\t\t\t<div class=\"elementor-element elementor-element-e953fe2 agrikon-transform transform-type-translate elementor-widget elementor-widget-heading\" data-id=\"e953fe2\" data-element_type=\"widget\" data-widget_type=\"heading.default\">\n\t\t\t\t\t<div class=\"elementor-heading-title elementor-size-default\"><a href=\"https:\/\/www.marisavida.com\/?post_type=product\" target=\"_blank\">Alimentaci\u00f3n <\/a><\/div>\t\t\t\t<\/div>\n\t\t\t\t<div class=\"elementor-element elementor-element-08ee07a agrikon-transform transform-type-translate elementor-widget elementor-widget-heading\" data-id=\"08ee07a\" data-element_type=\"widget\" data-widget_type=\"heading.default\">\n\t\t\t\t\t<div class=\"elementor-heading-title elementor-size-default\"><a href=\"https:\/\/www.marisavida.com\/?post_type=product\" target=\"_blank\">Alimentaci\u00f3n simbi\u00f3tica <\/a><\/div>\t\t\t\t<\/div>\n\t\t\t\t<div class=\"elementor-element elementor-element-7c418e0 agrikon-transform transform-type-translate elementor-widget elementor-widget-heading\" data-id=\"7c418e0\" data-element_type=\"widget\" data-widget_type=\"heading.default\">\n\t\t\t\t\t<div class=\"elementor-heading-title elementor-size-default\"><a href=\"https:\/\/www.marisavida.com\/?post_type=product\" target=\"_blank\">Cosm\u00e9tica\u00a0org\u00e1nica<\/a><\/div>\t\t\t\t<\/div>\n\t\t\t\t<div class=\"elementor-element elementor-element-89fc1d2 agrikon-transform transform-type-translate elementor-widget elementor-widget-heading\" data-id=\"89fc1d2\" data-element_type=\"widget\" data-widget_type=\"heading.default\">\n\t\t\t\t\t<div class=\"elementor-heading-title elementor-size-default\"><a href=\"https:\/\/www.marisavida.com\/?post_type=product\" target=\"_blank\">Nutrici\u00f3n celular<\/a><\/div>\t\t\t\t<\/div>\n\t\t\t\t\t<\/div>\n\t\t<\/div>\n\t\t\t\t\t<\/div>\n\t\t<\/div>\n\t\t\t\t<div class=\"elementor-section elementor-inner-section elementor-element elementor-element-d821553 elementor-section-boxed elementor-section-height-default elementor-section-height-default nt-section-ripped-top ripped-top-no nt-section-ripped-bottom ripped-bottom-no\" data-id=\"d821553\" data-element_type=\"section\" data-settings=\"{&quot;background_background&quot;:&quot;classic&quot;}\">\n\t\t\t\t\t\t\t<div class=\"elementor-background-overlay\"><\/div>\n\t\t\t\t\t\t\t<div class=\"elementor-container elementor-column-gap-no\">\n\t\t\t\t\t<div class=\"elementor-column elementor-col-100 elementor-inner-column elementor-element elementor-element-2f55d38\" data-id=\"2f55d38\" data-element_type=\"column\">\n\t\t\t<div class=\"elementor-widget-wrap elementor-element-populated\">\n\t\t\t\t\t\t<div class=\"elementor-element elementor-element-4aa30c6 agrikon-transform transform-type-translate elementor-widget elementor-widget-heading\" data-id=\"4aa30c6\" data-element_type=\"widget\" data-widget_type=\"heading.default\">\n\t\t\t\t\t<h3 class=\"elementor-heading-title elementor-size-default\">Energ\u00eda vegetal que despierta tu chispa interior<\/h3>\t\t\t\t<\/div>\n\t\t\t\t\t<\/div>\n\t\t<\/div>\n\t\t\t\t\t<\/div>\n\t\t<\/div>\n\t\t\t\t<div class=\"elementor-section elementor-inner-section elementor-element elementor-element-93ad949 elementor-section-boxed elementor-section-height-default elementor-section-height-default nt-section-ripped-top ripped-top-no nt-section-ripped-bottom ripped-bottom-no\" data-id=\"93ad949\" data-element_type=\"section\" data-settings=\"{&quot;background_background&quot;:&quot;classic&quot;}\">\n\t\t\t\t\t\t\t<div class=\"elementor-background-overlay\"><\/div>\n\t\t\t\t\t\t\t<div class=\"elementor-container elementor-column-gap-no\">\n\t\t\t\t\t<div class=\"elementor-column elementor-col-100 elementor-inner-column elementor-element elementor-element-197ebf9\" data-id=\"197ebf9\" data-element_type=\"column\">\n\t\t\t<div class=\"elementor-widget-wrap elementor-element-populated\">\n\t\t\t\t\t\t<div class=\"elementor-element elementor-element-72732df agrikon-transform transform-type-translate elementor-widget elementor-widget-heading\" data-id=\"72732df\" data-element_type=\"widget\" data-widget_type=\"heading.default\">\n\t\t\t\t\t<h3 class=\"elementor-heading-title elementor-size-default\">Tu piel habla; alim\u00e9ntala con caricias bot\u00e1nicas<\/h3>\t\t\t\t<\/div>\n\t\t\t\t\t<\/div>\n\t\t<\/div>\n\t\t\t\t\t<\/div>\n\t\t<\/div>\n\t\t\t\t\t<\/div>\n\t\t<\/div>\n\t\t\t\t<div class=\"elementor-column elementor-col-66 elementor-top-column elementor-element elementor-element-b32df19\" data-id=\"b32df19\" data-element_type=\"column\">\n\t\t\t<div class=\"elementor-widget-wrap elementor-element-populated\">\n\t\t\t\t\t\t<div class=\"elementor-element elementor-element-42d1828 elementor-widget elementor-widget-image\" data-id=\"42d1828\" data-element_type=\"widget\" data-widget_type=\"image.default\">\n\t\t\t\t\t\t\t\t\t\t\t\t\t\t\t<img decoding=\"async\" src=\"https:\/\/www.marisavida.com\/wp-content\/uploads\/elementor\/thumbs\/pexels-photo-5478105-1-scaled-r96b0k3zawue9akej84lw394ra8blu9bzex68x9e5g.jpeg\" title=\"pexels-photo-5478105\" alt=\"pexels-photo-5478105\" loading=\"lazy\" \/>\t\t\t\t\t\t\t\t\t\t\t\t\t\t\t<\/div>\n\t\t\t\t<div class=\"elementor-element elementor-element-cb579e0 agrikon-transform transform-type-translate elementor-widget elementor-widget-heading\" data-id=\"cb579e0\" data-element_type=\"widget\" data-widget_type=\"heading.default\">\n\t\t\t\t\t<h2 class=\"elementor-heading-title elementor-size-default\"><p data-start=\"0\" data-end=\"48\"><strong data-start=\"0\" data-end=\"46\">Tu Rinc\u00f3n Del Bienestar<\/strong><\/p><\/h2>\t\t\t\t<\/div>\n\t\t\t\t<div class=\"elementor-element elementor-element-d588f0c elementor-widget elementor-widget-text-editor\" data-id=\"d588f0c\" data-element_type=\"widget\" data-widget_type=\"text-editor.default\">\n\t\t\t\t\t\t\t\t\t<blockquote data-start=\"628\" data-end=\"977\">\n<p data-start=\"630\" data-end=\"977\">En MarisaVida fusionamos la sabidur\u00eda milenaria de la herborister\u00eda con t\u00e9cnicas modernas de calidad para ofrecerte extractos, tinturas e infusiones totalmente adaptados a tus necesidades. Utilizamos \u00fanicamente plantas 100 % ecol\u00f3gicas, recogidas y procesadas con el m\u00e1ximo cuidado, garantizando pureza, eficacia y respeto por el medio ambiente.<\/p>\n<\/blockquote>\t\t\t\t\t\t\t\t<\/div>\n\t\t\t\t<div class=\"elementor-element elementor-element-7b74f55 elementor-widget elementor-widget-text-editor\" data-id=\"7b74f55\" data-element_type=\"widget\" data-widget_type=\"text-editor.default\">\n\t\t\t\t\t\t\t\t\t<ul class=\"service-details__list list-unstyled\"><li><i class=\"agrikon-icon-right-arrow\"><\/i><br \/><strong>Calidad certificada.<\/strong> Nuestros productos de nutrici\u00f3n celular, simbi\u00f3ticos, superalimentos y cosm\u00e9tica proceden de marcas con certificaci\u00f3n ecol\u00f3gica.<\/li><li><i class=\"agrikon-icon-right-arrow\"><\/i><br \/><strong>Asesoramiento personalizado.<\/strong> Cu\u00e9ntame tus objetivos de salud y belleza; te ayudar\u00e9 a elegir la combinaci\u00f3n perfecta para ti.<\/li><\/ul>\t\t\t\t\t\t\t\t<\/div>\n\t\t\t\t<div class=\"elementor-element elementor-element-232230c elementor-widget elementor-widget-text-editor\" data-id=\"232230c\" data-element_type=\"widget\" data-widget_type=\"text-editor.default\">\n\t\t\t\t\t\t\t\t\t<p data-start=\"50\" data-end=\"225\">En MarisaVida hemos reunido para ti una cuidada selecci\u00f3n de productos listos para usar, sin esperas ni complicaciones. Explora cuatro l\u00edneas pensadas para tu salud y belleza:<\/p><p data-start=\"227\" data-end=\"380\">\u2192 <strong data-start=\"229\" data-end=\"259\">Nutrici\u00f3n celular avanzada<\/strong><br data-start=\"259\" data-end=\"262\">\nSuplementos dise\u00f1ados para aportar micronutrientes y antioxidantes que protegen y regeneran cada una de tus c\u00e9lulas.<\/p><p data-start=\"382\" data-end=\"539\">\u2192 <strong data-start=\"384\" data-end=\"411\">Alimentaci\u00f3n simbi\u00f3tica<\/strong><br data-start=\"411\" data-end=\"414\">\nCombinaciones de prebi\u00f3ticos y probi\u00f3ticos que equilibran tu microbiota y favorecen un sistema digestivo sano y resistente.<\/p><p data-start=\"541\" data-end=\"697\">\u2192 <strong data-start=\"543\" data-end=\"569\">Alimentaci\u00f3n saludable<\/strong><br data-start=\"569\" data-end=\"572\">\nSuperalimentos, mezclas de semillas y f\u00f3rmulas funcionales que facilitan una dieta completa y adaptada a tu estilo de vida.<\/p><p data-start=\"699\" data-end=\"865\">\u2192 <strong data-start=\"701\" data-end=\"735\">Cosm\u00e9tica org\u00e1nica certificada<\/strong><br data-start=\"735\" data-end=\"738\">\nCremas, aceites y s\u00e9rums formulados con ingredientes 100 % naturales y procesos respetuosos, para cuidar tu piel sin t\u00f3xicos.<\/p><p>\n\n\n\n\n<\/p><p data-start=\"867\" data-end=\"1097\">Con env\u00edo r\u00e1pido, packaging sostenible y un asesoramiento cercano, MarisaVida te acerca el poder de la naturaleza directamente a casa. Descubre hoy mismo c\u00f3mo cada producto puede convertirse en tu aliado diario de salud y belleza.<\/p>\t\t\t\t\t\t\t\t<\/div>\n\t\t\t\t<div class=\"elementor-element elementor-element-48a0f61 elementor-widget elementor-widget-text-editor\" data-id=\"48a0f61\" data-element_type=\"widget\" data-widget_type=\"text-editor.default\">\n\t\t\t\t\t\t\t\t\t<div class=\"special-box\">Permite que la naturaleza despliegue su poder para cuidar tu cuerpo y mente cada d\u00eda.<\/div>\t\t\t\t\t\t\t\t<\/div>\n\t\t\t\t<div class=\"elementor-section elementor-inner-section elementor-element elementor-element-e4e243c elementor-section-content-middle elementor-section-boxed elementor-section-height-default elementor-section-height-default nt-section-ripped-top ripped-top-no nt-section-ripped-bottom ripped-bottom-no\" data-id=\"e4e243c\" data-element_type=\"section\">\n\t\t\t\t\t\t<div class=\"elementor-container elementor-column-gap-no\">\n\t\t\t\t\t<div class=\"elementor-column elementor-col-50 elementor-inner-column elementor-element elementor-element-b8aab59\" data-id=\"b8aab59\" data-element_type=\"column\">\n\t\t\t<div class=\"elementor-widget-wrap elementor-element-populated\">\n\t\t\t\t\t\t<div class=\"elementor-element elementor-element-a6fe582 elementor-widget elementor-widget-image\" data-id=\"a6fe582\" data-element_type=\"widget\" data-widget_type=\"image.default\">\n\t\t\t\t\t\t\t\t\t\t\t\t\t\t\t<img fetchpriority=\"high\" decoding=\"async\" width=\"768\" height=\"1152\" src=\"https:\/\/www.marisavida.com\/wp-content\/uploads\/2025\/07\/pexels-photo-4503622-1-768x1152.jpeg\" class=\"attachment-medium_large size-medium_large wp-image-6244\" alt=\"\" srcset=\"https:\/\/www.marisavida.com\/wp-content\/uploads\/2025\/07\/pexels-photo-4503622-1-768x1152.jpeg 768w, https:\/\/www.marisavida.com\/wp-content\/uploads\/2025\/07\/pexels-photo-4503622-1-200x300.jpeg 200w, https:\/\/www.marisavida.com\/wp-content\/uploads\/2025\/07\/pexels-photo-4503622-1-683x1024.jpeg 683w, https:\/\/www.marisavida.com\/wp-content\/uploads\/2025\/07\/pexels-photo-4503622-1-1024x1536.jpeg 1024w, https:\/\/www.marisavida.com\/wp-content\/uploads\/2025\/07\/pexels-photo-4503622-1-1365x2048.jpeg 1365w, https:\/\/www.marisavida.com\/wp-content\/uploads\/2025\/07\/pexels-photo-4503622-1-450x675.jpeg 450w, https:\/\/www.marisavida.com\/wp-content\/uploads\/2025\/07\/pexels-photo-4503622-1-980x1470.jpeg 980w, https:\/\/www.marisavida.com\/wp-content\/uploads\/2025\/07\/pexels-photo-4503622-1-scaled.jpeg 1707w\" sizes=\"(max-width: 768px) 100vw, 768px\" \/>\t\t\t\t\t\t\t\t\t\t\t\t\t\t\t<\/div>\n\t\t\t\t\t<\/div>\n\t\t<\/div>\n\t\t\t\t<div class=\"elementor-column elementor-col-50 elementor-inner-column elementor-element elementor-element-0b1f3ea\" data-id=\"0b1f3ea\" data-element_type=\"column\">\n\t\t\t<div class=\"elementor-widget-wrap elementor-element-populated\">\n\t\t\t\t\t\t<div class=\"elementor-element elementor-element-7732423 agrikon-transform transform-type-translate elementor-widget elementor-widget-heading\" data-id=\"7732423\" data-element_type=\"widget\" data-widget_type=\"heading.default\">\n\t\t\t\t\t<h4 class=\"elementor-heading-title elementor-size-default\">Beneficios\n<\/h4>\t\t\t\t<\/div>\n\t\t\t\t<div class=\"elementor-element elementor-element-dd9de4d elementor-align-left elementor-icon-list--layout-traditional elementor-list-item-link-full_width elementor-widget elementor-widget-icon-list\" data-id=\"dd9de4d\" data-element_type=\"widget\" data-widget_type=\"icon-list.default\">\n\t\t\t\t\t\t\t<ul class=\"elementor-icon-list-items\">\n\t\t\t\t\t\t\t<li class=\"elementor-icon-list-item\">\n\t\t\t\t\t\t\t\t\t\t\t<span class=\"elementor-icon-list-icon\">\n\t\t\t\t\t\t\t<svg aria-hidden=\"true\" class=\"e-font-icon-svg e-fas-check-circle\" viewBox=\"0 0 512 512\" xmlns=\"http:\/\/www.w3.org\/2000\/svg\"><path d=\"M504 256c0 136.967-111.033 248-248 248S8 392.967 8 256 119.033 8 256 8s248 111.033 248 248zM227.314 387.314l184-184c6.248-6.248 6.248-16.379 0-22.627l-22.627-22.627c-6.248-6.249-16.379-6.249-22.628 0L216 308.118l-70.059-70.059c-6.248-6.248-16.379-6.248-22.628 0l-22.627 22.627c-6.248 6.248-6.248 16.379 0 22.627l104 104c6.249 6.249 16.379 6.249 22.628.001z\"><\/path><\/svg>\t\t\t\t\t\t<\/span>\n\t\t\t\t\t\t\t\t\t\t<span class=\"elementor-icon-list-text\">F\u00f3rmulas a medida.<\/span>\n\t\t\t\t\t\t\t\t\t<\/li>\n\t\t\t\t\t\t\t\t<li class=\"elementor-icon-list-item\">\n\t\t\t\t\t\t\t\t\t\t\t<span class=\"elementor-icon-list-icon\">\n\t\t\t\t\t\t\t<svg aria-hidden=\"true\" class=\"e-font-icon-svg e-fas-check-circle\" viewBox=\"0 0 512 512\" xmlns=\"http:\/\/www.w3.org\/2000\/svg\"><path d=\"M504 256c0 136.967-111.033 248-248 248S8 392.967 8 256 119.033 8 256 8s248 111.033 248 248zM227.314 387.314l184-184c6.248-6.248 6.248-16.379 0-22.627l-22.627-22.627c-6.248-6.249-16.379-6.249-22.628 0L216 308.118l-70.059-70.059c-6.248-6.248-16.379-6.248-22.628 0l-22.627 22.627c-6.248 6.248-6.248 16.379 0 22.627l104 104c6.249 6.249 16.379 6.249 22.628.001z\"><\/path><\/svg>\t\t\t\t\t\t<\/span>\n\t\t\t\t\t\t\t\t\t\t<span class=\"elementor-icon-list-text\">Ingredientes ecol\u00f3gicos y certificados.<\/span>\n\t\t\t\t\t\t\t\t\t<\/li>\n\t\t\t\t\t\t\t\t<li class=\"elementor-icon-list-item\">\n\t\t\t\t\t\t\t\t\t\t\t<span class=\"elementor-icon-list-icon\">\n\t\t\t\t\t\t\t<svg aria-hidden=\"true\" class=\"e-font-icon-svg e-fas-check-circle\" viewBox=\"0 0 512 512\" xmlns=\"http:\/\/www.w3.org\/2000\/svg\"><path d=\"M504 256c0 136.967-111.033 248-248 248S8 392.967 8 256 119.033 8 256 8s248 111.033 248 248zM227.314 387.314l184-184c6.248-6.248 6.248-16.379 0-22.627l-22.627-22.627c-6.248-6.249-16.379-6.249-22.628 0L216 308.118l-70.059-70.059c-6.248-6.248-16.379-6.248-22.628 0l-22.627 22.627c-6.248 6.248-6.248 16.379 0 22.627l104 104c6.249 6.249 16.379 6.249 22.628.001z\"><\/path><\/svg>\t\t\t\t\t\t<\/span>\n\t\t\t\t\t\t\t\t\t\t<span class=\"elementor-icon-list-text\">Env\u00edo expr\u00e9s.<\/span>\n\t\t\t\t\t\t\t\t\t<\/li>\n\t\t\t\t\t\t\t\t<li class=\"elementor-icon-list-item\">\n\t\t\t\t\t\t\t\t\t\t\t<span class=\"elementor-icon-list-icon\">\n\t\t\t\t\t\t\t<svg aria-hidden=\"true\" class=\"e-font-icon-svg e-fas-check-circle\" viewBox=\"0 0 512 512\" xmlns=\"http:\/\/www.w3.org\/2000\/svg\"><path d=\"M504 256c0 136.967-111.033 248-248 248S8 392.967 8 256 119.033 8 256 8s248 111.033 248 248zM227.314 387.314l184-184c6.248-6.248 6.248-16.379 0-22.627l-22.627-22.627c-6.248-6.249-16.379-6.249-22.628 0L216 308.118l-70.059-70.059c-6.248-6.248-16.379-6.248-22.628 0l-22.627 22.627c-6.248 6.248-6.248 16.379 0 22.627l104 104c6.249 6.249 16.379 6.249 22.628.001z\"><\/path><\/svg>\t\t\t\t\t\t<\/span>\n\t\t\t\t\t\t\t\t\t\t<span class=\"elementor-icon-list-text\">Consultor\u00eda personalizada.<\/span>\n\t\t\t\t\t\t\t\t\t<\/li>\n\t\t\t\t\t\t\t\t<li class=\"elementor-icon-list-item\">\n\t\t\t\t\t\t\t\t\t\t\t<span class=\"elementor-icon-list-icon\">\n\t\t\t\t\t\t\t<svg aria-hidden=\"true\" class=\"e-font-icon-svg e-fas-check-circle\" viewBox=\"0 0 512 512\" xmlns=\"http:\/\/www.w3.org\/2000\/svg\"><path d=\"M504 256c0 136.967-111.033 248-248 248S8 392.967 8 256 119.033 8 256 8s248 111.033 248 248zM227.314 387.314l184-184c6.248-6.248 6.248-16.379 0-22.627l-22.627-22.627c-6.248-6.249-16.379-6.249-22.628 0L216 308.118l-70.059-70.059c-6.248-6.248-16.379-6.248-22.628 0l-22.627 22.627c-6.248 6.248-6.248 16.379 0 22.627l104 104c6.249 6.249 16.379 6.249 22.628.001z\"><\/path><\/svg>\t\t\t\t\t\t<\/span>\n\t\t\t\t\t\t\t\t\t\t<span class=\"elementor-icon-list-text\">Resultados visibles y sostenibles.<\/span>\n\t\t\t\t\t\t\t\t\t<\/li>\n\t\t\t\t\t\t<\/ul>\n\t\t\t\t\t\t<\/div>\n\t\t\t\t\t<\/div>\n\t\t<\/div>\n\t\t\t\t\t<\/div>\n\t\t<\/div>\n\t\t\t\t<div class=\"elementor-element elementor-element-3a87e43 elementor-widget elementor-widget-text-editor\" data-id=\"3a87e43\" data-element_type=\"widget\" data-widget_type=\"text-editor.default\">\n\t\t\t\t\t\t\t\t\t<blockquote data-start=\"1892\" data-end=\"2032\"><blockquote data-start=\"801\" data-end=\"951\"><p data-start=\"803\" data-end=\"951\">En MarisaVida conectamos la pureza de las plantas con tu estilo de vida: bienvenida a un nuevo nivel de salud y belleza natural, sin complicaciones.<\/p><\/blockquote><\/blockquote>\t\t\t\t\t\t\t\t<\/div>\n\t\t\t\t<div class=\"elementor-element elementor-element-97840ae elementor-widget elementor-widget-agrikon-button\" data-id=\"97840ae\" data-element_type=\"widget\" data-widget_type=\"agrikon-button.default\">\n\t\t\t\t<div class=\"elementor-widget-container\">\n\t\t\t\t\t<div class=\"agrikon-button\"><a class=\"agrikon-btn thm-btn \" href=\"https:\/\/www.marisavida.com\/?page_id=1303\">Cont\u00e1ctame <\/a><\/div>\t\t\t\t<\/div>\n\t\t\t\t<\/div>\n\t\t\t\t\t<\/div>\n\t\t<\/div>\n\t\t\t\t\t<\/div>\n\t\t<\/div>\n\t\t\t\t<\/div>\n\t\t","protected":false},"excerpt":{"rendered":"<p>Sobre Nosotros Nuestros Productos Alimentaci\u00f3n Alimentaci\u00f3n simbi\u00f3tica Cosm\u00e9tica\u00a0org\u00e1nica Nutrici\u00f3n celular Energ\u00eda vegetal que despierta tu chispa interior Tu piel habla; alim\u00e9ntala con caricias bot\u00e1nicas Tu Rinc\u00f3n Del Bienestar En MarisaVida fusionamos la sabidur\u00eda milenaria de la herborister\u00eda con t\u00e9cnicas modernas de calidad para ofrecerte extractos, tinturas e infusiones totalmente adaptados a tus necesidades. Utilizamos \u00fanicamente&#8230;<\/p>\n","protected":false},"author":1,"featured_media":0,"parent":0,"menu_order":0,"comment_status":"closed","ping_status":"closed","template":"","meta":{"footnotes":""},"class_list":{"0":"post-1433","1":"page","2":"type-page","3":"status-publish","4":"hentry","5":"nt-post-class","6":"","8":"thumb-none","10":"excerpt-none"},"_links":{"self":[{"href":"https:\/\/www.marisavida.com\/index.php?rest_route=\/wp\/v2\/pages\/1433","targetHints":{"allow":["GET"]}}],"collection":[{"href":"https:\/\/www.marisavida.com\/index.php?rest_route=\/wp\/v2\/pages"}],"about":[{"href":"https:\/\/www.marisavida.com\/index.php?rest_route=\/wp\/v2\/types\/page"}],"author":[{"embeddable":true,"href":"https:\/\/www.marisavida.com\/index.php?rest_route=\/wp\/v2\/users\/1"}],"replies":[{"embeddable":true,"href":"https:\/\/www.marisavida.com\/index.php?rest_route=%2Fwp%2Fv2%2Fcomments&post=1433"}],"version-history":[{"count":34,"href":"https:\/\/www.marisavida.com\/index.php?rest_route=\/wp\/v2\/pages\/1433\/revisions"}],"predecessor-version":[{"id":6511,"href":"https:\/\/www.marisavida.com\/index.php?rest_route=\/wp\/v2\/pages\/1433\/revisions\/6511"}],"wp:attachment":[{"href":"https:\/\/www.marisavida.com\/index.php?rest_route=%2Fwp%2Fv2%2Fmedia&parent=1433"}],"curies":[{"name":"wp","href":"https:\/\/api.w.org\/{rel}","templated":true}]}}