{"id":1369,"date":"2020-12-07T00:35:56","date_gmt":"2020-12-07T00:35:56","guid":{"rendered":"https:\/\/ninetheme.com\/themes\/agrikon\/?page_id=1369"},"modified":"2025-07-23T23:03:40","modified_gmt":"2025-07-23T21:03:40","slug":"news","status":"publish","type":"page","link":"https:\/\/www.marisavida.com\/?page_id=1369","title":{"rendered":"Blog"},"content":{"rendered":"\t\t<div data-elementor-type=\"wp-page\" data-elementor-id=\"1369\" class=\"elementor elementor-1369\">\n\t\t\t\t\t\t<section class=\"elementor-section elementor-top-section elementor-element elementor-element-b0da52f elementor-section-full_width hero-slider elementor-section-height-default elementor-section-height-default nt-section-ripped-top ripped-top-no nt-section-ripped-bottom ripped-bottom-no\" data-id=\"b0da52f\" data-element_type=\"section\">\n\t\t\t\t\t\t<div class=\"elementor-container elementor-column-gap-no\">\n\t\t\t\t\t<div class=\"elementor-column elementor-col-100 elementor-top-column elementor-element elementor-element-45ffbbd\" data-id=\"45ffbbd\" data-element_type=\"column\">\n\t\t\t<div class=\"elementor-widget-wrap elementor-element-populated\">\n\t\t\t\t\t\t<div class=\"elementor-element elementor-element-de4d545 elementor-widget elementor-widget-agrikon-page-hero\" data-id=\"de4d545\" data-element_type=\"widget\" data-widget_type=\"agrikon-page-hero.default\">\n\t\t\t\t<div class=\"elementor-widget-container\">\n\t\t\t\t\t<div class=\"page-header\"><div class=\"page-header__bg\"><\/div><div class=\"container\"><h2 class=\"page-title\">Blog<\/h2><\/div><\/div>\t\t\t\t<\/div>\n\t\t\t\t<\/div>\n\t\t\t\t\t<\/div>\n\t\t<\/div>\n\t\t\t\t\t<\/div>\n\t\t<\/section>\n\t\t\t\t<section class=\"elementor-section elementor-top-section elementor-element elementor-element-c85161f elementor-section-boxed elementor-section-height-default elementor-section-height-default nt-section-ripped-top ripped-top-no nt-section-ripped-bottom ripped-bottom-no\" data-id=\"c85161f\" data-element_type=\"section\">\n\t\t\t\t\t\t<div class=\"elementor-container elementor-column-gap-no\">\n\t\t\t\t\t<div class=\"elementor-column elementor-col-100 elementor-top-column elementor-element elementor-element-72d074a\" data-id=\"72d074a\" data-element_type=\"column\">\n\t\t\t<div class=\"elementor-widget-wrap elementor-element-populated\">\n\t\t\t\t\t\t<div class=\"elementor-element elementor-element-d953a00 elementor-widget elementor-widget-agrikon-blog-special\" data-id=\"d953a00\" data-element_type=\"widget\" data-widget_type=\"agrikon-blog-special.default\">\n\t\t\t\t<div class=\"elementor-widget-container\">\n\t\t\t\t\t<div class=\"blog-one\"><div class=\"row\"><div class=\"col-sm-12 col-md-6 col-lg-4\"><div class=\"blog-card\"><div class=\"blog-card__image\"><img fetchpriority=\"high\" decoding=\"async\" width=\"768\" height=\"336\" src=\"https:\/\/www.marisavida.com\/wp-content\/uploads\/2026\/01\/667c771d07020cf9a207d1de_Gut-Brain-Connection-Header-1-1536x672.jpg-768x336.webp\" class=\"b-img wp-post-image\" alt=\"\" srcset=\"https:\/\/www.marisavida.com\/wp-content\/uploads\/2026\/01\/667c771d07020cf9a207d1de_Gut-Brain-Connection-Header-1-1536x672.jpg-768x336.webp 768w, https:\/\/www.marisavida.com\/wp-content\/uploads\/2026\/01\/667c771d07020cf9a207d1de_Gut-Brain-Connection-Header-1-1536x672.jpg-300x131.webp 300w, https:\/\/www.marisavida.com\/wp-content\/uploads\/2026\/01\/667c771d07020cf9a207d1de_Gut-Brain-Connection-Header-1-1536x672.jpg-1024x448.webp 1024w, https:\/\/www.marisavida.com\/wp-content\/uploads\/2026\/01\/667c771d07020cf9a207d1de_Gut-Brain-Connection-Header-1-1536x672.jpg-450x197.webp 450w, https:\/\/www.marisavida.com\/wp-content\/uploads\/2026\/01\/667c771d07020cf9a207d1de_Gut-Brain-Connection-Header-1-1536x672.jpg-980x429.webp 980w, https:\/\/www.marisavida.com\/wp-content\/uploads\/2026\/01\/667c771d07020cf9a207d1de_Gut-Brain-Connection-Header-1-1536x672.jpg.webp 1536w\" sizes=\"(max-width: 768px) 100vw, 768px\" \/><a href=\"https:\/\/www.marisavida.com\/?p=6953\"><\/a><\/div><div class=\"blog-card__content\"><div class=\"blog-card__date\"><a href=\"https:\/\/www.marisavida.com\/?m=20260121\" title=\"L-GLUTAMINA\">21 Ene<\/a><\/div><div class=\"blog-card__meta\"><\/div><h3 class=\"title\"><a href=\"https:\/\/www.marisavida.com\/?p=6953\">L-GLUTAMINA<\/a><\/h3><a class=\"thm-btn\" href=\"https:\/\/www.marisavida.com\/?p=6953\">Leer M\u00e1s<\/a><\/div><\/div><\/div><div class=\"col-sm-12 col-md-6 col-lg-4\"><div class=\"blog-card\"><div class=\"blog-card__image\"><img decoding=\"async\" width=\"768\" height=\"336\" src=\"https:\/\/www.marisavida.com\/wp-content\/uploads\/2026\/01\/Acido_Glicolico_El_secreto_de_una_piel_radiante_y_joven_con_Medik8-768x336.png\" class=\"b-img wp-post-image\" alt=\"\" srcset=\"https:\/\/www.marisavida.com\/wp-content\/uploads\/2026\/01\/Acido_Glicolico_El_secreto_de_una_piel_radiante_y_joven_con_Medik8-768x336.png 768w, https:\/\/www.marisavida.com\/wp-content\/uploads\/2026\/01\/Acido_Glicolico_El_secreto_de_una_piel_radiante_y_joven_con_Medik8-300x131.png 300w, https:\/\/www.marisavida.com\/wp-content\/uploads\/2026\/01\/Acido_Glicolico_El_secreto_de_una_piel_radiante_y_joven_con_Medik8-1024x447.png 1024w, https:\/\/www.marisavida.com\/wp-content\/uploads\/2026\/01\/Acido_Glicolico_El_secreto_de_una_piel_radiante_y_joven_con_Medik8-1536x671.png 1536w, https:\/\/www.marisavida.com\/wp-content\/uploads\/2026\/01\/Acido_Glicolico_El_secreto_de_una_piel_radiante_y_joven_con_Medik8-450x197.png 450w, https:\/\/www.marisavida.com\/wp-content\/uploads\/2026\/01\/Acido_Glicolico_El_secreto_de_una_piel_radiante_y_joven_con_Medik8-980x428.png 980w, https:\/\/www.marisavida.com\/wp-content\/uploads\/2026\/01\/Acido_Glicolico_El_secreto_de_una_piel_radiante_y_joven_con_Medik8.png 2000w\" sizes=\"(max-width: 768px) 100vw, 768px\" \/><a href=\"https:\/\/www.marisavida.com\/?p=6947\"><\/a><\/div><div class=\"blog-card__content\"><div class=\"blog-card__date\"><a href=\"https:\/\/www.marisavida.com\/?m=20260119\" title=\"\u00c1cido glic\u00f3lico\">19 Ene<\/a><\/div><div class=\"blog-card__meta\"><\/div><h3 class=\"title\"><a href=\"https:\/\/www.marisavida.com\/?p=6947\">\u00c1cido glic\u00f3lico<\/a><\/h3><a class=\"thm-btn\" href=\"https:\/\/www.marisavida.com\/?p=6947\">Leer M\u00e1s<\/a><\/div><\/div><\/div><div class=\"col-sm-12 col-md-6 col-lg-4\"><div class=\"blog-card\"><div class=\"blog-card__image\"><img decoding=\"async\" width=\"768\" height=\"383\" src=\"https:\/\/www.marisavida.com\/wp-content\/uploads\/2026\/01\/medi-colageno-768x383.jpg\" class=\"b-img wp-post-image\" alt=\"\" srcset=\"https:\/\/www.marisavida.com\/wp-content\/uploads\/2026\/01\/medi-colageno-768x383.jpg 768w, https:\/\/www.marisavida.com\/wp-content\/uploads\/2026\/01\/medi-colageno-300x150.jpg 300w, https:\/\/www.marisavida.com\/wp-content\/uploads\/2026\/01\/medi-colageno-1024x510.jpg 1024w, https:\/\/www.marisavida.com\/wp-content\/uploads\/2026\/01\/medi-colageno-450x224.jpg 450w, https:\/\/www.marisavida.com\/wp-content\/uploads\/2026\/01\/medi-colageno-980x488.jpg 980w, https:\/\/www.marisavida.com\/wp-content\/uploads\/2026\/01\/medi-colageno.jpg 1280w\" sizes=\"(max-width: 768px) 100vw, 768px\" \/><a href=\"https:\/\/www.marisavida.com\/?p=6902\"><\/a><\/div><div class=\"blog-card__content\"><div class=\"blog-card__date\"><a href=\"https:\/\/www.marisavida.com\/?m=20260115\" title=\"La importancia de consumir col\u00e1geno.\">15 Ene<\/a><\/div><div class=\"blog-card__meta\"><\/div><h3 class=\"title\"><a href=\"https:\/\/www.marisavida.com\/?p=6902\">La importancia de consumir col\u00e1geno.<\/a><\/h3><a class=\"thm-btn\" href=\"https:\/\/www.marisavida.com\/?p=6902\">Leer M\u00e1s<\/a><\/div><\/div><\/div><div class=\"col-sm-12 col-md-6 col-lg-4\"><div class=\"blog-card\"><div class=\"blog-card__image\"><img loading=\"lazy\" decoding=\"async\" width=\"768\" height=\"384\" src=\"https:\/\/www.marisavida.com\/wp-content\/uploads\/2026\/01\/opiniones-clientes-768x384.png\" class=\"b-img wp-post-image\" alt=\"\" srcset=\"https:\/\/www.marisavida.com\/wp-content\/uploads\/2026\/01\/opiniones-clientes-768x384.png 768w, https:\/\/www.marisavida.com\/wp-content\/uploads\/2026\/01\/opiniones-clientes-300x150.png 300w, https:\/\/www.marisavida.com\/wp-content\/uploads\/2026\/01\/opiniones-clientes-450x225.png 450w, https:\/\/www.marisavida.com\/wp-content\/uploads\/2026\/01\/opiniones-clientes-980x490.png 980w, https:\/\/www.marisavida.com\/wp-content\/uploads\/2026\/01\/opiniones-clientes.png 1024w\" sizes=\"(max-width: 768px) 100vw, 768px\" \/><a href=\"https:\/\/www.marisavida.com\/?p=6896\"><\/a><\/div><div class=\"blog-card__content\"><div class=\"blog-card__date\"><a href=\"https:\/\/www.marisavida.com\/?m=20260112\" title=\"Opiniones de nuestros clientes.\">12 Ene<\/a><\/div><div class=\"blog-card__meta\"><\/div><h3 class=\"title\"><a href=\"https:\/\/www.marisavida.com\/?p=6896\">Opiniones de nuestros clientes.<\/a><\/h3><a class=\"thm-btn\" href=\"https:\/\/www.marisavida.com\/?p=6896\">Leer M\u00e1s<\/a><\/div><\/div><\/div><div class=\"col-sm-12 col-md-6 col-lg-4\"><div class=\"blog-card\"><div class=\"blog-card__image\"><img loading=\"lazy\" decoding=\"async\" width=\"768\" height=\"525\" src=\"https:\/\/www.marisavida.com\/wp-content\/uploads\/2026\/01\/onagra-ecologico-768x525.jpg\" class=\"b-img wp-post-image\" alt=\"\" srcset=\"https:\/\/www.marisavida.com\/wp-content\/uploads\/2026\/01\/onagra-ecologico-768x525.jpg 768w, https:\/\/www.marisavida.com\/wp-content\/uploads\/2026\/01\/onagra-ecologico-300x205.jpg 300w, https:\/\/www.marisavida.com\/wp-content\/uploads\/2026\/01\/onagra-ecologico-450x308.jpg 450w, https:\/\/www.marisavida.com\/wp-content\/uploads\/2026\/01\/onagra-ecologico-980x670.jpg 980w, https:\/\/www.marisavida.com\/wp-content\/uploads\/2026\/01\/onagra-ecologico.jpg 1024w\" sizes=\"(max-width: 768px) 100vw, 768px\" \/><a href=\"https:\/\/www.marisavida.com\/?p=6890\"><\/a><\/div><div class=\"blog-card__content\"><div class=\"blog-card__date\"><a href=\"https:\/\/www.marisavida.com\/?m=20260112\" title=\"Onagra\">12 Ene<\/a><\/div><div class=\"blog-card__meta\"><\/div><h3 class=\"title\"><a href=\"https:\/\/www.marisavida.com\/?p=6890\">Onagra<\/a><\/h3><a class=\"thm-btn\" href=\"https:\/\/www.marisavida.com\/?p=6890\">Leer M\u00e1s<\/a><\/div><\/div><\/div><div class=\"col-sm-12 col-md-6 col-lg-4\"><div class=\"blog-card\"><div class=\"blog-card__image\"><img loading=\"lazy\" decoding=\"async\" width=\"768\" height=\"432\" src=\"https:\/\/www.marisavida.com\/wp-content\/uploads\/2026\/01\/shutterstock_1756229882-1200x675-1-768x432.jpg\" class=\"b-img wp-post-image\" alt=\"\" srcset=\"https:\/\/www.marisavida.com\/wp-content\/uploads\/2026\/01\/shutterstock_1756229882-1200x675-1-768x432.jpg 768w, https:\/\/www.marisavida.com\/wp-content\/uploads\/2026\/01\/shutterstock_1756229882-1200x675-1-300x169.jpg 300w, https:\/\/www.marisavida.com\/wp-content\/uploads\/2026\/01\/shutterstock_1756229882-1200x675-1-1024x576.jpg 1024w, https:\/\/www.marisavida.com\/wp-content\/uploads\/2026\/01\/shutterstock_1756229882-1200x675-1-450x253.jpg 450w, https:\/\/www.marisavida.com\/wp-content\/uploads\/2026\/01\/shutterstock_1756229882-1200x675-1-980x551.jpg 980w, https:\/\/www.marisavida.com\/wp-content\/uploads\/2026\/01\/shutterstock_1756229882-1200x675-1.jpg 1200w\" sizes=\"(max-width: 768px) 100vw, 768px\" \/><a href=\"https:\/\/www.marisavida.com\/?p=6885\"><\/a><\/div><div class=\"blog-card__content\"><div class=\"blog-card__date\"><a href=\"https:\/\/www.marisavida.com\/?m=20260109\" title=\"Sue\u00f1o y Melatonina\">09 Ene<\/a><\/div><div class=\"blog-card__meta\"><\/div><h3 class=\"title\"><a href=\"https:\/\/www.marisavida.com\/?p=6885\">Sue\u00f1o y Melatonina<\/a><\/h3><a class=\"thm-btn\" href=\"https:\/\/www.marisavida.com\/?p=6885\">Leer M\u00e1s<\/a><\/div><\/div><\/div><\/div><div class=\"nt-pagination d-flex justify-content-center align-items-center\"><span aria-label=\"P\u00e1gina 1\" aria-current=\"page\" class=\"page-numbers current\"><div class=\"nt-pagination-item\">1<\/div><\/span>\n<a aria-label=\"P\u00e1gina 2\" class=\"page-numbers\" href=\"https:\/\/www.marisavida.com\/index.php?rest_route=%2Fwp%2Fv2%2Fpages%2F1369&#038;paged=2\"><div class=\"nt-pagination-item\">2<\/div><\/a>\n<a aria-label=\"P\u00e1gina 3\" class=\"page-numbers\" href=\"https:\/\/www.marisavida.com\/index.php?rest_route=%2Fwp%2Fv2%2Fpages%2F1369&#038;paged=3\"><div class=\"nt-pagination-item\">3<\/div><\/a>\n<a aria-label=\"P\u00e1gina 4\" class=\"page-numbers\" href=\"https:\/\/www.marisavida.com\/index.php?rest_route=%2Fwp%2Fv2%2Fpages%2F1369&#038;paged=4\"><div class=\"nt-pagination-item\">4<\/div><\/a>\n<a class=\"next page-numbers\" href=\"https:\/\/www.marisavida.com\/index.php?rest_route=%2Fwp%2Fv2%2Fpages%2F1369&#038;paged=2\"><i class=\"fa fa-angle-right\"><\/i><\/a><\/div><\/div>\t\t\t\t<\/div>\n\t\t\t\t<\/div>\n\t\t\t\t\t<\/div>\n\t\t<\/div>\n\t\t\t\t\t<\/div>\n\t\t<\/section>\n\t\t\t\t<\/div>\n\t\t","protected":false},"excerpt":{"rendered":"<p>Blog 08 May Curiosidades Bot\u00e1nicas para Conectar con la Naturaleza Leer M\u00e1s08 Feb Comprometidos con tu Bienestar y el Planeta: As\u00ed es Marisa Vida Leer M\u00e1s08 Feb Plantas Adapt\u00f3genas para Afrontar el Estr\u00e9s Diario Leer M\u00e1s<\/p>\n","protected":false},"author":1,"featured_media":0,"parent":0,"menu_order":0,"comment_status":"closed","ping_status":"closed","template":"","meta":{"footnotes":""},"class_list":{"0":"post-1369","1":"page","2":"type-page","3":"status-publish","4":"hentry","5":"nt-post-class","6":"","10":"excerpt-none"},"_links":{"self":[{"href":"https:\/\/www.marisavida.com\/index.php?rest_route=\/wp\/v2\/pages\/1369","targetHints":{"allow":["GET"]}}],"collection":[{"href":"https:\/\/www.marisavida.com\/index.php?rest_route=\/wp\/v2\/pages"}],"about":[{"href":"https:\/\/www.marisavida.com\/index.php?rest_route=\/wp\/v2\/types\/page"}],"author":[{"embeddable":true,"href":"https:\/\/www.marisavida.com\/index.php?rest_route=\/wp\/v2\/users\/1"}],"replies":[{"embeddable":true,"href":"https:\/\/www.marisavida.com\/index.php?rest_route=%2Fwp%2Fv2%2Fcomments&post=1369"}],"version-history":[{"count":17,"href":"https:\/\/www.marisavida.com\/index.php?rest_route=\/wp\/v2\/pages\/1369\/revisions"}],"predecessor-version":[{"id":6326,"href":"https:\/\/www.marisavida.com\/index.php?rest_route=\/wp\/v2\/pages\/1369\/revisions\/6326"}],"wp:attachment":[{"href":"https:\/\/www.marisavida.com\/index.php?rest_route=%2Fwp%2Fv2%2Fmedia&parent=1369"}],"curies":[{"name":"wp","href":"https:\/\/api.w.org\/{rel}","templated":true}]}}